{"id":3750,"date":"2020-05-18T06:17:12","date_gmt":"2020-05-18T08:17:12","guid":{"rendered":"https:\/\/katanaimi.com\/about-us\/"},"modified":"2024-12-09T10:47:47","modified_gmt":"2024-12-09T12:47:47","slug":"apie-mus","status":"publish","type":"page","link":"https:\/\/katanaimi.com\/lt\/apie-mus\/","title":{"rendered":"Apie mus"},"content":{"rendered":"\t\t<div data-elementor-type=\"wp-page\" data-elementor-id=\"3750\" class=\"elementor elementor-3750 elementor-343\">\n\t\t\t\t<div class=\"elementor-element elementor-element-2acd47f e-flex e-con-boxed e-con e-parent\" data-id=\"2acd47f\" data-element_type=\"container\" data-settings=\"{&quot;background_background&quot;:&quot;classic&quot;}\">\n\t\t\t\t\t<div class=\"e-con-inner\">\n\t\t<div class=\"elementor-element elementor-element-b67edbb e-con-full e-flex e-con e-child\" data-id=\"b67edbb\" data-element_type=\"container\">\n\t\t\t\t<div class=\"elementor-element elementor-element-9035d22 elementor-widget elementor-widget-image\" data-id=\"9035d22\" data-element_type=\"widget\" data-widget_type=\"image.default\">\n\t\t\t\t<div class=\"elementor-widget-container\">\n\t\t\t\t\t\t\t\t\t\t\t\t\t<img fetchpriority=\"high\" decoding=\"async\" width=\"1024\" height=\"683\" src=\"https:\/\/katanaimi.com\/wp-content\/uploads\/2021\/09\/bg.jpg\" class=\"attachment-large size-large wp-image-857\" alt=\"\" srcset=\"https:\/\/katanaimi.com\/wp-content\/uploads\/2021\/09\/bg.jpg 2048w, https:\/\/katanaimi.com\/wp-content\/uploads\/2021\/09\/bg-800x533.jpg 800w\" sizes=\"(max-width: 1024px) 100vw, 1024px\" \/>\t\t\t\t\t\t\t\t\t\t\t\t\t<\/div>\n\t\t\t\t<\/div>\n\t\t\t\t<\/div>\n\t\t<div class=\"elementor-element elementor-element-74cb11d e-con-full e-flex e-con e-child\" data-id=\"74cb11d\" data-element_type=\"container\">\n\t\t\t\t<div class=\"elementor-element elementor-element-2ed596a elementor-widget elementor-widget-text-editor\" data-id=\"2ed596a\" data-element_type=\"widget\" data-widget_type=\"text-editor.default\">\n\t\t\t\t<div class=\"elementor-widget-container\">\n\t\t\t\t\t\t\t<p>Peili\u0173 gamyba \u2013 m\u016bs\u0173 aistra!<\/p><p>Atraskite auk\u0161\u010diausios kokyb\u0117s gaminius.<\/p><p>Savo veikloje taikome auk\u0161\u010diausios kokyb\u0117s standartus.<\/p><p>KATANAIMI gim\u0117 i\u0161 meil\u0117s peilininkyst\u0117s amatui ir kulinarijai. M\u016bs\u0173 kalviai yra turi daugiau nei 15 met\u0173 individuali\u0173 virtuvini\u0173 peili\u0173 gaminimo patirt\u012f.<\/p>\t\t\t\t\t\t<\/div>\n\t\t\t\t<\/div>\n\t\t\t\t<\/div>\n\t\t\t\t\t<\/div>\n\t\t\t\t<\/div>\n\t\t<div class=\"elementor-element elementor-element-c6ebf2e e-flex e-con-boxed e-con e-parent\" data-id=\"c6ebf2e\" data-element_type=\"container\">\n\t\t\t\t\t<div class=\"e-con-inner\">\n\t\t<div class=\"elementor-element elementor-element-68ba86d e-con-full e-flex e-con e-child\" data-id=\"68ba86d\" data-element_type=\"container\">\n\t\t\t\t<div class=\"elementor-element elementor-element-38baa32 elementor-widget elementor-widget-image\" data-id=\"38baa32\" data-element_type=\"widget\" data-widget_type=\"image.default\">\n\t\t\t\t<div class=\"elementor-widget-container\">\n\t\t\t\t\t\t\t\t\t\t\t\t\t<img decoding=\"async\" width=\"1024\" height=\"683\" src=\"https:\/\/katanaimi.com\/wp-content\/uploads\/2021\/09\/bg5-scaled.jpg\" class=\"attachment-large size-large wp-image-853\" alt=\"\" srcset=\"https:\/\/katanaimi.com\/wp-content\/uploads\/2021\/09\/bg5-scaled.jpg 2560w, https:\/\/katanaimi.com\/wp-content\/uploads\/2021\/09\/bg5-scaled-800x533.jpg 800w\" sizes=\"(max-width: 1024px) 100vw, 1024px\" \/>\t\t\t\t\t\t\t\t\t\t\t\t\t<\/div>\n\t\t\t\t<\/div>\n\t\t\t\t<\/div>\n\t\t<div class=\"elementor-element elementor-element-241450e e-con-full e-flex e-con e-child\" data-id=\"241450e\" data-element_type=\"container\">\n\t\t\t\t<div class=\"elementor-element elementor-element-342b0c5 elementor-widget elementor-widget-text-editor\" data-id=\"342b0c5\" data-element_type=\"widget\" data-widget_type=\"text-editor.default\">\n\t\t\t\t<div class=\"elementor-widget-container\">\n\t\t\t\t\t\t\t<p>Nuo\u0161ird\u017eiai tikime, kad auk\u0161tos kokyb\u0117s peiliai turi didel\u0119 \u012ftak\u0105 maisto ruo\u0161imo procesui. Po daugelio met\u0173 darbo su at\u0161ipusiu peiliu, negal\u0117site patik\u0117ti tuo, kas \u012fvyks \u012f rankas pa\u0117mus m\u016bs\u0173 gamybos peil\u012f. Naudojant ne\u012ftik\u0117tinai a\u0161tr\u0173, gerai subalansuot\u0105 ir auk\u0161tos kokyb\u0117s peil\u012f maisto produkt\u0173 pjaustymas, kapojimas ir ruo\u0161imas patiekalams yra kur kas malonesnis.<\/p>\t\t\t\t\t\t<\/div>\n\t\t\t\t<\/div>\n\t\t\t\t<\/div>\n\t\t\t\t\t<\/div>\n\t\t\t\t<\/div>\n\t\t<div class=\"elementor-element elementor-element-2915071 e-flex e-con-boxed e-con e-parent\" data-id=\"2915071\" data-element_type=\"container\" data-settings=\"{&quot;background_background&quot;:&quot;classic&quot;}\">\n\t\t\t\t\t<div class=\"e-con-inner\">\n\t\t<div class=\"elementor-element elementor-element-98d1d92 e-con-full e-flex e-con e-child\" data-id=\"98d1d92\" data-element_type=\"container\">\n\t\t\t\t<div class=\"elementor-element elementor-element-ed375eb elementor-widget elementor-widget-image\" data-id=\"ed375eb\" data-element_type=\"widget\" data-widget_type=\"image.default\">\n\t\t\t\t<div class=\"elementor-widget-container\">\n\t\t\t\t\t\t\t\t\t\t\t\t\t<img decoding=\"async\" width=\"1024\" height=\"683\" src=\"https:\/\/katanaimi.com\/wp-content\/uploads\/2021\/09\/bg3-scaled.jpg\" class=\"attachment-large size-large wp-image-855\" alt=\"\" srcset=\"https:\/\/katanaimi.com\/wp-content\/uploads\/2021\/09\/bg3-scaled.jpg 2560w, https:\/\/katanaimi.com\/wp-content\/uploads\/2021\/09\/bg3-scaled-800x533.jpg 800w\" sizes=\"(max-width: 1024px) 100vw, 1024px\" \/>\t\t\t\t\t\t\t\t\t\t\t\t\t<\/div>\n\t\t\t\t<\/div>\n\t\t\t\t<\/div>\n\t\t<div class=\"elementor-element elementor-element-3767228 e-con-full e-flex e-con e-child\" data-id=\"3767228\" data-element_type=\"container\">\n\t\t\t\t<div class=\"elementor-element elementor-element-14ba47c elementor-widget elementor-widget-text-editor\" data-id=\"14ba47c\" data-element_type=\"widget\" data-widget_type=\"text-editor.default\">\n\t\t\t\t<div class=\"elementor-widget-container\">\n\t\t\t\t\t\t\t<div class=\"zn_section_size container zn-section-height--auto zn-section-content_algn--top \"><div class=\"row \"><div id=\"eluid40467bc4\" class=\"eluid40467bc4            col-md-12 col-sm-12   znColumnElement\"><div class=\"znColumnElement-innerWrapper-eluid40467bc4 znColumnElement-innerWrapper znColumnElement-innerWrapper--valign-top znColumnElement-innerWrapper--halign-left \"><div class=\"znColumnElement-innerContent\"><div class=\"zn_custom_container eluid4f43711d  smart-cnt--default   clearfix\"><div class=\"row zn_col_container-smart_container \"><div id=\"eluid1e8d261f\" class=\"eluid1e8d261f            col-md-12 col-sm-12   znColumnElement\"><div class=\"znColumnElement-innerWrapper-eluid1e8d261f znColumnElement-innerWrapper znColumnElement-innerWrapper--valign-top znColumnElement-innerWrapper--halign-left \"><div class=\"znColumnElement-innerContent\"><div class=\"zn_custom_container eluid7eae410d  smart-cnt--default   clearfix\"><div class=\"row zn_col_container-smart_container \"><div id=\"eluidcb88a6e0\" class=\"eluidcb88a6e0            col-md-6 col-sm-6   znColumnElement\"><div class=\"znColumnElement-innerWrapper-eluidcb88a6e0 znColumnElement-innerWrapper znColumnElement-innerWrapper--valign-center znColumnElement-innerWrapper--halign-left \"><div class=\"znColumnElement-innerContent\"><div class=\"zn_text_box eluid63fbccac  zn_text_box-light element-scheme--light\"><p>M\u016bs\u0173 peiliai yra itin kruop\u0161\u010diai kaldinami, sutelkiant d\u0117mes\u012f \u012f smulkiausias detales: nuo plaktuku i\u0161kalto auk\u0161tos kokyb\u0117s anglinio plieno iki senovini\u0173 ugnies gesinimo technik\u0173. Proceso metu sukuriamas naujas \u0161ablonas ir a\u0161men\u0173 tekst\u016bra, tod\u0117l kiekvienas peilis yra unikalus ir i\u0161skirtinis.<\/p><\/div><\/div><\/div><\/div><\/div><\/div><\/div><\/div><\/div><\/div><\/div><\/div><\/div><\/div><\/div><\/div><div class=\"kl-mask kl-topmask kl-mask--mask7 mask7r kl-mask--light\">\u00a0<\/div>\t\t\t\t\t\t<\/div>\n\t\t\t\t<\/div>\n\t\t\t\t<\/div>\n\t\t\t\t\t<\/div>\n\t\t\t\t<\/div>\n\t\t\t\t<\/div>\n\t\t","protected":false},"excerpt":{"rendered":"<p>Peili\u0173 gamyba \u2013 m\u016bs\u0173 aistra! Atraskite auk\u0161\u010diausios kokyb\u0117s gaminius. Savo veikloje taikome auk\u0161\u010diausios kokyb\u0117s standartus. KATANAIMI gim\u0117 i\u0161 meil\u0117s peilininkyst\u0117s amatui ir kulinarijai. M\u016bs\u0173 kalviai yra turi daugiau nei 15 met\u0173 individuali\u0173 virtuvini\u0173 peili\u0173 gaminimo patirt\u012f. Nuo\u0161ird\u017eiai tikime, kad auk\u0161tos kokyb\u0117s peiliai turi didel\u0119 \u012ftak\u0105 maisto ruo\u0161imo procesui. Po daugelio met\u0173 darbo su at\u0161ipusiu peiliu, [&hellip;]<\/p>\n","protected":false},"author":1,"featured_media":0,"parent":0,"menu_order":0,"comment_status":"closed","ping_status":"closed","template":"","meta":{"inline_featured_image":false,"footnotes":""},"class_list":["post-3750","page","type-page","status-publish","hentry"],"blocksy_meta":{"has_hero_section":"disabled","styles_descriptor":{"styles":{"desktop":"","tablet":"","mobile":""},"google_fonts":[],"version":6},"vertical_spacing_source":"custom","content_area_spacing":"none"},"yoast_head":"<!-- This site is optimized with the Yoast SEO plugin v24.0 - https:\/\/yoast.com\/wordpress\/plugins\/seo\/ -->\n<title>Apie mus - Katanami.com<\/title>\n<meta name=\"robots\" content=\"index, follow, max-snippet:-1, max-image-preview:large, max-video-preview:-1\" \/>\n<link rel=\"canonical\" href=\"https:\/\/katanaimi.com\/lt\/apie-mus\/\" \/>\n<meta property=\"og:locale\" content=\"lt_LT\" \/>\n<meta property=\"og:type\" content=\"article\" \/>\n<meta property=\"og:title\" content=\"Apie mus - Katanami.com\" \/>\n<meta property=\"og:description\" content=\"Peili\u0173 gamyba \u2013 m\u016bs\u0173 aistra! Atraskite auk\u0161\u010diausios kokyb\u0117s gaminius. Savo veikloje taikome auk\u0161\u010diausios kokyb\u0117s standartus. KATANAIMI gim\u0117 i\u0161 meil\u0117s peilininkyst\u0117s amatui ir kulinarijai. M\u016bs\u0173 kalviai yra turi daugiau nei 15 met\u0173 individuali\u0173 virtuvini\u0173 peili\u0173 gaminimo patirt\u012f. Nuo\u0161ird\u017eiai tikime, kad auk\u0161tos kokyb\u0117s peiliai turi didel\u0119 \u012ftak\u0105 maisto ruo\u0161imo procesui. Po daugelio met\u0173 darbo su at\u0161ipusiu peiliu, [&hellip;]\" \/>\n<meta property=\"og:url\" content=\"https:\/\/katanaimi.com\/lt\/apie-mus\/\" \/>\n<meta property=\"og:site_name\" content=\"Katanami.com\" \/>\n<meta property=\"article:modified_time\" content=\"2024-12-09T12:47:47+00:00\" \/>\n<meta property=\"og:image\" content=\"https:\/\/katanaimi.com\/wp-content\/uploads\/2021\/09\/bg.jpg\" \/>\n\t<meta property=\"og:image:width\" content=\"2048\" \/>\n\t<meta property=\"og:image:height\" content=\"1365\" \/>\n\t<meta property=\"og:image:type\" content=\"image\/jpeg\" \/>\n<meta name=\"twitter:card\" content=\"summary_large_image\" \/>\n<meta name=\"twitter:label1\" content=\"Est. reading time\" \/>\n\t<meta name=\"twitter:data1\" content=\"2 minut\u0117s\" \/>\n<script type=\"application\/ld+json\" class=\"yoast-schema-graph\">{\"@context\":\"https:\/\/schema.org\",\"@graph\":[{\"@type\":\"WebPage\",\"@id\":\"https:\/\/katanaimi.com\/lt\/apie-mus\/\",\"url\":\"https:\/\/katanaimi.com\/lt\/apie-mus\/\",\"name\":\"Apie mus - Katanami.com\",\"isPartOf\":{\"@id\":\"https:\/\/katanaimi.com\/#website\"},\"primaryImageOfPage\":{\"@id\":\"https:\/\/katanaimi.com\/lt\/apie-mus\/#primaryimage\"},\"image\":{\"@id\":\"https:\/\/katanaimi.com\/lt\/apie-mus\/#primaryimage\"},\"thumbnailUrl\":\"https:\/\/katanaimi.com\/wp-content\/uploads\/2021\/09\/bg.jpg\",\"datePublished\":\"2020-05-18T08:17:12+00:00\",\"dateModified\":\"2024-12-09T12:47:47+00:00\",\"breadcrumb\":{\"@id\":\"https:\/\/katanaimi.com\/lt\/apie-mus\/#breadcrumb\"},\"inLanguage\":\"lt-LT\",\"potentialAction\":[{\"@type\":\"ReadAction\",\"target\":[\"https:\/\/katanaimi.com\/lt\/apie-mus\/\"]}]},{\"@type\":\"ImageObject\",\"inLanguage\":\"lt-LT\",\"@id\":\"https:\/\/katanaimi.com\/lt\/apie-mus\/#primaryimage\",\"url\":\"https:\/\/katanaimi.com\/wp-content\/uploads\/2021\/09\/bg.jpg\",\"contentUrl\":\"https:\/\/katanaimi.com\/wp-content\/uploads\/2021\/09\/bg.jpg\"},{\"@type\":\"BreadcrumbList\",\"@id\":\"https:\/\/katanaimi.com\/lt\/apie-mus\/#breadcrumb\",\"itemListElement\":[{\"@type\":\"ListItem\",\"position\":1,\"name\":\"Home\",\"item\":\"https:\/\/katanaimi.com\/lv\/\"},{\"@type\":\"ListItem\",\"position\":2,\"name\":\"Apie mus\"}]},{\"@type\":\"WebSite\",\"@id\":\"https:\/\/katanaimi.com\/#website\",\"url\":\"https:\/\/katanaimi.com\/\",\"name\":\"Katanami.com\",\"description\":\"Katanaimi: created out of a passion for the art of knife-making and a love of cooking.\",\"publisher\":{\"@id\":\"https:\/\/katanaimi.com\/#organization\"},\"potentialAction\":[{\"@type\":\"SearchAction\",\"target\":{\"@type\":\"EntryPoint\",\"urlTemplate\":\"https:\/\/katanaimi.com\/?s={search_term_string}\"},\"query-input\":{\"@type\":\"PropertyValueSpecification\",\"valueRequired\":true,\"valueName\":\"search_term_string\"}}],\"inLanguage\":\"lt-LT\"},{\"@type\":\"Organization\",\"@id\":\"https:\/\/katanaimi.com\/#organization\",\"name\":\"Katanami.com\",\"url\":\"https:\/\/katanaimi.com\/\",\"logo\":{\"@type\":\"ImageObject\",\"inLanguage\":\"lt-LT\",\"@id\":\"https:\/\/katanaimi.com\/#\/schema\/logo\/image\/\",\"url\":\"https:\/\/katanaimi.com\/wp-content\/uploads\/2021\/09\/logo-w.png\",\"contentUrl\":\"https:\/\/katanaimi.com\/wp-content\/uploads\/2021\/09\/logo-w.png\",\"width\":253,\"height\":108,\"caption\":\"Katanami.com\"},\"image\":{\"@id\":\"https:\/\/katanaimi.com\/#\/schema\/logo\/image\/\"}}]}<\/script>\n<!-- \/ Yoast SEO plugin. -->","yoast_head_json":{"title":"Apie mus - Katanami.com","robots":{"index":"index","follow":"follow","max-snippet":"max-snippet:-1","max-image-preview":"max-image-preview:large","max-video-preview":"max-video-preview:-1"},"canonical":"https:\/\/katanaimi.com\/lt\/apie-mus\/","og_locale":"lt_LT","og_type":"article","og_title":"Apie mus - Katanami.com","og_description":"Peili\u0173 gamyba \u2013 m\u016bs\u0173 aistra! Atraskite auk\u0161\u010diausios kokyb\u0117s gaminius. Savo veikloje taikome auk\u0161\u010diausios kokyb\u0117s standartus. KATANAIMI gim\u0117 i\u0161 meil\u0117s peilininkyst\u0117s amatui ir kulinarijai. M\u016bs\u0173 kalviai yra turi daugiau nei 15 met\u0173 individuali\u0173 virtuvini\u0173 peili\u0173 gaminimo patirt\u012f. Nuo\u0161ird\u017eiai tikime, kad auk\u0161tos kokyb\u0117s peiliai turi didel\u0119 \u012ftak\u0105 maisto ruo\u0161imo procesui. Po daugelio met\u0173 darbo su at\u0161ipusiu peiliu, [&hellip;]","og_url":"https:\/\/katanaimi.com\/lt\/apie-mus\/","og_site_name":"Katanami.com","article_modified_time":"2024-12-09T12:47:47+00:00","og_image":[{"width":2048,"height":1365,"url":"https:\/\/katanaimi.com\/wp-content\/uploads\/2021\/09\/bg.jpg","type":"image\/jpeg"}],"twitter_card":"summary_large_image","twitter_misc":{"Est. reading time":"2 minut\u0117s"},"schema":{"@context":"https:\/\/schema.org","@graph":[{"@type":"WebPage","@id":"https:\/\/katanaimi.com\/lt\/apie-mus\/","url":"https:\/\/katanaimi.com\/lt\/apie-mus\/","name":"Apie mus - Katanami.com","isPartOf":{"@id":"https:\/\/katanaimi.com\/#website"},"primaryImageOfPage":{"@id":"https:\/\/katanaimi.com\/lt\/apie-mus\/#primaryimage"},"image":{"@id":"https:\/\/katanaimi.com\/lt\/apie-mus\/#primaryimage"},"thumbnailUrl":"https:\/\/katanaimi.com\/wp-content\/uploads\/2021\/09\/bg.jpg","datePublished":"2020-05-18T08:17:12+00:00","dateModified":"2024-12-09T12:47:47+00:00","breadcrumb":{"@id":"https:\/\/katanaimi.com\/lt\/apie-mus\/#breadcrumb"},"inLanguage":"lt-LT","potentialAction":[{"@type":"ReadAction","target":["https:\/\/katanaimi.com\/lt\/apie-mus\/"]}]},{"@type":"ImageObject","inLanguage":"lt-LT","@id":"https:\/\/katanaimi.com\/lt\/apie-mus\/#primaryimage","url":"https:\/\/katanaimi.com\/wp-content\/uploads\/2021\/09\/bg.jpg","contentUrl":"https:\/\/katanaimi.com\/wp-content\/uploads\/2021\/09\/bg.jpg"},{"@type":"BreadcrumbList","@id":"https:\/\/katanaimi.com\/lt\/apie-mus\/#breadcrumb","itemListElement":[{"@type":"ListItem","position":1,"name":"Home","item":"https:\/\/katanaimi.com\/lv\/"},{"@type":"ListItem","position":2,"name":"Apie mus"}]},{"@type":"WebSite","@id":"https:\/\/katanaimi.com\/#website","url":"https:\/\/katanaimi.com\/","name":"Katanami.com","description":"Katanaimi: created out of a passion for the art of knife-making and a love of cooking.","publisher":{"@id":"https:\/\/katanaimi.com\/#organization"},"potentialAction":[{"@type":"SearchAction","target":{"@type":"EntryPoint","urlTemplate":"https:\/\/katanaimi.com\/?s={search_term_string}"},"query-input":{"@type":"PropertyValueSpecification","valueRequired":true,"valueName":"search_term_string"}}],"inLanguage":"lt-LT"},{"@type":"Organization","@id":"https:\/\/katanaimi.com\/#organization","name":"Katanami.com","url":"https:\/\/katanaimi.com\/","logo":{"@type":"ImageObject","inLanguage":"lt-LT","@id":"https:\/\/katanaimi.com\/#\/schema\/logo\/image\/","url":"https:\/\/katanaimi.com\/wp-content\/uploads\/2021\/09\/logo-w.png","contentUrl":"https:\/\/katanaimi.com\/wp-content\/uploads\/2021\/09\/logo-w.png","width":253,"height":108,"caption":"Katanami.com"},"image":{"@id":"https:\/\/katanaimi.com\/#\/schema\/logo\/image\/"}}]}},"_links":{"self":[{"href":"https:\/\/katanaimi.com\/lt\/wp-json\/wp\/v2\/pages\/3750","targetHints":{"allow":["GET"]}}],"collection":[{"href":"https:\/\/katanaimi.com\/lt\/wp-json\/wp\/v2\/pages"}],"about":[{"href":"https:\/\/katanaimi.com\/lt\/wp-json\/wp\/v2\/types\/page"}],"author":[{"embeddable":true,"href":"https:\/\/katanaimi.com\/lt\/wp-json\/wp\/v2\/users\/1"}],"replies":[{"embeddable":true,"href":"https:\/\/katanaimi.com\/lt\/wp-json\/wp\/v2\/comments?post=3750"}],"version-history":[{"count":0,"href":"https:\/\/katanaimi.com\/lt\/wp-json\/wp\/v2\/pages\/3750\/revisions"}],"wp:attachment":[{"href":"https:\/\/katanaimi.com\/lt\/wp-json\/wp\/v2\/media?parent=3750"}],"curies":[{"name":"wp","href":"https:\/\/api.w.org\/{rel}","templated":true}]}}