{"id":1956,"date":"2021-10-18T12:43:15","date_gmt":"2021-10-22T05:35:48","guid":{"rendered":"https:\/\/katanaimi.com\/shop\/kaltinisserbiskassantoku-peilis18cmbarbarian-bykatanaimi\/"},"modified":"2024-01-26T17:09:18","modified_gmt":"2024-01-26T19:09:18","slug":"kaltinisserbiskassantoku-peilis18cmbarbarian-bykatanaimi","status":"publish","type":"product","link":"https:\/\/katanaimi.com\/lt\/shop\/kaltinisserbiskassantoku-peilis18cmbarbarian-bykatanaimi\/","title":{"rendered":"KALTINIS SERBI\u0160KAS SANTOKU PEILIS 18CM BARBARIAN BYKATANAIMI"},"content":{"rendered":"<p>Kaltinis serbi\u0161kas \u0161efo peilis BARBARIAN By KATANAIMI pagamintas i\u0161 ypa\u010d tvirto plieno 5CR15MOV. Tai kokybi\u0161kiausias plienas sukurtas specialiai peili\u0173 gamybai.<br \/>\n\u0160is peilis ypatingai a\u0161trus, puikiai pjauna tiek dar\u017eov\u0117s tiek m\u0117s\u0105.<br \/>\nA\u0161men\u0173 kietumas: 57-59 HRC<br \/>\nBARBARIAN By KATANAIMI kolekcijos peiliai yra pagaminti i\u0161 auk\u0161\u010diausios kokyb\u0117s 5CR15MOV plieno. Jie yra ypatingai a\u0161tr\u016bs ir tvirti.<\/p>\n<p>\u0160ie peiliai skirti tikriems meistrams.<br \/>\n\u0160is i\u0161skirtinio dizaino profesionalus serbi\u0161kas \u0161efo peilis skirtas produkt\u0173 i\u0161pjaustymui bei pjaustymui. Puikiai pjausto ir i\u0161pjausto m\u0117s\u0105 ir kitus produktus. Jis turi ypa\u010d a\u0161trius a\u0161menis bei a\u0161tr\u0173 smaigal\u012f, kurio d\u0117ka pjaustysite lengvai ir tiksliai.<br \/>\n&#8211;<br \/>\nKaltinio serbi\u0161ko \u0161efo peilio savyb\u0117s:<br \/>\nPagamintas i\u0161 ner\u016bdijan\u010dio ypa\u010d tvirto kaltinio plieno 5CR15MOV;<br \/>\nA\u0161men\u0173 kietumas: 57 &#8211; 59 HRC<br \/>\nRankena: juodmedis<br \/>\nI\u0161matavimai: a\u0161men\u0173 ilgis: 18 cm, bendras peilio ilgis: 30 cm;<br \/>\n&#8211;<br \/>\nPeilio savyb\u0117s:<br \/>\nGele\u017et\u0117s ilgis \u2013 18 cm.<br \/>\nRankenos ilgis \u2013 12 cm.<br \/>\nRankenos plotis \u2013 3 cm.<br \/>\nA\u0161men\u0173 storis \u2013 2,5 mm.<br \/>\nA\u0161men\u0173 plotis \u2013 6 cm.<br \/>\n<img fetchpriority=\"high\" decoding=\"async\" class=\"alignnone wp-image-693\" src=\"https:\/\/katanaimi.com\/wp-content\/uploads\/2021\/09\/aprasymui.jpg\" alt=\"\" width=\"499\" height=\"181\" srcset=\"https:\/\/katanaimi.com\/wp-content\/uploads\/2021\/09\/aprasymui.jpg 1582w, https:\/\/katanaimi.com\/wp-content\/uploads\/2021\/09\/aprasymui-800x290.jpg 800w\" sizes=\"(max-width: 499px) 100vw, 499px\" \/><br \/>\nAtsparumas nusid\u0117v\u0117jimui ir korozijai.<br \/>\nYpa\u010d a\u0161tr\u016bs a\u0161menys.<br \/>\nUnikalus dizainas.<br \/>\nTikslus pj\u016bvis.<br \/>\nTvirtas ir ilgaam\u017eis \u012frankis.<br \/>\nPatogiai laikomas rankoje.<br \/>\nPjovimo kontrol\u0117 ir stabilumas.<\/p>\n<p>&nbsp;<\/p>\n<p><span style=\"color: #333333;\"><strong>Nepavyksta i\u0161rinkti dovanos mylimam \u017emogui?<\/strong><\/span><br \/>\n<strong><span style=\"color: #333333;\">Abejoji, kad ne\u012ftiksi?<\/span><\/strong><br \/>\n<span style=\"color: #ff0000;\"><strong>TURIME SPRENDIM\u0104 ! -&gt; <span style=\"font-size: 20px;\"><em><span style=\"color: #339966;\"><a style=\"color: #339966;\" href=\"https:\/\/katanaimi.com\/lt\/shop\/dovanu-kuponas\/\">Dova<\/a><\/span><\/em><\/span><\/strong><\/span><a style=\"color: #ff0000;\" href=\"https:\/\/katanaimi.com\/lt\/shop\/dovanu-kuponas\/\"><span style=\"font-size: 20px;\"><em><strong><span style=\"color: #339966;\">n\u0173 kuponas<\/span> <\/strong><\/em><\/span>!<\/a><\/p>\n<p>&nbsp;<\/p>\n","protected":false},"excerpt":{"rendered":"<p>Kaltinis serbi\u0161kas \u0161efo peilis BARBARIAN By KATANAIMI pagamintas i\u0161 ypa\u010d tvirto plieno 5CR15MOV. Tai kokybi\u0161kiausias plienas sukurtas specialiai peili\u0173 gamybai. \u0160is peilis ypatingai a\u0161trus, puikiai pjauna tiek dar\u017eov\u0117s tiek m\u0117s\u0105. A\u0161men\u0173 kietumas: 57-59 HRC BARBARIAN By KATANAIMI kolekcijos peiliai yra pagaminti i\u0161 auk\u0161\u010diausios kokyb\u0117s 5CR15MOV plieno. Jie yra ypatingai a\u0161tr\u016bs ir tvirti. \u0160ie peiliai skirti [&hellip;]<\/p>\n","protected":false},"featured_media":1079,"template":"","meta":{"inline_featured_image":false},"product_cat":[546],"product_tag":[],"giftcard-category":[],"class_list":{"0":"post-1956","1":"product","2":"type-product","3":"status-publish","4":"has-post-thumbnail","6":"product_cat-a","8":"first","9":"instock","10":"sale","11":"purchasable","12":"product-type-simple"},"yoast_head":"<!-- This site is optimized with the Yoast SEO plugin v24.0 - https:\/\/yoast.com\/wordpress\/plugins\/seo\/ -->\n<title>KALTINIS SERBI\u0160KAS SANTOKU PEILIS 18CM BARBARIAN BYKATANAIMI - Katanami.com<\/title>\n<meta name=\"robots\" content=\"index, follow, max-snippet:-1, max-image-preview:large, max-video-preview:-1\" \/>\n<link rel=\"canonical\" href=\"https:\/\/katanaimi.com\/lt\/shop\/kaltinisserbiskassantoku-peilis18cmbarbarian-bykatanaimi\/\" \/>\n<meta property=\"og:locale\" content=\"lt_LT\" \/>\n<meta property=\"og:type\" content=\"article\" \/>\n<meta property=\"og:title\" content=\"KALTINIS SERBI\u0160KAS SANTOKU PEILIS 18CM BARBARIAN BYKATANAIMI - Katanami.com\" \/>\n<meta property=\"og:description\" content=\"Kaltinis serbi\u0161kas \u0161efo peilis BARBARIAN By KATANAIMI pagamintas i\u0161 ypa\u010d tvirto plieno 5CR15MOV. Tai kokybi\u0161kiausias plienas sukurtas specialiai peili\u0173 gamybai. \u0160is peilis ypatingai a\u0161trus, puikiai pjauna tiek dar\u017eov\u0117s tiek m\u0117s\u0105. A\u0161men\u0173 kietumas: 57-59 HRC BARBARIAN By KATANAIMI kolekcijos peiliai yra pagaminti i\u0161 auk\u0161\u010diausios kokyb\u0117s 5CR15MOV plieno. Jie yra ypatingai a\u0161tr\u016bs ir tvirti. \u0160ie peiliai skirti [&hellip;]\" \/>\n<meta property=\"og:url\" content=\"https:\/\/katanaimi.com\/lt\/shop\/kaltinisserbiskassantoku-peilis18cmbarbarian-bykatanaimi\/\" \/>\n<meta property=\"og:site_name\" content=\"Katanami.com\" \/>\n<meta property=\"article:modified_time\" content=\"2024-01-26T19:09:18+00:00\" \/>\n<meta property=\"og:image\" content=\"https:\/\/katanaimi.com\/wp-content\/uploads\/2021\/09\/HK1001F.jpg\" \/>\n\t<meta property=\"og:image:width\" content=\"1000\" \/>\n\t<meta property=\"og:image:height\" content=\"1000\" \/>\n\t<meta property=\"og:image:type\" content=\"image\/jpeg\" \/>\n<meta name=\"twitter:card\" content=\"summary_large_image\" \/>\n<meta name=\"twitter:label1\" content=\"Est. reading time\" \/>\n\t<meta name=\"twitter:data1\" content=\"1 minut\u0117\" \/>\n<script type=\"application\/ld+json\" class=\"yoast-schema-graph\">{\"@context\":\"https:\/\/schema.org\",\"@graph\":[{\"@type\":\"WebPage\",\"@id\":\"https:\/\/katanaimi.com\/lt\/shop\/kaltinisserbiskassantoku-peilis18cmbarbarian-bykatanaimi\/\",\"url\":\"https:\/\/katanaimi.com\/lt\/shop\/kaltinisserbiskassantoku-peilis18cmbarbarian-bykatanaimi\/\",\"name\":\"KALTINIS SERBI\u0160KAS SANTOKU PEILIS 18CM BARBARIAN BYKATANAIMI - Katanami.com\",\"isPartOf\":{\"@id\":\"https:\/\/katanaimi.com\/#website\"},\"primaryImageOfPage\":{\"@id\":\"https:\/\/katanaimi.com\/lt\/shop\/kaltinisserbiskassantoku-peilis18cmbarbarian-bykatanaimi\/#primaryimage\"},\"image\":{\"@id\":\"https:\/\/katanaimi.com\/lt\/shop\/kaltinisserbiskassantoku-peilis18cmbarbarian-bykatanaimi\/#primaryimage\"},\"thumbnailUrl\":\"https:\/\/katanaimi.com\/wp-content\/uploads\/2021\/09\/HK1001F.jpg\",\"datePublished\":\"2021-10-22T05:35:48+00:00\",\"dateModified\":\"2024-01-26T19:09:18+00:00\",\"breadcrumb\":{\"@id\":\"https:\/\/katanaimi.com\/lt\/shop\/kaltinisserbiskassantoku-peilis18cmbarbarian-bykatanaimi\/#breadcrumb\"},\"inLanguage\":\"lt-LT\",\"potentialAction\":[{\"@type\":\"ReadAction\",\"target\":[\"https:\/\/katanaimi.com\/lt\/shop\/kaltinisserbiskassantoku-peilis18cmbarbarian-bykatanaimi\/\"]}]},{\"@type\":\"ImageObject\",\"inLanguage\":\"lt-LT\",\"@id\":\"https:\/\/katanaimi.com\/lt\/shop\/kaltinisserbiskassantoku-peilis18cmbarbarian-bykatanaimi\/#primaryimage\",\"url\":\"https:\/\/katanaimi.com\/wp-content\/uploads\/2021\/09\/HK1001F.jpg\",\"contentUrl\":\"https:\/\/katanaimi.com\/wp-content\/uploads\/2021\/09\/HK1001F.jpg\",\"width\":1000,\"height\":1000},{\"@type\":\"BreadcrumbList\",\"@id\":\"https:\/\/katanaimi.com\/lt\/shop\/kaltinisserbiskassantoku-peilis18cmbarbarian-bykatanaimi\/#breadcrumb\",\"itemListElement\":[{\"@type\":\"ListItem\",\"position\":1,\"name\":\"Home\",\"item\":\"https:\/\/katanaimi.com\/lv\/\"},{\"@type\":\"ListItem\",\"position\":2,\"name\":\"Katalogas\",\"item\":\"https:\/\/katanaimi.com\/lt\/katalogas\/\"},{\"@type\":\"ListItem\",\"position\":3,\"name\":\"KALTINIS SERBI\u0160KAS SANTOKU PEILIS 18CM BARBARIAN BYKATANAIMI\"}]},{\"@type\":\"WebSite\",\"@id\":\"https:\/\/katanaimi.com\/#website\",\"url\":\"https:\/\/katanaimi.com\/\",\"name\":\"Katanami.com\",\"description\":\"Katanaimi: created out of a passion for the art of knife-making and a love of cooking.\",\"publisher\":{\"@id\":\"https:\/\/katanaimi.com\/#organization\"},\"potentialAction\":[{\"@type\":\"SearchAction\",\"target\":{\"@type\":\"EntryPoint\",\"urlTemplate\":\"https:\/\/katanaimi.com\/?s={search_term_string}\"},\"query-input\":{\"@type\":\"PropertyValueSpecification\",\"valueRequired\":true,\"valueName\":\"search_term_string\"}}],\"inLanguage\":\"lt-LT\"},{\"@type\":\"Organization\",\"@id\":\"https:\/\/katanaimi.com\/#organization\",\"name\":\"Katanami.com\",\"url\":\"https:\/\/katanaimi.com\/\",\"logo\":{\"@type\":\"ImageObject\",\"inLanguage\":\"lt-LT\",\"@id\":\"https:\/\/katanaimi.com\/#\/schema\/logo\/image\/\",\"url\":\"https:\/\/katanaimi.com\/wp-content\/uploads\/2021\/09\/logo-w.png\",\"contentUrl\":\"https:\/\/katanaimi.com\/wp-content\/uploads\/2021\/09\/logo-w.png\",\"width\":253,\"height\":108,\"caption\":\"Katanami.com\"},\"image\":{\"@id\":\"https:\/\/katanaimi.com\/#\/schema\/logo\/image\/\"}}]}<\/script>\n<!-- \/ Yoast SEO plugin. -->","yoast_head_json":{"title":"KALTINIS SERBI\u0160KAS SANTOKU PEILIS 18CM BARBARIAN BYKATANAIMI - Katanami.com","robots":{"index":"index","follow":"follow","max-snippet":"max-snippet:-1","max-image-preview":"max-image-preview:large","max-video-preview":"max-video-preview:-1"},"canonical":"https:\/\/katanaimi.com\/lt\/shop\/kaltinisserbiskassantoku-peilis18cmbarbarian-bykatanaimi\/","og_locale":"lt_LT","og_type":"article","og_title":"KALTINIS SERBI\u0160KAS SANTOKU PEILIS 18CM BARBARIAN BYKATANAIMI - Katanami.com","og_description":"Kaltinis serbi\u0161kas \u0161efo peilis BARBARIAN By KATANAIMI pagamintas i\u0161 ypa\u010d tvirto plieno 5CR15MOV. Tai kokybi\u0161kiausias plienas sukurtas specialiai peili\u0173 gamybai. \u0160is peilis ypatingai a\u0161trus, puikiai pjauna tiek dar\u017eov\u0117s tiek m\u0117s\u0105. A\u0161men\u0173 kietumas: 57-59 HRC BARBARIAN By KATANAIMI kolekcijos peiliai yra pagaminti i\u0161 auk\u0161\u010diausios kokyb\u0117s 5CR15MOV plieno. Jie yra ypatingai a\u0161tr\u016bs ir tvirti. \u0160ie peiliai skirti [&hellip;]","og_url":"https:\/\/katanaimi.com\/lt\/shop\/kaltinisserbiskassantoku-peilis18cmbarbarian-bykatanaimi\/","og_site_name":"Katanami.com","article_modified_time":"2024-01-26T19:09:18+00:00","og_image":[{"width":1000,"height":1000,"url":"https:\/\/katanaimi.com\/wp-content\/uploads\/2021\/09\/HK1001F.jpg","type":"image\/jpeg"}],"twitter_card":"summary_large_image","twitter_misc":{"Est. reading time":"1 minut\u0117"},"schema":{"@context":"https:\/\/schema.org","@graph":[{"@type":"WebPage","@id":"https:\/\/katanaimi.com\/lt\/shop\/kaltinisserbiskassantoku-peilis18cmbarbarian-bykatanaimi\/","url":"https:\/\/katanaimi.com\/lt\/shop\/kaltinisserbiskassantoku-peilis18cmbarbarian-bykatanaimi\/","name":"KALTINIS SERBI\u0160KAS SANTOKU PEILIS 18CM BARBARIAN BYKATANAIMI - Katanami.com","isPartOf":{"@id":"https:\/\/katanaimi.com\/#website"},"primaryImageOfPage":{"@id":"https:\/\/katanaimi.com\/lt\/shop\/kaltinisserbiskassantoku-peilis18cmbarbarian-bykatanaimi\/#primaryimage"},"image":{"@id":"https:\/\/katanaimi.com\/lt\/shop\/kaltinisserbiskassantoku-peilis18cmbarbarian-bykatanaimi\/#primaryimage"},"thumbnailUrl":"https:\/\/katanaimi.com\/wp-content\/uploads\/2021\/09\/HK1001F.jpg","datePublished":"2021-10-22T05:35:48+00:00","dateModified":"2024-01-26T19:09:18+00:00","breadcrumb":{"@id":"https:\/\/katanaimi.com\/lt\/shop\/kaltinisserbiskassantoku-peilis18cmbarbarian-bykatanaimi\/#breadcrumb"},"inLanguage":"lt-LT","potentialAction":[{"@type":"ReadAction","target":["https:\/\/katanaimi.com\/lt\/shop\/kaltinisserbiskassantoku-peilis18cmbarbarian-bykatanaimi\/"]}]},{"@type":"ImageObject","inLanguage":"lt-LT","@id":"https:\/\/katanaimi.com\/lt\/shop\/kaltinisserbiskassantoku-peilis18cmbarbarian-bykatanaimi\/#primaryimage","url":"https:\/\/katanaimi.com\/wp-content\/uploads\/2021\/09\/HK1001F.jpg","contentUrl":"https:\/\/katanaimi.com\/wp-content\/uploads\/2021\/09\/HK1001F.jpg","width":1000,"height":1000},{"@type":"BreadcrumbList","@id":"https:\/\/katanaimi.com\/lt\/shop\/kaltinisserbiskassantoku-peilis18cmbarbarian-bykatanaimi\/#breadcrumb","itemListElement":[{"@type":"ListItem","position":1,"name":"Home","item":"https:\/\/katanaimi.com\/lv\/"},{"@type":"ListItem","position":2,"name":"Katalogas","item":"https:\/\/katanaimi.com\/lt\/katalogas\/"},{"@type":"ListItem","position":3,"name":"KALTINIS SERBI\u0160KAS SANTOKU PEILIS 18CM BARBARIAN BYKATANAIMI"}]},{"@type":"WebSite","@id":"https:\/\/katanaimi.com\/#website","url":"https:\/\/katanaimi.com\/","name":"Katanami.com","description":"Katanaimi: created out of a passion for the art of knife-making and a love of cooking.","publisher":{"@id":"https:\/\/katanaimi.com\/#organization"},"potentialAction":[{"@type":"SearchAction","target":{"@type":"EntryPoint","urlTemplate":"https:\/\/katanaimi.com\/?s={search_term_string}"},"query-input":{"@type":"PropertyValueSpecification","valueRequired":true,"valueName":"search_term_string"}}],"inLanguage":"lt-LT"},{"@type":"Organization","@id":"https:\/\/katanaimi.com\/#organization","name":"Katanami.com","url":"https:\/\/katanaimi.com\/","logo":{"@type":"ImageObject","inLanguage":"lt-LT","@id":"https:\/\/katanaimi.com\/#\/schema\/logo\/image\/","url":"https:\/\/katanaimi.com\/wp-content\/uploads\/2021\/09\/logo-w.png","contentUrl":"https:\/\/katanaimi.com\/wp-content\/uploads\/2021\/09\/logo-w.png","width":253,"height":108,"caption":"Katanami.com"},"image":{"@id":"https:\/\/katanaimi.com\/#\/schema\/logo\/image\/"}}]}},"_links":{"self":[{"href":"https:\/\/katanaimi.com\/lt\/wp-json\/wp\/v2\/product\/1956","targetHints":{"allow":["GET"]}}],"collection":[{"href":"https:\/\/katanaimi.com\/lt\/wp-json\/wp\/v2\/product"}],"about":[{"href":"https:\/\/katanaimi.com\/lt\/wp-json\/wp\/v2\/types\/product"}],"wp:featuredmedia":[{"embeddable":true,"href":"https:\/\/katanaimi.com\/lt\/wp-json\/wp\/v2\/media\/1079"}],"wp:attachment":[{"href":"https:\/\/katanaimi.com\/lt\/wp-json\/wp\/v2\/media?parent=1956"}],"wp:term":[{"taxonomy":"product_cat","embeddable":true,"href":"https:\/\/katanaimi.com\/lt\/wp-json\/wp\/v2\/product_cat?post=1956"},{"taxonomy":"product_tag","embeddable":true,"href":"https:\/\/katanaimi.com\/lt\/wp-json\/wp\/v2\/product_tag?post=1956"},{"taxonomy":"giftcard-category","embeddable":true,"href":"https:\/\/katanaimi.com\/lt\/wp-json\/wp\/v2\/giftcard-category?post=1956"}],"curies":[{"name":"wp","href":"https:\/\/api.w.org\/{rel}","templated":true}]}}