{"id":1971,"date":"2021-10-18T12:43:28","date_gmt":"2021-10-22T05:35:57","guid":{"rendered":"https:\/\/katanaimi.com\/shop\/daugiasluoksnio-damaskoplieno-pjovimopeilis-12cmkatanaimi\/"},"modified":"2024-01-26T17:00:24","modified_gmt":"2024-01-26T19:00:24","slug":"daugiasluoksnio-damaskoplieno-pjovimopeilis-12cmkatanaimi","status":"publish","type":"product","link":"https:\/\/katanaimi.com\/lt\/shop\/daugiasluoksnio-damaskoplieno-pjovimopeilis-12cmkatanaimi\/","title":{"rendered":"DAUGIASLUOKSNIO DAMASKO PLIENO PJOVIMO PEILIS 12CM, KATANAIMI"},"content":{"rendered":"<p>Damasko plieno peilis &#8211; i\u0161siskiria originaliais rai\u017einiais ant peilio a\u0161men\u0173. Peili\u0173 dizainas yra \u012fkv\u0117ptas tradicinio japon\u0173 kalvyst\u0117s meno.<br \/>\nTai vieni i\u0161 auk\u0161\u010diausios kokyb\u0117s ra\u0161tuoto plieno r\u016b\u0161i\u0173 peili\u0173, pagaminti i\u0161 67 sluoksni\u0173, VG-10 Damasko plieno, gele\u017et\u0117 9CR18MOV.<br \/>\nA\u0161men\u0173 kietumas: ~58\u00b12 HRC<br \/>\nTai neabejotinai virtuv\u0117je pasitarnausiantis profesionalus \u0161efo \u012frankis.<br \/>\nKATANAIMI peiliai i\u0161 kit\u0173 virtuvini\u0173 peili\u0173 i\u0161siskiria savo puikiu dizainu ir itin a\u0161triais a\u0161menimis. Peiliai gaminami vadovaujantis kard\u0173 gamintoj\u0173 patirtimi. Kiekvienas peilis gaminamas patyrusi\u0173 specialist\u0173 laikantis tradicij\u0173, naujausi\u0173 technologij\u0173 ir puikios kokyb\u0117s med\u017eiag\u0173 derinys garantuoja, kad kiekvienas pagamintas peilis b\u016bt\u0173 tikras funkcionalus meno dirbinys.<br \/>\nGele\u017et\u0117 yra pagaminta i\u0161 67-i\u0173 sluoksni\u0173 japoni\u0161ko Damasko plieno. Vidurinysis gele\u017et\u0117s sluoksnis, vadinamoji peilio gele\u017et\u0117s \u0161erdis, yra u\u017egalandama kampu. Peilio \u0161erdis pagaminta i\u0161 japoni\u0161ko VG-10 mark\u0117s plieno. VG-10 \u0161erdies plienas yra u\u017egr\u016bdinamas iki ~58\u00b12 HRC kietumo, d\u0117l to Damasko plieno virtuvinis peilis greitai neat\u0161ips ir jums neabejotinai tarnaus ilgus metus ir u\u017eims garbing\u0105 viet\u0105 j\u016bs\u0173 virtuv\u0117je.<br \/>\nVG-10 \u0161erdis yra 67-asis vidurinis sluoksnis, apsaugotas 66 kit\u0173 plieno sluoksni\u0173, sukurian\u010di\u0173 ne tik trapesn\u0117s \u0161erdies apsaug\u0105, bet ir i\u0161skirtin\u012f dizain\u0105.<br \/>\nGele\u017etis plon\u0117ja tolygiai \u012f a\u0161menis, d\u0117l to pjaustydami nejausite jokio pasiprie\u0161inimo.<br \/>\nRankena yra pagaminta i\u0161 raudonmed\u017eio medienos, kuri yra pla\u010diai \u017einoma d\u0117l savo ne\u012ftik\u0117tino stiprumo.<\/p>\n<p>Damasko plieno peilio savyb\u0117s:<br \/>\n\u00b7 Pagamintas i\u0161 ner\u016bdijan\u010dio Damasko plieno;<br \/>\n\u00b7 Rankena: raudonmedis<br \/>\n\u00b7 I\u0161matavimai: a\u0161men\u0173 ilgis: 12 cm, bendras peilio ilgis: 22 cm;<br \/>\n\u00b7<\/p>\n<p>Peilio savyb\u0117s:<br \/>\n\u00b7 Modelis \u2013 DK1001F.<br \/>\n\u00b7 Gele\u017et\u0117s ilgis \u2013 12 cm.<br \/>\n\u00b7 Rankenos ilgis \u2013 10 cm.<br \/>\n\u00b7 A\u0161men\u0173 storis \u2013 2,5 mm.<br \/>\nA\u0161men\u0173 plotis \u2013 2 cm.<br \/>\n\u012epakavimas &#8211; juoda magnetin\u0117 d\u0117\u017eut\u0117.<br \/>\n\u00b7 Atsparumas nusid\u0117v\u0117jimui ir korozijai.<br \/>\n\u00b7 Itin a\u0161tr\u016bs a\u0161menys.<br \/>\n\u00b7 Unikalus dizainas.<br \/>\n\u00b7 Tikslus pj\u016bvis.<br \/>\n\u00b7 Gra\u017ei i\u0161vaizda.<br \/>\n\u00b7 Tvirtas ir ilgaam\u017eis \u012frankis.<br \/>\n\u00b7 Patogiai laikomas rankoje.<br \/>\n\u00b7 Pjovimo kontrol\u0117 ir stabilumas.<\/p>\n<p><span style=\"color: #333333;\"><strong>Nepavyksta i\u0161rinkti dovanos mylimam \u017emogui?<\/strong><\/span><br \/>\n<strong><span style=\"color: #333333;\">Abejoji, kad ne\u012ftiksi?<\/span><\/strong><br \/>\n<span style=\"color: #ff0000;\"><strong>TURIME SPRENDIM\u0104 ! -&gt; <span style=\"font-size: 20px;\"><em><span style=\"color: #339966;\"><a style=\"color: #339966;\" href=\"https:\/\/katanaimi.com\/lt\/shop\/dovanu-kuponas\/\">Dova<\/a><\/span><\/em><\/span><\/strong><\/span><a style=\"color: #ff0000;\" href=\"https:\/\/katanaimi.com\/lt\/shop\/dovanu-kuponas\/\"><span style=\"font-size: 20px;\"><em><strong><span style=\"color: #339966;\">n\u0173 kuponas<\/span> <\/strong><\/em><\/span>!<\/a><\/p>\n<p>&nbsp;<\/p>\n","protected":false},"excerpt":{"rendered":"<p>Damasko plieno peilis &#8211; i\u0161siskiria originaliais rai\u017einiais ant peilio a\u0161men\u0173. Peili\u0173 dizainas yra \u012fkv\u0117ptas tradicinio japon\u0173 kalvyst\u0117s meno. Tai vieni i\u0161 auk\u0161\u010diausios kokyb\u0117s ra\u0161tuoto plieno r\u016b\u0161i\u0173 peili\u0173, pagaminti i\u0161 67 sluoksni\u0173, VG-10 Damasko plieno, gele\u017et\u0117 9CR18MOV. A\u0161men\u0173 kietumas: ~58\u00b12 HRC Tai neabejotinai virtuv\u0117je pasitarnausiantis profesionalus \u0161efo \u012frankis. KATANAIMI peiliai i\u0161 kit\u0173 virtuvini\u0173 peili\u0173 i\u0161siskiria savo [&hellip;]<\/p>\n","protected":false},"featured_media":2494,"template":"","meta":{"inline_featured_image":false},"product_cat":[547],"product_tag":[],"giftcard-category":[],"class_list":{"0":"post-1971","1":"product","2":"type-product","3":"status-publish","4":"has-post-thumbnail","6":"product_cat-japoniski-damascus-vireju-peiliai","8":"first","9":"instock","10":"sale","11":"purchasable","12":"product-type-simple"},"yoast_head":"<!-- This site is optimized with the Yoast SEO plugin v24.0 - https:\/\/yoast.com\/wordpress\/plugins\/seo\/ -->\n<title>DAUGIASLUOKSNIO DAMASKO PLIENO PJOVIMO PEILIS 12CM, KATANAIMI - Katanami.com<\/title>\n<meta name=\"robots\" content=\"index, follow, max-snippet:-1, max-image-preview:large, max-video-preview:-1\" \/>\n<link rel=\"canonical\" href=\"https:\/\/katanaimi.com\/lt\/shop\/daugiasluoksnio-damaskoplieno-pjovimopeilis-12cmkatanaimi\/\" \/>\n<meta property=\"og:locale\" content=\"lt_LT\" \/>\n<meta property=\"og:type\" content=\"article\" \/>\n<meta property=\"og:title\" content=\"DAUGIASLUOKSNIO DAMASKO PLIENO PJOVIMO PEILIS 12CM, KATANAIMI - Katanami.com\" \/>\n<meta property=\"og:description\" content=\"Damasko plieno peilis &#8211; i\u0161siskiria originaliais rai\u017einiais ant peilio a\u0161men\u0173. Peili\u0173 dizainas yra \u012fkv\u0117ptas tradicinio japon\u0173 kalvyst\u0117s meno. Tai vieni i\u0161 auk\u0161\u010diausios kokyb\u0117s ra\u0161tuoto plieno r\u016b\u0161i\u0173 peili\u0173, pagaminti i\u0161 67 sluoksni\u0173, VG-10 Damasko plieno, gele\u017et\u0117 9CR18MOV. A\u0161men\u0173 kietumas: ~58\u00b12 HRC Tai neabejotinai virtuv\u0117je pasitarnausiantis profesionalus \u0161efo \u012frankis. KATANAIMI peiliai i\u0161 kit\u0173 virtuvini\u0173 peili\u0173 i\u0161siskiria savo [&hellip;]\" \/>\n<meta property=\"og:url\" content=\"https:\/\/katanaimi.com\/lt\/shop\/daugiasluoksnio-damaskoplieno-pjovimopeilis-12cmkatanaimi\/\" \/>\n<meta property=\"og:site_name\" content=\"Katanami.com\" \/>\n<meta property=\"article:modified_time\" content=\"2024-01-26T19:00:24+00:00\" \/>\n<meta property=\"og:image\" content=\"https:\/\/katanaimi.com\/wp-content\/uploads\/2021\/10\/DK1001F-5inch-1-scaled.jpg\" \/>\n\t<meta property=\"og:image:width\" content=\"2560\" \/>\n\t<meta property=\"og:image:height\" content=\"1924\" \/>\n\t<meta property=\"og:image:type\" content=\"image\/jpeg\" \/>\n<meta name=\"twitter:card\" content=\"summary_large_image\" \/>\n<meta name=\"twitter:label1\" content=\"Est. reading time\" \/>\n\t<meta name=\"twitter:data1\" content=\"2 minut\u0117s\" \/>\n<script type=\"application\/ld+json\" class=\"yoast-schema-graph\">{\"@context\":\"https:\/\/schema.org\",\"@graph\":[{\"@type\":\"WebPage\",\"@id\":\"https:\/\/katanaimi.com\/lt\/shop\/daugiasluoksnio-damaskoplieno-pjovimopeilis-12cmkatanaimi\/\",\"url\":\"https:\/\/katanaimi.com\/lt\/shop\/daugiasluoksnio-damaskoplieno-pjovimopeilis-12cmkatanaimi\/\",\"name\":\"DAUGIASLUOKSNIO DAMASKO PLIENO PJOVIMO PEILIS 12CM, KATANAIMI - Katanami.com\",\"isPartOf\":{\"@id\":\"https:\/\/katanaimi.com\/#website\"},\"primaryImageOfPage\":{\"@id\":\"https:\/\/katanaimi.com\/lt\/shop\/daugiasluoksnio-damaskoplieno-pjovimopeilis-12cmkatanaimi\/#primaryimage\"},\"image\":{\"@id\":\"https:\/\/katanaimi.com\/lt\/shop\/daugiasluoksnio-damaskoplieno-pjovimopeilis-12cmkatanaimi\/#primaryimage\"},\"thumbnailUrl\":\"https:\/\/katanaimi.com\/wp-content\/uploads\/2021\/10\/DK1001F-5inch-1-scaled.jpg\",\"datePublished\":\"2021-10-22T05:35:57+00:00\",\"dateModified\":\"2024-01-26T19:00:24+00:00\",\"breadcrumb\":{\"@id\":\"https:\/\/katanaimi.com\/lt\/shop\/daugiasluoksnio-damaskoplieno-pjovimopeilis-12cmkatanaimi\/#breadcrumb\"},\"inLanguage\":\"lt-LT\",\"potentialAction\":[{\"@type\":\"ReadAction\",\"target\":[\"https:\/\/katanaimi.com\/lt\/shop\/daugiasluoksnio-damaskoplieno-pjovimopeilis-12cmkatanaimi\/\"]}]},{\"@type\":\"ImageObject\",\"inLanguage\":\"lt-LT\",\"@id\":\"https:\/\/katanaimi.com\/lt\/shop\/daugiasluoksnio-damaskoplieno-pjovimopeilis-12cmkatanaimi\/#primaryimage\",\"url\":\"https:\/\/katanaimi.com\/wp-content\/uploads\/2021\/10\/DK1001F-5inch-1-scaled.jpg\",\"contentUrl\":\"https:\/\/katanaimi.com\/wp-content\/uploads\/2021\/10\/DK1001F-5inch-1-scaled.jpg\",\"width\":2560,\"height\":1924},{\"@type\":\"BreadcrumbList\",\"@id\":\"https:\/\/katanaimi.com\/lt\/shop\/daugiasluoksnio-damaskoplieno-pjovimopeilis-12cmkatanaimi\/#breadcrumb\",\"itemListElement\":[{\"@type\":\"ListItem\",\"position\":1,\"name\":\"Home\",\"item\":\"https:\/\/katanaimi.com\/lv\/\"},{\"@type\":\"ListItem\",\"position\":2,\"name\":\"Katalogas\",\"item\":\"https:\/\/katanaimi.com\/lt\/katalogas\/\"},{\"@type\":\"ListItem\",\"position\":3,\"name\":\"DAUGIASLUOKSNIO DAMASKO PLIENO PJOVIMO PEILIS 12CM, KATANAIMI\"}]},{\"@type\":\"WebSite\",\"@id\":\"https:\/\/katanaimi.com\/#website\",\"url\":\"https:\/\/katanaimi.com\/\",\"name\":\"Katanami.com\",\"description\":\"Katanaimi: created out of a passion for the art of knife-making and a love of cooking.\",\"publisher\":{\"@id\":\"https:\/\/katanaimi.com\/#organization\"},\"potentialAction\":[{\"@type\":\"SearchAction\",\"target\":{\"@type\":\"EntryPoint\",\"urlTemplate\":\"https:\/\/katanaimi.com\/?s={search_term_string}\"},\"query-input\":{\"@type\":\"PropertyValueSpecification\",\"valueRequired\":true,\"valueName\":\"search_term_string\"}}],\"inLanguage\":\"lt-LT\"},{\"@type\":\"Organization\",\"@id\":\"https:\/\/katanaimi.com\/#organization\",\"name\":\"Katanami.com\",\"url\":\"https:\/\/katanaimi.com\/\",\"logo\":{\"@type\":\"ImageObject\",\"inLanguage\":\"lt-LT\",\"@id\":\"https:\/\/katanaimi.com\/#\/schema\/logo\/image\/\",\"url\":\"https:\/\/katanaimi.com\/wp-content\/uploads\/2021\/09\/logo-w.png\",\"contentUrl\":\"https:\/\/katanaimi.com\/wp-content\/uploads\/2021\/09\/logo-w.png\",\"width\":253,\"height\":108,\"caption\":\"Katanami.com\"},\"image\":{\"@id\":\"https:\/\/katanaimi.com\/#\/schema\/logo\/image\/\"}}]}<\/script>\n<!-- \/ Yoast SEO plugin. -->","yoast_head_json":{"title":"DAUGIASLUOKSNIO DAMASKO PLIENO PJOVIMO PEILIS 12CM, KATANAIMI - Katanami.com","robots":{"index":"index","follow":"follow","max-snippet":"max-snippet:-1","max-image-preview":"max-image-preview:large","max-video-preview":"max-video-preview:-1"},"canonical":"https:\/\/katanaimi.com\/lt\/shop\/daugiasluoksnio-damaskoplieno-pjovimopeilis-12cmkatanaimi\/","og_locale":"lt_LT","og_type":"article","og_title":"DAUGIASLUOKSNIO DAMASKO PLIENO PJOVIMO PEILIS 12CM, KATANAIMI - Katanami.com","og_description":"Damasko plieno peilis &#8211; i\u0161siskiria originaliais rai\u017einiais ant peilio a\u0161men\u0173. Peili\u0173 dizainas yra \u012fkv\u0117ptas tradicinio japon\u0173 kalvyst\u0117s meno. Tai vieni i\u0161 auk\u0161\u010diausios kokyb\u0117s ra\u0161tuoto plieno r\u016b\u0161i\u0173 peili\u0173, pagaminti i\u0161 67 sluoksni\u0173, VG-10 Damasko plieno, gele\u017et\u0117 9CR18MOV. A\u0161men\u0173 kietumas: ~58\u00b12 HRC Tai neabejotinai virtuv\u0117je pasitarnausiantis profesionalus \u0161efo \u012frankis. KATANAIMI peiliai i\u0161 kit\u0173 virtuvini\u0173 peili\u0173 i\u0161siskiria savo [&hellip;]","og_url":"https:\/\/katanaimi.com\/lt\/shop\/daugiasluoksnio-damaskoplieno-pjovimopeilis-12cmkatanaimi\/","og_site_name":"Katanami.com","article_modified_time":"2024-01-26T19:00:24+00:00","og_image":[{"width":2560,"height":1924,"url":"https:\/\/katanaimi.com\/wp-content\/uploads\/2021\/10\/DK1001F-5inch-1-scaled.jpg","type":"image\/jpeg"}],"twitter_card":"summary_large_image","twitter_misc":{"Est. reading time":"2 minut\u0117s"},"schema":{"@context":"https:\/\/schema.org","@graph":[{"@type":"WebPage","@id":"https:\/\/katanaimi.com\/lt\/shop\/daugiasluoksnio-damaskoplieno-pjovimopeilis-12cmkatanaimi\/","url":"https:\/\/katanaimi.com\/lt\/shop\/daugiasluoksnio-damaskoplieno-pjovimopeilis-12cmkatanaimi\/","name":"DAUGIASLUOKSNIO DAMASKO PLIENO PJOVIMO PEILIS 12CM, KATANAIMI - Katanami.com","isPartOf":{"@id":"https:\/\/katanaimi.com\/#website"},"primaryImageOfPage":{"@id":"https:\/\/katanaimi.com\/lt\/shop\/daugiasluoksnio-damaskoplieno-pjovimopeilis-12cmkatanaimi\/#primaryimage"},"image":{"@id":"https:\/\/katanaimi.com\/lt\/shop\/daugiasluoksnio-damaskoplieno-pjovimopeilis-12cmkatanaimi\/#primaryimage"},"thumbnailUrl":"https:\/\/katanaimi.com\/wp-content\/uploads\/2021\/10\/DK1001F-5inch-1-scaled.jpg","datePublished":"2021-10-22T05:35:57+00:00","dateModified":"2024-01-26T19:00:24+00:00","breadcrumb":{"@id":"https:\/\/katanaimi.com\/lt\/shop\/daugiasluoksnio-damaskoplieno-pjovimopeilis-12cmkatanaimi\/#breadcrumb"},"inLanguage":"lt-LT","potentialAction":[{"@type":"ReadAction","target":["https:\/\/katanaimi.com\/lt\/shop\/daugiasluoksnio-damaskoplieno-pjovimopeilis-12cmkatanaimi\/"]}]},{"@type":"ImageObject","inLanguage":"lt-LT","@id":"https:\/\/katanaimi.com\/lt\/shop\/daugiasluoksnio-damaskoplieno-pjovimopeilis-12cmkatanaimi\/#primaryimage","url":"https:\/\/katanaimi.com\/wp-content\/uploads\/2021\/10\/DK1001F-5inch-1-scaled.jpg","contentUrl":"https:\/\/katanaimi.com\/wp-content\/uploads\/2021\/10\/DK1001F-5inch-1-scaled.jpg","width":2560,"height":1924},{"@type":"BreadcrumbList","@id":"https:\/\/katanaimi.com\/lt\/shop\/daugiasluoksnio-damaskoplieno-pjovimopeilis-12cmkatanaimi\/#breadcrumb","itemListElement":[{"@type":"ListItem","position":1,"name":"Home","item":"https:\/\/katanaimi.com\/lv\/"},{"@type":"ListItem","position":2,"name":"Katalogas","item":"https:\/\/katanaimi.com\/lt\/katalogas\/"},{"@type":"ListItem","position":3,"name":"DAUGIASLUOKSNIO DAMASKO PLIENO PJOVIMO PEILIS 12CM, KATANAIMI"}]},{"@type":"WebSite","@id":"https:\/\/katanaimi.com\/#website","url":"https:\/\/katanaimi.com\/","name":"Katanami.com","description":"Katanaimi: created out of a passion for the art of knife-making and a love of cooking.","publisher":{"@id":"https:\/\/katanaimi.com\/#organization"},"potentialAction":[{"@type":"SearchAction","target":{"@type":"EntryPoint","urlTemplate":"https:\/\/katanaimi.com\/?s={search_term_string}"},"query-input":{"@type":"PropertyValueSpecification","valueRequired":true,"valueName":"search_term_string"}}],"inLanguage":"lt-LT"},{"@type":"Organization","@id":"https:\/\/katanaimi.com\/#organization","name":"Katanami.com","url":"https:\/\/katanaimi.com\/","logo":{"@type":"ImageObject","inLanguage":"lt-LT","@id":"https:\/\/katanaimi.com\/#\/schema\/logo\/image\/","url":"https:\/\/katanaimi.com\/wp-content\/uploads\/2021\/09\/logo-w.png","contentUrl":"https:\/\/katanaimi.com\/wp-content\/uploads\/2021\/09\/logo-w.png","width":253,"height":108,"caption":"Katanami.com"},"image":{"@id":"https:\/\/katanaimi.com\/#\/schema\/logo\/image\/"}}]}},"_links":{"self":[{"href":"https:\/\/katanaimi.com\/lt\/wp-json\/wp\/v2\/product\/1971","targetHints":{"allow":["GET"]}}],"collection":[{"href":"https:\/\/katanaimi.com\/lt\/wp-json\/wp\/v2\/product"}],"about":[{"href":"https:\/\/katanaimi.com\/lt\/wp-json\/wp\/v2\/types\/product"}],"wp:featuredmedia":[{"embeddable":true,"href":"https:\/\/katanaimi.com\/lt\/wp-json\/wp\/v2\/media\/2494"}],"wp:attachment":[{"href":"https:\/\/katanaimi.com\/lt\/wp-json\/wp\/v2\/media?parent=1971"}],"wp:term":[{"taxonomy":"product_cat","embeddable":true,"href":"https:\/\/katanaimi.com\/lt\/wp-json\/wp\/v2\/product_cat?post=1971"},{"taxonomy":"product_tag","embeddable":true,"href":"https:\/\/katanaimi.com\/lt\/wp-json\/wp\/v2\/product_tag?post=1971"},{"taxonomy":"giftcard-category","embeddable":true,"href":"https:\/\/katanaimi.com\/lt\/wp-json\/wp\/v2\/giftcard-category?post=1971"}],"curies":[{"name":"wp","href":"https:\/\/api.w.org\/{rel}","templated":true}]}}