{"id":1976,"date":"2021-10-18T12:43:28","date_gmt":"2021-10-22T05:35:57","guid":{"rendered":"https:\/\/katanaimi.com\/shop\/japoniskodamaskoplieno-peilisgokujo-15cmkatanaimi\/"},"modified":"2024-01-26T17:02:25","modified_gmt":"2024-01-26T19:02:25","slug":"japonisko-damasko-plieno-peilis-gokujo-15cm-katanaimi","status":"publish","type":"product","link":"https:\/\/katanaimi.com\/lt\/shop\/japonisko-damasko-plieno-peilis-gokujo-15cm-katanaimi\/","title":{"rendered":"JAPONI\u0160KO DAMASKO PLIENO PEILIS GOKUJO 15CM KATANAIMI"},"content":{"rendered":"<p>Virtuvinis Damasko plieno peilis &#8211; \u012fprastas \u0161iuolaikin\u0117s virtuv\u0117s atributas, o jo gro\u017eis ir kokyb\u0117 nepalieka abejing\u0173.<br \/>\nTai vieni i\u0161 auk\u0161\u010diausios kokyb\u0117s ra\u0161tuoto plieno r\u016b\u0161i\u0173 peili\u0173, pagaminti i\u0161 Japoni\u0161ko 73 sluoksni\u0173 AUS-10 Damasko plieno.<br \/>\nA\u0161men\u0173 kietumas: ~62\u00b11 HRC<br \/>\nJaponi\u0161ko Damasko plieno peilis Gokujo 15 cm KATANAIMI<\/p>\n<p>Katanaimi kolekcijos peiliai yra pagaminti i\u0161 auk\u0161\u010diausios kokyb\u0117s Japoni\u0161ko 73 sluoksni\u0173, AUS-10 plieno. Jie yra ypatingai a\u0161tr\u016bs, tvirti ir vir\u0161uje turi \u012fpjovas, kurios neleid\u017eia riebaluotiems, aliejuotiems bei krakmolingiems produktams prilipti prie peilio.<br \/>\nSkirtingas plieno spalvas skiria plonas, baltas, kar\u0161\u010diui atsparus \u017eiedas, kuris leid\u017eia tiek plienui, tiek medienai saugiai pl\u0117stis bei susitraukti \u012fvairiais grei\u010diais ypatingai auk\u0161tose temperat\u016brose.<\/p>\n<p>\u0160ie peiliai skirti tikriems virtuv\u0117ms meistrams.<\/p>\n<p>\u0160is i\u0161skirtinio dizaino profesionalus \u0161efo peilis skirtas produkt\u0173 i\u0161pjaustymui bei pjaustymui. Jis turi ypa\u010d a\u0161trius a\u0161menis bei a\u0161tr\u0173 smaigal\u012f, kurio d\u0117ka pjaustysite lengvai ir tiksliai.<br \/>\n&#8211;<br \/>\nDamasko plieno peilio savyb\u0117s:<br \/>\n&#8211;<br \/>\nPagamintas i\u0161 auk\u0161tos kokyb\u0117s Japoni\u0161ko AUS-10 Damasko plieno;<br \/>\nA\u0161men\u0173 kietumas: ~62\u00b11 HR<br \/>\nRankena: G10<br \/>\nI\u0161matavimai: a\u0161men\u0173 ilgis: 15 cm, bendras peilio ilgis: 26 cm;<br \/>\n&#8211;<br \/>\nPeilio savyb\u0117s:<br \/>\nGele\u017et\u0117s ilgis \u2013 15 cm<br \/>\nRankenos ilgis \u2013 11 cm<br \/>\nA\u0161men\u0173 storis \u2013 1,5 cm.<br \/>\nAtsparumas nusid\u0117v\u0117jimui ir korozijai.<br \/>\nYpa\u010d a\u0161tr\u016bs a\u0161menys.<br \/>\nUnikalus dizainas.<br \/>\nTikslus pj\u016bvis.<br \/>\nGra\u017ei i\u0161vaizda.<br \/>\nTvirtas ir ilgaam\u017eis \u012frankis.<br \/>\nPatogiai laikomas rankoje.<br \/>\nPjovimo kontrol\u0117 ir stabilumas.<\/p>\n<p>&nbsp;<\/p>\n<p><span style=\"color: #333333;\"><strong>Nepavyksta i\u0161rinkti dovanos mylimam \u017emogui?<\/strong><\/span><br \/>\n<strong><span style=\"color: #333333;\">Abejoji, kad ne\u012ftiksi?<\/span><\/strong><br \/>\n<span style=\"color: #ff0000;\"><strong>TURIME SPRENDIM\u0104 ! -&gt; <span style=\"font-size: 20px;\"><em><span style=\"color: #339966;\"><a style=\"color: #339966;\" href=\"https:\/\/katanaimi.com\/lt\/shop\/dovanu-kuponas\/\">Dova<\/a><\/span><\/em><\/span><\/strong><\/span><a style=\"color: #ff0000;\" href=\"https:\/\/katanaimi.com\/lt\/shop\/dovanu-kuponas\/\"><span style=\"font-size: 20px;\"><em><strong><span style=\"color: #339966;\">n\u0173 kuponas<\/span> <\/strong><\/em><\/span>!<\/a><\/p>\n<p>&nbsp;<\/p>\n","protected":false},"excerpt":{"rendered":"<p>Virtuvinis Damasko plieno peilis &#8211; \u012fprastas \u0161iuolaikin\u0117s virtuv\u0117s atributas, o jo gro\u017eis ir kokyb\u0117 nepalieka abejing\u0173. Tai vieni i\u0161 auk\u0161\u010diausios kokyb\u0117s ra\u0161tuoto plieno r\u016b\u0161i\u0173 peili\u0173, pagaminti i\u0161 Japoni\u0161ko 73 sluoksni\u0173 AUS-10 Damasko plieno. A\u0161men\u0173 kietumas: ~62\u00b11 HRC Japoni\u0161ko Damasko plieno peilis Gokujo 15 cm KATANAIMI Katanaimi kolekcijos peiliai yra pagaminti i\u0161 auk\u0161\u010diausios kokyb\u0117s Japoni\u0161ko 73 [&hellip;]<\/p>\n","protected":false},"featured_media":1291,"template":"","meta":{"inline_featured_image":false},"product_cat":[547],"product_tag":[],"giftcard-category":[],"class_list":{"0":"post-1976","1":"product","2":"type-product","3":"status-publish","4":"has-post-thumbnail","6":"product_cat-japoniski-damascus-vireju-peiliai","8":"first","9":"instock","10":"sale","11":"purchasable","12":"product-type-simple"},"yoast_head":"<!-- This site is optimized with the Yoast SEO plugin v24.0 - https:\/\/yoast.com\/wordpress\/plugins\/seo\/ -->\n<title>JAPONI\u0160KO DAMASKO PLIENO PEILIS GOKUJO 15CM KATANAIMI - Katanami.com<\/title>\n<meta name=\"robots\" content=\"index, follow, max-snippet:-1, max-image-preview:large, max-video-preview:-1\" \/>\n<link rel=\"canonical\" href=\"https:\/\/katanaimi.com\/lt\/shop\/japonisko-damasko-plieno-peilis-gokujo-15cm-katanaimi\/\" \/>\n<meta property=\"og:locale\" content=\"lt_LT\" \/>\n<meta property=\"og:type\" content=\"article\" \/>\n<meta property=\"og:title\" content=\"JAPONI\u0160KO DAMASKO PLIENO PEILIS GOKUJO 15CM KATANAIMI - Katanami.com\" \/>\n<meta property=\"og:description\" content=\"Virtuvinis Damasko plieno peilis &#8211; \u012fprastas \u0161iuolaikin\u0117s virtuv\u0117s atributas, o jo gro\u017eis ir kokyb\u0117 nepalieka abejing\u0173. Tai vieni i\u0161 auk\u0161\u010diausios kokyb\u0117s ra\u0161tuoto plieno r\u016b\u0161i\u0173 peili\u0173, pagaminti i\u0161 Japoni\u0161ko 73 sluoksni\u0173 AUS-10 Damasko plieno. A\u0161men\u0173 kietumas: ~62\u00b11 HRC Japoni\u0161ko Damasko plieno peilis Gokujo 15 cm KATANAIMI Katanaimi kolekcijos peiliai yra pagaminti i\u0161 auk\u0161\u010diausios kokyb\u0117s Japoni\u0161ko 73 [&hellip;]\" \/>\n<meta property=\"og:url\" content=\"https:\/\/katanaimi.com\/lt\/shop\/japonisko-damasko-plieno-peilis-gokujo-15cm-katanaimi\/\" \/>\n<meta property=\"og:site_name\" content=\"Katanami.com\" \/>\n<meta property=\"article:modified_time\" content=\"2024-01-26T19:02:25+00:00\" \/>\n<meta property=\"og:image\" content=\"https:\/\/katanaimi.com\/wp-content\/uploads\/2021\/09\/DK-1033F1-scaled.jpg\" \/>\n\t<meta property=\"og:image:width\" content=\"2560\" \/>\n\t<meta property=\"og:image:height\" content=\"2099\" \/>\n\t<meta property=\"og:image:type\" content=\"image\/jpeg\" \/>\n<meta name=\"twitter:card\" content=\"summary_large_image\" \/>\n<meta name=\"twitter:label1\" content=\"Est. reading time\" \/>\n\t<meta name=\"twitter:data1\" content=\"1 minut\u0117\" \/>\n<script type=\"application\/ld+json\" class=\"yoast-schema-graph\">{\"@context\":\"https:\/\/schema.org\",\"@graph\":[{\"@type\":\"WebPage\",\"@id\":\"https:\/\/katanaimi.com\/lt\/shop\/japonisko-damasko-plieno-peilis-gokujo-15cm-katanaimi\/\",\"url\":\"https:\/\/katanaimi.com\/lt\/shop\/japonisko-damasko-plieno-peilis-gokujo-15cm-katanaimi\/\",\"name\":\"JAPONI\u0160KO DAMASKO PLIENO PEILIS GOKUJO 15CM KATANAIMI - Katanami.com\",\"isPartOf\":{\"@id\":\"https:\/\/katanaimi.com\/#website\"},\"primaryImageOfPage\":{\"@id\":\"https:\/\/katanaimi.com\/lt\/shop\/japonisko-damasko-plieno-peilis-gokujo-15cm-katanaimi\/#primaryimage\"},\"image\":{\"@id\":\"https:\/\/katanaimi.com\/lt\/shop\/japonisko-damasko-plieno-peilis-gokujo-15cm-katanaimi\/#primaryimage\"},\"thumbnailUrl\":\"https:\/\/katanaimi.com\/wp-content\/uploads\/2021\/09\/DK-1033F1-scaled.jpg\",\"datePublished\":\"2021-10-22T05:35:57+00:00\",\"dateModified\":\"2024-01-26T19:02:25+00:00\",\"breadcrumb\":{\"@id\":\"https:\/\/katanaimi.com\/lt\/shop\/japonisko-damasko-plieno-peilis-gokujo-15cm-katanaimi\/#breadcrumb\"},\"inLanguage\":\"lt-LT\",\"potentialAction\":[{\"@type\":\"ReadAction\",\"target\":[\"https:\/\/katanaimi.com\/lt\/shop\/japonisko-damasko-plieno-peilis-gokujo-15cm-katanaimi\/\"]}]},{\"@type\":\"ImageObject\",\"inLanguage\":\"lt-LT\",\"@id\":\"https:\/\/katanaimi.com\/lt\/shop\/japonisko-damasko-plieno-peilis-gokujo-15cm-katanaimi\/#primaryimage\",\"url\":\"https:\/\/katanaimi.com\/wp-content\/uploads\/2021\/09\/DK-1033F1-scaled.jpg\",\"contentUrl\":\"https:\/\/katanaimi.com\/wp-content\/uploads\/2021\/09\/DK-1033F1-scaled.jpg\",\"width\":2560,\"height\":2099},{\"@type\":\"BreadcrumbList\",\"@id\":\"https:\/\/katanaimi.com\/lt\/shop\/japonisko-damasko-plieno-peilis-gokujo-15cm-katanaimi\/#breadcrumb\",\"itemListElement\":[{\"@type\":\"ListItem\",\"position\":1,\"name\":\"Home\",\"item\":\"https:\/\/katanaimi.com\/lv\/\"},{\"@type\":\"ListItem\",\"position\":2,\"name\":\"Katalogas\",\"item\":\"https:\/\/katanaimi.com\/lt\/katalogas\/\"},{\"@type\":\"ListItem\",\"position\":3,\"name\":\"JAPONI\u0160KO DAMASKO PLIENO PEILIS GOKUJO 15CM KATANAIMI\"}]},{\"@type\":\"WebSite\",\"@id\":\"https:\/\/katanaimi.com\/#website\",\"url\":\"https:\/\/katanaimi.com\/\",\"name\":\"Katanami.com\",\"description\":\"Katanaimi: created out of a passion for the art of knife-making and a love of cooking.\",\"publisher\":{\"@id\":\"https:\/\/katanaimi.com\/#organization\"},\"potentialAction\":[{\"@type\":\"SearchAction\",\"target\":{\"@type\":\"EntryPoint\",\"urlTemplate\":\"https:\/\/katanaimi.com\/?s={search_term_string}\"},\"query-input\":{\"@type\":\"PropertyValueSpecification\",\"valueRequired\":true,\"valueName\":\"search_term_string\"}}],\"inLanguage\":\"lt-LT\"},{\"@type\":\"Organization\",\"@id\":\"https:\/\/katanaimi.com\/#organization\",\"name\":\"Katanami.com\",\"url\":\"https:\/\/katanaimi.com\/\",\"logo\":{\"@type\":\"ImageObject\",\"inLanguage\":\"lt-LT\",\"@id\":\"https:\/\/katanaimi.com\/#\/schema\/logo\/image\/\",\"url\":\"https:\/\/katanaimi.com\/wp-content\/uploads\/2021\/09\/logo-w.png\",\"contentUrl\":\"https:\/\/katanaimi.com\/wp-content\/uploads\/2021\/09\/logo-w.png\",\"width\":253,\"height\":108,\"caption\":\"Katanami.com\"},\"image\":{\"@id\":\"https:\/\/katanaimi.com\/#\/schema\/logo\/image\/\"}}]}<\/script>\n<!-- \/ Yoast SEO plugin. -->","yoast_head_json":{"title":"JAPONI\u0160KO DAMASKO PLIENO PEILIS GOKUJO 15CM KATANAIMI - Katanami.com","robots":{"index":"index","follow":"follow","max-snippet":"max-snippet:-1","max-image-preview":"max-image-preview:large","max-video-preview":"max-video-preview:-1"},"canonical":"https:\/\/katanaimi.com\/lt\/shop\/japonisko-damasko-plieno-peilis-gokujo-15cm-katanaimi\/","og_locale":"lt_LT","og_type":"article","og_title":"JAPONI\u0160KO DAMASKO PLIENO PEILIS GOKUJO 15CM KATANAIMI - Katanami.com","og_description":"Virtuvinis Damasko plieno peilis &#8211; \u012fprastas \u0161iuolaikin\u0117s virtuv\u0117s atributas, o jo gro\u017eis ir kokyb\u0117 nepalieka abejing\u0173. Tai vieni i\u0161 auk\u0161\u010diausios kokyb\u0117s ra\u0161tuoto plieno r\u016b\u0161i\u0173 peili\u0173, pagaminti i\u0161 Japoni\u0161ko 73 sluoksni\u0173 AUS-10 Damasko plieno. A\u0161men\u0173 kietumas: ~62\u00b11 HRC Japoni\u0161ko Damasko plieno peilis Gokujo 15 cm KATANAIMI Katanaimi kolekcijos peiliai yra pagaminti i\u0161 auk\u0161\u010diausios kokyb\u0117s Japoni\u0161ko 73 [&hellip;]","og_url":"https:\/\/katanaimi.com\/lt\/shop\/japonisko-damasko-plieno-peilis-gokujo-15cm-katanaimi\/","og_site_name":"Katanami.com","article_modified_time":"2024-01-26T19:02:25+00:00","og_image":[{"width":2560,"height":2099,"url":"https:\/\/katanaimi.com\/wp-content\/uploads\/2021\/09\/DK-1033F1-scaled.jpg","type":"image\/jpeg"}],"twitter_card":"summary_large_image","twitter_misc":{"Est. reading time":"1 minut\u0117"},"schema":{"@context":"https:\/\/schema.org","@graph":[{"@type":"WebPage","@id":"https:\/\/katanaimi.com\/lt\/shop\/japonisko-damasko-plieno-peilis-gokujo-15cm-katanaimi\/","url":"https:\/\/katanaimi.com\/lt\/shop\/japonisko-damasko-plieno-peilis-gokujo-15cm-katanaimi\/","name":"JAPONI\u0160KO DAMASKO PLIENO PEILIS GOKUJO 15CM KATANAIMI - Katanami.com","isPartOf":{"@id":"https:\/\/katanaimi.com\/#website"},"primaryImageOfPage":{"@id":"https:\/\/katanaimi.com\/lt\/shop\/japonisko-damasko-plieno-peilis-gokujo-15cm-katanaimi\/#primaryimage"},"image":{"@id":"https:\/\/katanaimi.com\/lt\/shop\/japonisko-damasko-plieno-peilis-gokujo-15cm-katanaimi\/#primaryimage"},"thumbnailUrl":"https:\/\/katanaimi.com\/wp-content\/uploads\/2021\/09\/DK-1033F1-scaled.jpg","datePublished":"2021-10-22T05:35:57+00:00","dateModified":"2024-01-26T19:02:25+00:00","breadcrumb":{"@id":"https:\/\/katanaimi.com\/lt\/shop\/japonisko-damasko-plieno-peilis-gokujo-15cm-katanaimi\/#breadcrumb"},"inLanguage":"lt-LT","potentialAction":[{"@type":"ReadAction","target":["https:\/\/katanaimi.com\/lt\/shop\/japonisko-damasko-plieno-peilis-gokujo-15cm-katanaimi\/"]}]},{"@type":"ImageObject","inLanguage":"lt-LT","@id":"https:\/\/katanaimi.com\/lt\/shop\/japonisko-damasko-plieno-peilis-gokujo-15cm-katanaimi\/#primaryimage","url":"https:\/\/katanaimi.com\/wp-content\/uploads\/2021\/09\/DK-1033F1-scaled.jpg","contentUrl":"https:\/\/katanaimi.com\/wp-content\/uploads\/2021\/09\/DK-1033F1-scaled.jpg","width":2560,"height":2099},{"@type":"BreadcrumbList","@id":"https:\/\/katanaimi.com\/lt\/shop\/japonisko-damasko-plieno-peilis-gokujo-15cm-katanaimi\/#breadcrumb","itemListElement":[{"@type":"ListItem","position":1,"name":"Home","item":"https:\/\/katanaimi.com\/lv\/"},{"@type":"ListItem","position":2,"name":"Katalogas","item":"https:\/\/katanaimi.com\/lt\/katalogas\/"},{"@type":"ListItem","position":3,"name":"JAPONI\u0160KO DAMASKO PLIENO PEILIS GOKUJO 15CM KATANAIMI"}]},{"@type":"WebSite","@id":"https:\/\/katanaimi.com\/#website","url":"https:\/\/katanaimi.com\/","name":"Katanami.com","description":"Katanaimi: created out of a passion for the art of knife-making and a love of cooking.","publisher":{"@id":"https:\/\/katanaimi.com\/#organization"},"potentialAction":[{"@type":"SearchAction","target":{"@type":"EntryPoint","urlTemplate":"https:\/\/katanaimi.com\/?s={search_term_string}"},"query-input":{"@type":"PropertyValueSpecification","valueRequired":true,"valueName":"search_term_string"}}],"inLanguage":"lt-LT"},{"@type":"Organization","@id":"https:\/\/katanaimi.com\/#organization","name":"Katanami.com","url":"https:\/\/katanaimi.com\/","logo":{"@type":"ImageObject","inLanguage":"lt-LT","@id":"https:\/\/katanaimi.com\/#\/schema\/logo\/image\/","url":"https:\/\/katanaimi.com\/wp-content\/uploads\/2021\/09\/logo-w.png","contentUrl":"https:\/\/katanaimi.com\/wp-content\/uploads\/2021\/09\/logo-w.png","width":253,"height":108,"caption":"Katanami.com"},"image":{"@id":"https:\/\/katanaimi.com\/#\/schema\/logo\/image\/"}}]}},"_links":{"self":[{"href":"https:\/\/katanaimi.com\/lt\/wp-json\/wp\/v2\/product\/1976","targetHints":{"allow":["GET"]}}],"collection":[{"href":"https:\/\/katanaimi.com\/lt\/wp-json\/wp\/v2\/product"}],"about":[{"href":"https:\/\/katanaimi.com\/lt\/wp-json\/wp\/v2\/types\/product"}],"wp:featuredmedia":[{"embeddable":true,"href":"https:\/\/katanaimi.com\/lt\/wp-json\/wp\/v2\/media\/1291"}],"wp:attachment":[{"href":"https:\/\/katanaimi.com\/lt\/wp-json\/wp\/v2\/media?parent=1976"}],"wp:term":[{"taxonomy":"product_cat","embeddable":true,"href":"https:\/\/katanaimi.com\/lt\/wp-json\/wp\/v2\/product_cat?post=1976"},{"taxonomy":"product_tag","embeddable":true,"href":"https:\/\/katanaimi.com\/lt\/wp-json\/wp\/v2\/product_tag?post=1976"},{"taxonomy":"giftcard-category","embeddable":true,"href":"https:\/\/katanaimi.com\/lt\/wp-json\/wp\/v2\/giftcard-category?post=1976"}],"curies":[{"name":"wp","href":"https:\/\/api.w.org\/{rel}","templated":true}]}}