{"id":2415,"date":"2022-12-13T06:26:36","date_gmt":"2022-12-13T08:26:36","guid":{"rendered":"https:\/\/katanaimi.com\/shop\/gift-voucher\/"},"modified":"2022-12-13T06:33:06","modified_gmt":"2022-12-13T08:33:06","slug":"dovanu-kuponas","status":"publish","type":"product","link":"https:\/\/katanaimi.com\/lt\/shop\/dovanu-kuponas\/","title":{"rendered":"Dovan\u0173 kuponas"},"content":{"rendered":"<p>* Dovan\u0173 kuponas bus i\u0161siun\u010diamas skiltyje \u201eKAM\u201d nurodytu el. pa\u0161tu.<br \/>\nEsant poreikiui, skiltyje \u201eNUO KO\u201d galite \u012fra\u0161yti savo ar kito asmens\/\u012fmon\u0117s, kuri dovanoja duomenis.<br \/>\nSkiltyje \u201eJ\u016bs\u0173 \u017einut\u0117\u201d galite suformuoti tekst\u0105, kur\u012f norite, kad matyt\u0173 dovan\u0173 kupon\u0105, kaip dovan\u0105 gaunantis asmuo\/\u012fmon\u0117.<\/p>\n","protected":false},"excerpt":{"rendered":"<p>* Dovan\u0173 kuponas bus i\u0161siun\u010diamas skiltyje \u201eKAM\u201d nurodytu el. pa\u0161tu. Esant poreikiui, skiltyje \u201eNUO KO\u201d galite \u012fra\u0161yti savo ar kito asmens\/\u012fmon\u0117s, kuri dovanoja duomenis. Skiltyje \u201eJ\u016bs\u0173 \u017einut\u0117\u201d galite suformuoti tekst\u0105, kur\u012f norite, kad matyt\u0173 dovan\u0173 kupon\u0105, kaip dovan\u0105 gaunantis asmuo\/\u012fmon\u0117.<\/p>\n","protected":false},"featured_media":1321,"template":"","meta":{"inline_featured_image":false},"product_cat":[],"product_tag":[],"giftcard-category":[],"class_list":{"0":"post-2415","1":"product","2":"type-product","3":"status-publish","4":"has-post-thumbnail","7":"first","8":"instock","9":"virtual","10":"purchasable","11":"product-type-gift-card"},"yoast_head":"<!-- This site is optimized with the Yoast SEO plugin v24.0 - https:\/\/yoast.com\/wordpress\/plugins\/seo\/ -->\n<title>Dovan\u0173 kuponas - Katanami.com<\/title>\n<meta name=\"robots\" content=\"index, follow, max-snippet:-1, max-image-preview:large, max-video-preview:-1\" \/>\n<link rel=\"canonical\" href=\"https:\/\/katanaimi.com\/lt\/shop\/dovanu-kuponas\/\" \/>\n<meta property=\"og:locale\" content=\"lt_LT\" \/>\n<meta property=\"og:type\" content=\"article\" \/>\n<meta property=\"og:title\" content=\"Dovan\u0173 kuponas - Katanami.com\" \/>\n<meta property=\"og:description\" content=\"* Dovan\u0173 kuponas bus i\u0161siun\u010diamas skiltyje \u201eKAM\u201d nurodytu el. pa\u0161tu. Esant poreikiui, skiltyje \u201eNUO KO\u201d galite \u012fra\u0161yti savo ar kito asmens\/\u012fmon\u0117s, kuri dovanoja duomenis. Skiltyje \u201eJ\u016bs\u0173 \u017einut\u0117\u201d galite suformuoti tekst\u0105, kur\u012f norite, kad matyt\u0173 dovan\u0173 kupon\u0105, kaip dovan\u0105 gaunantis asmuo\/\u012fmon\u0117.\" \/>\n<meta property=\"og:url\" content=\"https:\/\/katanaimi.com\/lt\/shop\/dovanu-kuponas\/\" \/>\n<meta property=\"og:site_name\" content=\"Katanami.com\" \/>\n<meta property=\"article:modified_time\" content=\"2022-12-13T08:33:06+00:00\" \/>\n<meta property=\"og:image\" content=\"https:\/\/katanaimi.com\/wp-content\/uploads\/2021\/09\/bg3-scaled.jpg\" \/>\n\t<meta property=\"og:image:width\" content=\"2560\" \/>\n\t<meta property=\"og:image:height\" content=\"1707\" \/>\n\t<meta property=\"og:image:type\" content=\"image\/jpeg\" \/>\n<meta name=\"twitter:card\" content=\"summary_large_image\" \/>\n<script type=\"application\/ld+json\" class=\"yoast-schema-graph\">{\"@context\":\"https:\/\/schema.org\",\"@graph\":[{\"@type\":\"WebPage\",\"@id\":\"https:\/\/katanaimi.com\/lt\/shop\/dovanu-kuponas\/\",\"url\":\"https:\/\/katanaimi.com\/lt\/shop\/dovanu-kuponas\/\",\"name\":\"Dovan\u0173 kuponas - Katanami.com\",\"isPartOf\":{\"@id\":\"https:\/\/katanaimi.com\/#website\"},\"primaryImageOfPage\":{\"@id\":\"https:\/\/katanaimi.com\/lt\/shop\/dovanu-kuponas\/#primaryimage\"},\"image\":{\"@id\":\"https:\/\/katanaimi.com\/lt\/shop\/dovanu-kuponas\/#primaryimage\"},\"thumbnailUrl\":\"https:\/\/katanaimi.com\/wp-content\/uploads\/2021\/09\/bg3-scaled.jpg\",\"datePublished\":\"2022-12-13T08:26:36+00:00\",\"dateModified\":\"2022-12-13T08:33:06+00:00\",\"breadcrumb\":{\"@id\":\"https:\/\/katanaimi.com\/lt\/shop\/dovanu-kuponas\/#breadcrumb\"},\"inLanguage\":\"lt-LT\",\"potentialAction\":[{\"@type\":\"ReadAction\",\"target\":[\"https:\/\/katanaimi.com\/lt\/shop\/dovanu-kuponas\/\"]}]},{\"@type\":\"ImageObject\",\"inLanguage\":\"lt-LT\",\"@id\":\"https:\/\/katanaimi.com\/lt\/shop\/dovanu-kuponas\/#primaryimage\",\"url\":\"https:\/\/katanaimi.com\/wp-content\/uploads\/2021\/09\/bg3-scaled.jpg\",\"contentUrl\":\"https:\/\/katanaimi.com\/wp-content\/uploads\/2021\/09\/bg3-scaled.jpg\",\"width\":2560,\"height\":1707},{\"@type\":\"BreadcrumbList\",\"@id\":\"https:\/\/katanaimi.com\/lt\/shop\/dovanu-kuponas\/#breadcrumb\",\"itemListElement\":[{\"@type\":\"ListItem\",\"position\":1,\"name\":\"Home\",\"item\":\"https:\/\/katanaimi.com\/lv\/\"},{\"@type\":\"ListItem\",\"position\":2,\"name\":\"Katalogas\",\"item\":\"https:\/\/katanaimi.com\/lt\/katalogas\/\"},{\"@type\":\"ListItem\",\"position\":3,\"name\":\"Dovan\u0173 kuponas\"}]},{\"@type\":\"WebSite\",\"@id\":\"https:\/\/katanaimi.com\/#website\",\"url\":\"https:\/\/katanaimi.com\/\",\"name\":\"Katanami.com\",\"description\":\"Katanaimi: created out of a passion for the art of knife-making and a love of cooking.\",\"publisher\":{\"@id\":\"https:\/\/katanaimi.com\/#organization\"},\"potentialAction\":[{\"@type\":\"SearchAction\",\"target\":{\"@type\":\"EntryPoint\",\"urlTemplate\":\"https:\/\/katanaimi.com\/?s={search_term_string}\"},\"query-input\":{\"@type\":\"PropertyValueSpecification\",\"valueRequired\":true,\"valueName\":\"search_term_string\"}}],\"inLanguage\":\"lt-LT\"},{\"@type\":\"Organization\",\"@id\":\"https:\/\/katanaimi.com\/#organization\",\"name\":\"Katanami.com\",\"url\":\"https:\/\/katanaimi.com\/\",\"logo\":{\"@type\":\"ImageObject\",\"inLanguage\":\"lt-LT\",\"@id\":\"https:\/\/katanaimi.com\/#\/schema\/logo\/image\/\",\"url\":\"https:\/\/katanaimi.com\/wp-content\/uploads\/2021\/09\/logo-w.png\",\"contentUrl\":\"https:\/\/katanaimi.com\/wp-content\/uploads\/2021\/09\/logo-w.png\",\"width\":253,\"height\":108,\"caption\":\"Katanami.com\"},\"image\":{\"@id\":\"https:\/\/katanaimi.com\/#\/schema\/logo\/image\/\"}}]}<\/script>\n<!-- \/ Yoast SEO plugin. -->","yoast_head_json":{"title":"Dovan\u0173 kuponas - Katanami.com","robots":{"index":"index","follow":"follow","max-snippet":"max-snippet:-1","max-image-preview":"max-image-preview:large","max-video-preview":"max-video-preview:-1"},"canonical":"https:\/\/katanaimi.com\/lt\/shop\/dovanu-kuponas\/","og_locale":"lt_LT","og_type":"article","og_title":"Dovan\u0173 kuponas - Katanami.com","og_description":"* Dovan\u0173 kuponas bus i\u0161siun\u010diamas skiltyje \u201eKAM\u201d nurodytu el. pa\u0161tu. Esant poreikiui, skiltyje \u201eNUO KO\u201d galite \u012fra\u0161yti savo ar kito asmens\/\u012fmon\u0117s, kuri dovanoja duomenis. Skiltyje \u201eJ\u016bs\u0173 \u017einut\u0117\u201d galite suformuoti tekst\u0105, kur\u012f norite, kad matyt\u0173 dovan\u0173 kupon\u0105, kaip dovan\u0105 gaunantis asmuo\/\u012fmon\u0117.","og_url":"https:\/\/katanaimi.com\/lt\/shop\/dovanu-kuponas\/","og_site_name":"Katanami.com","article_modified_time":"2022-12-13T08:33:06+00:00","og_image":[{"width":2560,"height":1707,"url":"https:\/\/katanaimi.com\/wp-content\/uploads\/2021\/09\/bg3-scaled.jpg","type":"image\/jpeg"}],"twitter_card":"summary_large_image","schema":{"@context":"https:\/\/schema.org","@graph":[{"@type":"WebPage","@id":"https:\/\/katanaimi.com\/lt\/shop\/dovanu-kuponas\/","url":"https:\/\/katanaimi.com\/lt\/shop\/dovanu-kuponas\/","name":"Dovan\u0173 kuponas - Katanami.com","isPartOf":{"@id":"https:\/\/katanaimi.com\/#website"},"primaryImageOfPage":{"@id":"https:\/\/katanaimi.com\/lt\/shop\/dovanu-kuponas\/#primaryimage"},"image":{"@id":"https:\/\/katanaimi.com\/lt\/shop\/dovanu-kuponas\/#primaryimage"},"thumbnailUrl":"https:\/\/katanaimi.com\/wp-content\/uploads\/2021\/09\/bg3-scaled.jpg","datePublished":"2022-12-13T08:26:36+00:00","dateModified":"2022-12-13T08:33:06+00:00","breadcrumb":{"@id":"https:\/\/katanaimi.com\/lt\/shop\/dovanu-kuponas\/#breadcrumb"},"inLanguage":"lt-LT","potentialAction":[{"@type":"ReadAction","target":["https:\/\/katanaimi.com\/lt\/shop\/dovanu-kuponas\/"]}]},{"@type":"ImageObject","inLanguage":"lt-LT","@id":"https:\/\/katanaimi.com\/lt\/shop\/dovanu-kuponas\/#primaryimage","url":"https:\/\/katanaimi.com\/wp-content\/uploads\/2021\/09\/bg3-scaled.jpg","contentUrl":"https:\/\/katanaimi.com\/wp-content\/uploads\/2021\/09\/bg3-scaled.jpg","width":2560,"height":1707},{"@type":"BreadcrumbList","@id":"https:\/\/katanaimi.com\/lt\/shop\/dovanu-kuponas\/#breadcrumb","itemListElement":[{"@type":"ListItem","position":1,"name":"Home","item":"https:\/\/katanaimi.com\/lv\/"},{"@type":"ListItem","position":2,"name":"Katalogas","item":"https:\/\/katanaimi.com\/lt\/katalogas\/"},{"@type":"ListItem","position":3,"name":"Dovan\u0173 kuponas"}]},{"@type":"WebSite","@id":"https:\/\/katanaimi.com\/#website","url":"https:\/\/katanaimi.com\/","name":"Katanami.com","description":"Katanaimi: created out of a passion for the art of knife-making and a love of cooking.","publisher":{"@id":"https:\/\/katanaimi.com\/#organization"},"potentialAction":[{"@type":"SearchAction","target":{"@type":"EntryPoint","urlTemplate":"https:\/\/katanaimi.com\/?s={search_term_string}"},"query-input":{"@type":"PropertyValueSpecification","valueRequired":true,"valueName":"search_term_string"}}],"inLanguage":"lt-LT"},{"@type":"Organization","@id":"https:\/\/katanaimi.com\/#organization","name":"Katanami.com","url":"https:\/\/katanaimi.com\/","logo":{"@type":"ImageObject","inLanguage":"lt-LT","@id":"https:\/\/katanaimi.com\/#\/schema\/logo\/image\/","url":"https:\/\/katanaimi.com\/wp-content\/uploads\/2021\/09\/logo-w.png","contentUrl":"https:\/\/katanaimi.com\/wp-content\/uploads\/2021\/09\/logo-w.png","width":253,"height":108,"caption":"Katanami.com"},"image":{"@id":"https:\/\/katanaimi.com\/#\/schema\/logo\/image\/"}}]}},"_links":{"self":[{"href":"https:\/\/katanaimi.com\/lt\/wp-json\/wp\/v2\/product\/2415","targetHints":{"allow":["GET"]}}],"collection":[{"href":"https:\/\/katanaimi.com\/lt\/wp-json\/wp\/v2\/product"}],"about":[{"href":"https:\/\/katanaimi.com\/lt\/wp-json\/wp\/v2\/types\/product"}],"wp:featuredmedia":[{"embeddable":true,"href":"https:\/\/katanaimi.com\/lt\/wp-json\/wp\/v2\/media\/1321"}],"wp:attachment":[{"href":"https:\/\/katanaimi.com\/lt\/wp-json\/wp\/v2\/media?parent=2415"}],"wp:term":[{"taxonomy":"product_cat","embeddable":true,"href":"https:\/\/katanaimi.com\/lt\/wp-json\/wp\/v2\/product_cat?post=2415"},{"taxonomy":"product_tag","embeddable":true,"href":"https:\/\/katanaimi.com\/lt\/wp-json\/wp\/v2\/product_tag?post=2415"},{"taxonomy":"giftcard-category","embeddable":true,"href":"https:\/\/katanaimi.com\/lt\/wp-json\/wp\/v2\/giftcard-category?post=2415"}],"curies":[{"name":"wp","href":"https:\/\/api.w.org\/{rel}","templated":true}]}}