{"id":2580,"date":"2023-02-12T15:11:33","date_gmt":"2023-02-12T17:11:33","guid":{"rendered":"https:\/\/katanaimi.com\/?post_type=product&#038;p=2580"},"modified":"2025-01-20T12:52:00","modified_gmt":"2025-01-20T14:52:00","slug":"kaltinis-japoniskas-sefo-peilis-20cm-by-katanaimi-copy","status":"publish","type":"product","link":"https:\/\/katanaimi.com\/lt\/shop\/kaltinis-japoniskas-sefo-peilis-20cm-by-katanaimi-copy\/","title":{"rendered":"\u0160EFO PEILIS ShadowLine 20CM by KATANAIMI"},"content":{"rendered":"<p>M\u016bs\u0173 virtuviniai peiliai, pagaminti naudojant t\u0105 pa\u010di\u0105 tradicin\u0119 japon\u0173 a\u0161men\u0173 gamybos technik\u0105 kaip ir samuraj\u0173 kardai, i\u0161 naujo apibr\u0117\u017es tai, ko tik\u0117jot\u0117s i\u0161 paprasto virtuvinio peilio.<br \/>\nSumai\u0161\u0117me ner\u016bdijant\u012f plien\u0105 i\u0161 anglies plieno ir mink\u0161tesn\u012f ner\u016bdijant\u012f plien\u0105, kad sukurtume \u0161\u012f sukiet\u0117jus\u012f efekt\u0105, o rezultatas \u2013 akivaizd\u017eiai a\u0161trus, r\u016bdims atsparus peiliukas, kuris tarnaus vis\u0105 gyvenim\u0105.<\/p>\n<p>Skalpel\u012f primenantis kra\u0161tas, rankomis apdirbtas 15\u00b0 kampu kiekvienoje pus\u0117je naudojant Honbazuke metod\u0105. Azotu au\u0161inamas kietumas ir lankstumas. Titano nitrido neatspindinti danga, u\u017etikrinanti tvirtum\u0105, atsparum\u0105 korozijai ir pagerina nelipnias savybes.<br \/>\nVidurnak\u010dio juoda ergonomi\u0161ka, pluo\u0161tin\u0117s dervos ir karin\u0117s klas\u0117s G10 rankena yra beveik nepralaidi kar\u0161\u010diui, \u0161al\u010diui ir dr\u0117gmei. Rankenos geometrija tvirtai priglunda prie delno, kad tvirtai suimt\u0173. Visi\u0161kai \u012ftemptas a\u0161menys, kompensuota rankena, skirta gumbeliams atlaisvinti.<\/p>\n<p>&nbsp;<\/p>\n<p>Su daug anglies turin\u010diu 7CR17MOV-X superplienu ir papildomai vakuuminiu terminiu apdorojimu esant 57+ HRC, kad b\u016bt\u0173 u\u017etikrintas i\u0161skirtinis na\u0161umas ir kra\u0161t\u0173 i\u0161laikymas. Kiekvienas peiliukas yra su atitinkamu juodu, erdv\u0119 taupan\u010diu apvalkalu.<\/p>\n<p>\u201eShadowLine\u201c \u0161efo peilio specifikacija:<br \/>\nPagaminta i\u0161 ner\u016bdijan\u010dio itin tvirto plieno Plieno anglies plieno;<br \/>\nA\u0161men\u0173 kietumas: 57 HRC<br \/>\nRankena: G10 \/ CARBON<\/p>\n<p><span style=\"color: #333333;\"><strong>Nepavyksta i\u0161rinkti dovanos mylimam \u017emogui?<\/strong><\/span><br \/>\n<strong><span style=\"color: #333333;\">Abejoji, kad ne\u012ftiksi?<\/span><\/strong><br \/>\n<span style=\"color: #ff0000;\"><strong>TURIME SPRENDIM\u0104 ! -&gt; <span style=\"font-size: 20px;\"><em><span style=\"color: #339966;\"><a style=\"color: #339966;\" href=\"https:\/\/katanaimi.com\/lt\/shop\/dovanu-kuponas\/\">Dova<\/a><\/span><\/em><\/span><\/strong><\/span><a style=\"color: #ff0000;\" href=\"https:\/\/katanaimi.com\/lt\/shop\/dovanu-kuponas\/\"><span style=\"font-size: 20px;\"><em><strong><span style=\"color: #339966;\">n\u0173 kuponas<\/span> <\/strong><\/em><\/span>!<\/a><\/p>\n<p>&nbsp;<\/p>\n","protected":false},"excerpt":{"rendered":"<p>M\u016bs\u0173 virtuviniai peiliai, pagaminti naudojant t\u0105 pa\u010di\u0105 tradicin\u0119 japon\u0173 a\u0161men\u0173 gamybos technik\u0105 kaip ir samuraj\u0173 kardai, i\u0161 naujo apibr\u0117\u017es tai, ko tik\u0117jot\u0117s i\u0161 paprasto virtuvinio peilio. Sumai\u0161\u0117me ner\u016bdijant\u012f plien\u0105 i\u0161 anglies plieno ir mink\u0161tesn\u012f ner\u016bdijant\u012f plien\u0105, kad sukurtume \u0161\u012f sukiet\u0117jus\u012f efekt\u0105, o rezultatas \u2013 akivaizd\u017eiai a\u0161trus, r\u016bdims atsparus peiliukas, kuris tarnaus vis\u0105 gyvenim\u0105. Skalpel\u012f primenantis [&hellip;]<\/p>\n","protected":false},"featured_media":2585,"template":"","meta":{"inline_featured_image":false},"product_cat":[547],"product_tag":[],"giftcard-category":[],"class_list":{"0":"post-2580","1":"product","2":"type-product","3":"status-publish","4":"has-post-thumbnail","6":"product_cat-japoniski-damascus-vireju-peiliai","8":"first","9":"instock","10":"sale","11":"purchasable","12":"product-type-simple"},"yoast_head":"<!-- This site is optimized with the Yoast SEO plugin v24.0 - https:\/\/yoast.com\/wordpress\/plugins\/seo\/ -->\n<title>\u0160EFO PEILIS ShadowLine 20CM by KATANAIMI - Katanami.com<\/title>\n<meta name=\"robots\" content=\"index, follow, max-snippet:-1, max-image-preview:large, max-video-preview:-1\" \/>\n<link rel=\"canonical\" href=\"https:\/\/katanaimi.com\/lt\/shop\/kaltinis-japoniskas-sefo-peilis-20cm-by-katanaimi-copy\/\" \/>\n<meta property=\"og:locale\" content=\"lt_LT\" \/>\n<meta property=\"og:type\" content=\"article\" \/>\n<meta property=\"og:title\" content=\"\u0160EFO PEILIS ShadowLine 20CM by KATANAIMI - Katanami.com\" \/>\n<meta property=\"og:description\" content=\"M\u016bs\u0173 virtuviniai peiliai, pagaminti naudojant t\u0105 pa\u010di\u0105 tradicin\u0119 japon\u0173 a\u0161men\u0173 gamybos technik\u0105 kaip ir samuraj\u0173 kardai, i\u0161 naujo apibr\u0117\u017es tai, ko tik\u0117jot\u0117s i\u0161 paprasto virtuvinio peilio. Sumai\u0161\u0117me ner\u016bdijant\u012f plien\u0105 i\u0161 anglies plieno ir mink\u0161tesn\u012f ner\u016bdijant\u012f plien\u0105, kad sukurtume \u0161\u012f sukiet\u0117jus\u012f efekt\u0105, o rezultatas \u2013 akivaizd\u017eiai a\u0161trus, r\u016bdims atsparus peiliukas, kuris tarnaus vis\u0105 gyvenim\u0105. Skalpel\u012f primenantis [&hellip;]\" \/>\n<meta property=\"og:url\" content=\"https:\/\/katanaimi.com\/lt\/shop\/kaltinis-japoniskas-sefo-peilis-20cm-by-katanaimi-copy\/\" \/>\n<meta property=\"og:site_name\" content=\"Katanami.com\" \/>\n<meta property=\"article:modified_time\" content=\"2025-01-20T14:52:00+00:00\" \/>\n<meta property=\"og:image\" content=\"https:\/\/katanaimi.com\/wp-content\/uploads\/2023\/02\/KK1056F-80CFBK-1-scaled.jpg\" \/>\n\t<meta property=\"og:image:width\" content=\"2560\" \/>\n\t<meta property=\"og:image:height\" content=\"1924\" \/>\n\t<meta property=\"og:image:type\" content=\"image\/jpeg\" \/>\n<meta name=\"twitter:card\" content=\"summary_large_image\" \/>\n<meta name=\"twitter:label1\" content=\"Est. reading time\" \/>\n\t<meta name=\"twitter:data1\" content=\"1 minut\u0117\" \/>\n<script type=\"application\/ld+json\" class=\"yoast-schema-graph\">{\"@context\":\"https:\/\/schema.org\",\"@graph\":[{\"@type\":\"WebPage\",\"@id\":\"https:\/\/katanaimi.com\/lt\/shop\/kaltinis-japoniskas-sefo-peilis-20cm-by-katanaimi-copy\/\",\"url\":\"https:\/\/katanaimi.com\/lt\/shop\/kaltinis-japoniskas-sefo-peilis-20cm-by-katanaimi-copy\/\",\"name\":\"\u0160EFO PEILIS ShadowLine 20CM by KATANAIMI - Katanami.com\",\"isPartOf\":{\"@id\":\"https:\/\/katanaimi.com\/#website\"},\"primaryImageOfPage\":{\"@id\":\"https:\/\/katanaimi.com\/lt\/shop\/kaltinis-japoniskas-sefo-peilis-20cm-by-katanaimi-copy\/#primaryimage\"},\"image\":{\"@id\":\"https:\/\/katanaimi.com\/lt\/shop\/kaltinis-japoniskas-sefo-peilis-20cm-by-katanaimi-copy\/#primaryimage\"},\"thumbnailUrl\":\"https:\/\/katanaimi.com\/wp-content\/uploads\/2023\/02\/KK1056F-80CFBK-1-scaled.jpg\",\"datePublished\":\"2023-02-12T17:11:33+00:00\",\"dateModified\":\"2025-01-20T14:52:00+00:00\",\"breadcrumb\":{\"@id\":\"https:\/\/katanaimi.com\/lt\/shop\/kaltinis-japoniskas-sefo-peilis-20cm-by-katanaimi-copy\/#breadcrumb\"},\"inLanguage\":\"lt-LT\",\"potentialAction\":[{\"@type\":\"ReadAction\",\"target\":[\"https:\/\/katanaimi.com\/lt\/shop\/kaltinis-japoniskas-sefo-peilis-20cm-by-katanaimi-copy\/\"]}]},{\"@type\":\"ImageObject\",\"inLanguage\":\"lt-LT\",\"@id\":\"https:\/\/katanaimi.com\/lt\/shop\/kaltinis-japoniskas-sefo-peilis-20cm-by-katanaimi-copy\/#primaryimage\",\"url\":\"https:\/\/katanaimi.com\/wp-content\/uploads\/2023\/02\/KK1056F-80CFBK-1-scaled.jpg\",\"contentUrl\":\"https:\/\/katanaimi.com\/wp-content\/uploads\/2023\/02\/KK1056F-80CFBK-1-scaled.jpg\",\"width\":2560,\"height\":1924},{\"@type\":\"BreadcrumbList\",\"@id\":\"https:\/\/katanaimi.com\/lt\/shop\/kaltinis-japoniskas-sefo-peilis-20cm-by-katanaimi-copy\/#breadcrumb\",\"itemListElement\":[{\"@type\":\"ListItem\",\"position\":1,\"name\":\"Home\",\"item\":\"https:\/\/katanaimi.com\/lv\/\"},{\"@type\":\"ListItem\",\"position\":2,\"name\":\"Katalogas\",\"item\":\"https:\/\/katanaimi.com\/lt\/katalogas\/\"},{\"@type\":\"ListItem\",\"position\":3,\"name\":\"\u0160EFO PEILIS ShadowLine 20CM by KATANAIMI\"}]},{\"@type\":\"WebSite\",\"@id\":\"https:\/\/katanaimi.com\/#website\",\"url\":\"https:\/\/katanaimi.com\/\",\"name\":\"Katanami.com\",\"description\":\"Katanaimi: created out of a passion for the art of knife-making and a love of cooking.\",\"publisher\":{\"@id\":\"https:\/\/katanaimi.com\/#organization\"},\"potentialAction\":[{\"@type\":\"SearchAction\",\"target\":{\"@type\":\"EntryPoint\",\"urlTemplate\":\"https:\/\/katanaimi.com\/?s={search_term_string}\"},\"query-input\":{\"@type\":\"PropertyValueSpecification\",\"valueRequired\":true,\"valueName\":\"search_term_string\"}}],\"inLanguage\":\"lt-LT\"},{\"@type\":\"Organization\",\"@id\":\"https:\/\/katanaimi.com\/#organization\",\"name\":\"Katanami.com\",\"url\":\"https:\/\/katanaimi.com\/\",\"logo\":{\"@type\":\"ImageObject\",\"inLanguage\":\"lt-LT\",\"@id\":\"https:\/\/katanaimi.com\/#\/schema\/logo\/image\/\",\"url\":\"https:\/\/katanaimi.com\/wp-content\/uploads\/2021\/09\/logo-w.png\",\"contentUrl\":\"https:\/\/katanaimi.com\/wp-content\/uploads\/2021\/09\/logo-w.png\",\"width\":253,\"height\":108,\"caption\":\"Katanami.com\"},\"image\":{\"@id\":\"https:\/\/katanaimi.com\/#\/schema\/logo\/image\/\"}}]}<\/script>\n<!-- \/ Yoast SEO plugin. -->","yoast_head_json":{"title":"\u0160EFO PEILIS ShadowLine 20CM by KATANAIMI - Katanami.com","robots":{"index":"index","follow":"follow","max-snippet":"max-snippet:-1","max-image-preview":"max-image-preview:large","max-video-preview":"max-video-preview:-1"},"canonical":"https:\/\/katanaimi.com\/lt\/shop\/kaltinis-japoniskas-sefo-peilis-20cm-by-katanaimi-copy\/","og_locale":"lt_LT","og_type":"article","og_title":"\u0160EFO PEILIS ShadowLine 20CM by KATANAIMI - Katanami.com","og_description":"M\u016bs\u0173 virtuviniai peiliai, pagaminti naudojant t\u0105 pa\u010di\u0105 tradicin\u0119 japon\u0173 a\u0161men\u0173 gamybos technik\u0105 kaip ir samuraj\u0173 kardai, i\u0161 naujo apibr\u0117\u017es tai, ko tik\u0117jot\u0117s i\u0161 paprasto virtuvinio peilio. Sumai\u0161\u0117me ner\u016bdijant\u012f plien\u0105 i\u0161 anglies plieno ir mink\u0161tesn\u012f ner\u016bdijant\u012f plien\u0105, kad sukurtume \u0161\u012f sukiet\u0117jus\u012f efekt\u0105, o rezultatas \u2013 akivaizd\u017eiai a\u0161trus, r\u016bdims atsparus peiliukas, kuris tarnaus vis\u0105 gyvenim\u0105. Skalpel\u012f primenantis [&hellip;]","og_url":"https:\/\/katanaimi.com\/lt\/shop\/kaltinis-japoniskas-sefo-peilis-20cm-by-katanaimi-copy\/","og_site_name":"Katanami.com","article_modified_time":"2025-01-20T14:52:00+00:00","og_image":[{"width":2560,"height":1924,"url":"https:\/\/katanaimi.com\/wp-content\/uploads\/2023\/02\/KK1056F-80CFBK-1-scaled.jpg","type":"image\/jpeg"}],"twitter_card":"summary_large_image","twitter_misc":{"Est. reading time":"1 minut\u0117"},"schema":{"@context":"https:\/\/schema.org","@graph":[{"@type":"WebPage","@id":"https:\/\/katanaimi.com\/lt\/shop\/kaltinis-japoniskas-sefo-peilis-20cm-by-katanaimi-copy\/","url":"https:\/\/katanaimi.com\/lt\/shop\/kaltinis-japoniskas-sefo-peilis-20cm-by-katanaimi-copy\/","name":"\u0160EFO PEILIS ShadowLine 20CM by KATANAIMI - Katanami.com","isPartOf":{"@id":"https:\/\/katanaimi.com\/#website"},"primaryImageOfPage":{"@id":"https:\/\/katanaimi.com\/lt\/shop\/kaltinis-japoniskas-sefo-peilis-20cm-by-katanaimi-copy\/#primaryimage"},"image":{"@id":"https:\/\/katanaimi.com\/lt\/shop\/kaltinis-japoniskas-sefo-peilis-20cm-by-katanaimi-copy\/#primaryimage"},"thumbnailUrl":"https:\/\/katanaimi.com\/wp-content\/uploads\/2023\/02\/KK1056F-80CFBK-1-scaled.jpg","datePublished":"2023-02-12T17:11:33+00:00","dateModified":"2025-01-20T14:52:00+00:00","breadcrumb":{"@id":"https:\/\/katanaimi.com\/lt\/shop\/kaltinis-japoniskas-sefo-peilis-20cm-by-katanaimi-copy\/#breadcrumb"},"inLanguage":"lt-LT","potentialAction":[{"@type":"ReadAction","target":["https:\/\/katanaimi.com\/lt\/shop\/kaltinis-japoniskas-sefo-peilis-20cm-by-katanaimi-copy\/"]}]},{"@type":"ImageObject","inLanguage":"lt-LT","@id":"https:\/\/katanaimi.com\/lt\/shop\/kaltinis-japoniskas-sefo-peilis-20cm-by-katanaimi-copy\/#primaryimage","url":"https:\/\/katanaimi.com\/wp-content\/uploads\/2023\/02\/KK1056F-80CFBK-1-scaled.jpg","contentUrl":"https:\/\/katanaimi.com\/wp-content\/uploads\/2023\/02\/KK1056F-80CFBK-1-scaled.jpg","width":2560,"height":1924},{"@type":"BreadcrumbList","@id":"https:\/\/katanaimi.com\/lt\/shop\/kaltinis-japoniskas-sefo-peilis-20cm-by-katanaimi-copy\/#breadcrumb","itemListElement":[{"@type":"ListItem","position":1,"name":"Home","item":"https:\/\/katanaimi.com\/lv\/"},{"@type":"ListItem","position":2,"name":"Katalogas","item":"https:\/\/katanaimi.com\/lt\/katalogas\/"},{"@type":"ListItem","position":3,"name":"\u0160EFO PEILIS ShadowLine 20CM by KATANAIMI"}]},{"@type":"WebSite","@id":"https:\/\/katanaimi.com\/#website","url":"https:\/\/katanaimi.com\/","name":"Katanami.com","description":"Katanaimi: created out of a passion for the art of knife-making and a love of cooking.","publisher":{"@id":"https:\/\/katanaimi.com\/#organization"},"potentialAction":[{"@type":"SearchAction","target":{"@type":"EntryPoint","urlTemplate":"https:\/\/katanaimi.com\/?s={search_term_string}"},"query-input":{"@type":"PropertyValueSpecification","valueRequired":true,"valueName":"search_term_string"}}],"inLanguage":"lt-LT"},{"@type":"Organization","@id":"https:\/\/katanaimi.com\/#organization","name":"Katanami.com","url":"https:\/\/katanaimi.com\/","logo":{"@type":"ImageObject","inLanguage":"lt-LT","@id":"https:\/\/katanaimi.com\/#\/schema\/logo\/image\/","url":"https:\/\/katanaimi.com\/wp-content\/uploads\/2021\/09\/logo-w.png","contentUrl":"https:\/\/katanaimi.com\/wp-content\/uploads\/2021\/09\/logo-w.png","width":253,"height":108,"caption":"Katanami.com"},"image":{"@id":"https:\/\/katanaimi.com\/#\/schema\/logo\/image\/"}}]}},"_links":{"self":[{"href":"https:\/\/katanaimi.com\/lt\/wp-json\/wp\/v2\/product\/2580","targetHints":{"allow":["GET"]}}],"collection":[{"href":"https:\/\/katanaimi.com\/lt\/wp-json\/wp\/v2\/product"}],"about":[{"href":"https:\/\/katanaimi.com\/lt\/wp-json\/wp\/v2\/types\/product"}],"wp:featuredmedia":[{"embeddable":true,"href":"https:\/\/katanaimi.com\/lt\/wp-json\/wp\/v2\/media\/2585"}],"wp:attachment":[{"href":"https:\/\/katanaimi.com\/lt\/wp-json\/wp\/v2\/media?parent=2580"}],"wp:term":[{"taxonomy":"product_cat","embeddable":true,"href":"https:\/\/katanaimi.com\/lt\/wp-json\/wp\/v2\/product_cat?post=2580"},{"taxonomy":"product_tag","embeddable":true,"href":"https:\/\/katanaimi.com\/lt\/wp-json\/wp\/v2\/product_tag?post=2580"},{"taxonomy":"giftcard-category","embeddable":true,"href":"https:\/\/katanaimi.com\/lt\/wp-json\/wp\/v2\/giftcard-category?post=2580"}],"curies":[{"name":"wp","href":"https:\/\/api.w.org\/{rel}","templated":true}]}}