{"id":2604,"date":"2023-02-12T15:34:16","date_gmt":"2023-02-12T17:34:16","guid":{"rendered":"https:\/\/katanaimi.com\/?post_type=product&#038;p=2604"},"modified":"2025-09-22T03:08:28","modified_gmt":"2025-09-22T05:08:28","slug":"peilis-kapokle-chun-20cm-barbarian-by-katanaimi","status":"publish","type":"product","link":"https:\/\/katanaimi.com\/lt\/shop\/peilis-kapokle-chun-20cm-barbarian-by-katanaimi\/","title":{"rendered":"PEILIS &#8211; KAPOKL\u0116 CHUN 20CM BARBARIAN BY KATANAIMI"},"content":{"rendered":"<p style=\"font-weight: 400;\"><b><strong>Biud\u017eetinis Peilis &#8211; kapokl\u0117 Chun 20cm BARBARIAN By KATANAIMI<\/strong><\/b> pagamintas i\u0161 ner\u016bdijan\u010dio tvirto plieno\u00a0<b><strong>3CR-13<\/strong><\/b>. Tai kokybi\u0161kiausias plienas sukurtas specialiai peili\u0173 gamybai.<\/p>\n<p style=\"font-weight: 400;\">\u0160is peilis\u00a0labai a\u0161trus, greitai ir efektyviai sukapoja, supjausto, susmulkina dar\u017eoves, vaisius, m\u0117s\u0105 ar kitus produktus.<\/p>\n<p style=\"font-weight: 400;\">A\u0161men\u0173 kietumas:<b><strong>\u00a054 + -2HRC<\/strong><\/b><\/p>\n<p style=\"font-weight: 400;\"><b><strong>\u0160is BARBARIAN By KATANAIMI\u00a0<\/strong><\/b>kolekcijos peilis\u00a0pagamintas i\u0161\u00a0<b><strong>auk\u0161\u010diausios kokyb\u0117s ner\u016bdijan\u010dio\u00a0<\/strong><\/b><b><strong>3CR-13\u00a0plieno<\/strong><\/b>. Ypatingai a\u0161trus ir tvirtas.<\/p>\n<p style=\"font-weight: 400;\">\u0160is i\u0161skirtinio dizaino<b><strong>\u00a0profesionalus peilis &#8211; kapokl\u0117<\/strong><\/b>\u00a0sukapoja, supjausto, susmulkina dar\u017eoves, vaisius, m\u0117s\u0105 ar kitus produktus.<\/p>\n<p style=\"font-weight: 400;\">Jis turi\u00a0<b><strong>ypa\u010d a\u0161trius a\u0161menis<\/strong><\/b>\u00a0bei a\u0161tr\u0173 smaigal\u012f, kurio d\u0117ka pjaustysite lengvai ir tiksliai.<\/p>\n<p style=\"font-weight: 400;\">&#8211;<\/p>\n<p style=\"font-weight: 400;\"><b><strong>Peilio &#8211; kapokl\u0117s Chun<\/strong><\/b><b><strong>\u00a0savyb\u0117s:<\/strong><\/b><\/p>\n<p style=\"font-weight: 400;\">Pagamintas i\u0161 ner\u016bdijan\u010dio ypa\u010d tvirto plieno\u00a0<b><strong>3CR-13;<\/strong><\/b><\/p>\n<p style=\"font-weight: 400;\">A\u0161men\u0173 kietumas:\u00a0<b><strong>54 + -2HRC<\/strong><\/b><\/p>\n<p style=\"font-weight: 400;\">Rankena:<b><strong>\u00a0raudonmedis<\/strong><\/b><\/p>\n<p style=\"font-weight: 400;\">I\u0161matavimai: a\u0161men\u0173 ilgis: 20 cm, bendras peilio ilgis: 32 cm;<\/p>\n<p style=\"font-weight: 400;\">&#8211;<\/p>\n<p style=\"font-weight: 400;\"><b><strong>Peilio savyb\u0117s:<\/strong><\/b><\/p>\n<p style=\"font-weight: 400;\">\u00a0\u00a0 Gele\u017et\u0117s ilgis \u2013 20 cm<\/p>\n<p style=\"font-weight: 400;\">\u00a0\u00a0 Rankenos ilgis \u2013 12 cm<\/p>\n<p style=\"font-weight: 400;\">\u00a0\u00a0 A\u0161men\u0173 storis \u2013 8,5 cm.<\/p>\n<p style=\"font-weight: 400;\">\u00a0\u00a0 Atsparumas nusid\u0117v\u0117jimui ir korozijai.<\/p>\n<p style=\"font-weight: 400;\">\u00a0\u00a0 Ypa\u010d\u00a0a\u0161tr\u016bs a\u0161menys.<\/p>\n<p style=\"font-weight: 400;\">\u00a0\u00a0 Unikalus dizainas.<\/p>\n<p style=\"font-weight: 400;\">\u00a0\u00a0\u00a0Tikslus pj\u016bvis.<\/p>\n<p style=\"font-weight: 400;\">\u00a0\u00a0 Tvirtas ir ilgaam\u017eis \u012frankis.<\/p>\n<p style=\"font-weight: 400;\">\u00a0\u00a0 Patogiai laikomas rankoje.<\/p>\n<p style=\"font-weight: 400;\">\u00a0\u00a0 Pjovimo kontrol\u0117 ir stabilumas.<\/p>\n<p>&nbsp;<\/p>\n<p><span style=\"color: #333333;\"><strong>Nepavyksta i\u0161rinkti dovanos mylimam \u017emogui?<\/strong><\/span><br \/>\n<strong><span style=\"color: #333333;\">Abejoji, kad ne\u012ftiksi?<\/span><\/strong><br \/>\n<span style=\"color: #ff0000;\"><strong>TURIME SPRENDIM\u0104 ! -&gt; <span style=\"font-size: 20px;\"><em><span style=\"color: #339966;\"><a style=\"color: #339966;\" href=\"https:\/\/katanaimi.com\/lt\/shop\/dovanu-kuponas\/\">Dova<\/a><\/span><\/em><\/span><\/strong><\/span><a style=\"color: #ff0000;\" href=\"https:\/\/katanaimi.com\/lt\/shop\/dovanu-kuponas\/\"><span style=\"font-size: 20px;\"><em><strong><span style=\"color: #339966;\">n\u0173 kuponas<\/span> <\/strong><\/em><\/span>!<\/a><\/p>\n<p>&nbsp;<\/p>\n","protected":false},"excerpt":{"rendered":"<p>Biud\u017eetinis Peilis &#8211; kapokl\u0117 Chun 20cm BARBARIAN By KATANAIMI pagamintas i\u0161 ner\u016bdijan\u010dio tvirto plieno\u00a03CR-13. Tai kokybi\u0161kiausias plienas sukurtas specialiai peili\u0173 gamybai. \u0160is peilis\u00a0labai a\u0161trus, greitai ir efektyviai sukapoja, supjausto, susmulkina dar\u017eoves, vaisius, m\u0117s\u0105 ar kitus produktus. A\u0161men\u0173 kietumas:\u00a054 + -2HRC \u0160is BARBARIAN By KATANAIMI\u00a0kolekcijos peilis\u00a0pagamintas i\u0161\u00a0auk\u0161\u010diausios kokyb\u0117s ner\u016bdijan\u010dio\u00a03CR-13\u00a0plieno. Ypatingai a\u0161trus ir tvirtas. \u0160is i\u0161skirtinio dizaino\u00a0profesionalus [&hellip;]<\/p>\n","protected":false},"featured_media":2605,"template":"","meta":{"inline_featured_image":false},"product_cat":[546],"product_tag":[],"giftcard-category":[],"class_list":{"0":"post-2604","1":"product","2":"type-product","3":"status-publish","4":"has-post-thumbnail","6":"product_cat-a","8":"first","9":"instock","10":"sale","11":"purchasable","12":"product-type-simple"},"yoast_head":"<!-- This site is optimized with the Yoast SEO plugin v24.0 - https:\/\/yoast.com\/wordpress\/plugins\/seo\/ -->\n<title>PEILIS - KAPOKL\u0116 CHUN 20CM BARBARIAN BY KATANAIMI - Katanami.com<\/title>\n<meta name=\"robots\" content=\"index, follow, max-snippet:-1, max-image-preview:large, max-video-preview:-1\" \/>\n<link rel=\"canonical\" href=\"https:\/\/katanaimi.com\/lt\/shop\/peilis-kapokle-chun-20cm-barbarian-by-katanaimi\/\" \/>\n<meta property=\"og:locale\" content=\"lt_LT\" \/>\n<meta property=\"og:type\" content=\"article\" \/>\n<meta property=\"og:title\" content=\"PEILIS - KAPOKL\u0116 CHUN 20CM BARBARIAN BY KATANAIMI - Katanami.com\" \/>\n<meta property=\"og:description\" content=\"Biud\u017eetinis Peilis &#8211; kapokl\u0117 Chun 20cm BARBARIAN By KATANAIMI pagamintas i\u0161 ner\u016bdijan\u010dio tvirto plieno\u00a03CR-13. Tai kokybi\u0161kiausias plienas sukurtas specialiai peili\u0173 gamybai. \u0160is peilis\u00a0labai a\u0161trus, greitai ir efektyviai sukapoja, supjausto, susmulkina dar\u017eoves, vaisius, m\u0117s\u0105 ar kitus produktus. A\u0161men\u0173 kietumas:\u00a054 + -2HRC \u0160is BARBARIAN By KATANAIMI\u00a0kolekcijos peilis\u00a0pagamintas i\u0161\u00a0auk\u0161\u010diausios kokyb\u0117s ner\u016bdijan\u010dio\u00a03CR-13\u00a0plieno. Ypatingai a\u0161trus ir tvirtas. \u0160is i\u0161skirtinio dizaino\u00a0profesionalus [&hellip;]\" \/>\n<meta property=\"og:url\" content=\"https:\/\/katanaimi.com\/lt\/shop\/peilis-kapokle-chun-20cm-barbarian-by-katanaimi\/\" \/>\n<meta property=\"og:site_name\" content=\"Katanami.com\" \/>\n<meta property=\"article:modified_time\" content=\"2025-09-22T05:08:28+00:00\" \/>\n<meta property=\"og:image\" content=\"https:\/\/katanaimi.com\/wp-content\/uploads\/2023\/02\/KK-1029-8-inch-1-scaled.jpg\" \/>\n\t<meta property=\"og:image:width\" content=\"2560\" \/>\n\t<meta property=\"og:image:height\" content=\"1924\" \/>\n\t<meta property=\"og:image:type\" content=\"image\/jpeg\" \/>\n<meta name=\"twitter:card\" content=\"summary_large_image\" \/>\n<meta name=\"twitter:label1\" content=\"Est. reading time\" \/>\n\t<meta name=\"twitter:data1\" content=\"1 minut\u0117\" \/>\n<script type=\"application\/ld+json\" class=\"yoast-schema-graph\">{\"@context\":\"https:\/\/schema.org\",\"@graph\":[{\"@type\":\"WebPage\",\"@id\":\"https:\/\/katanaimi.com\/lt\/shop\/peilis-kapokle-chun-20cm-barbarian-by-katanaimi\/\",\"url\":\"https:\/\/katanaimi.com\/lt\/shop\/peilis-kapokle-chun-20cm-barbarian-by-katanaimi\/\",\"name\":\"PEILIS - KAPOKL\u0116 CHUN 20CM BARBARIAN BY KATANAIMI - Katanami.com\",\"isPartOf\":{\"@id\":\"https:\/\/katanaimi.com\/#website\"},\"primaryImageOfPage\":{\"@id\":\"https:\/\/katanaimi.com\/lt\/shop\/peilis-kapokle-chun-20cm-barbarian-by-katanaimi\/#primaryimage\"},\"image\":{\"@id\":\"https:\/\/katanaimi.com\/lt\/shop\/peilis-kapokle-chun-20cm-barbarian-by-katanaimi\/#primaryimage\"},\"thumbnailUrl\":\"https:\/\/katanaimi.com\/wp-content\/uploads\/2023\/02\/KK-1029-8-inch-1-scaled.jpg\",\"datePublished\":\"2023-02-12T17:34:16+00:00\",\"dateModified\":\"2025-09-22T05:08:28+00:00\",\"breadcrumb\":{\"@id\":\"https:\/\/katanaimi.com\/lt\/shop\/peilis-kapokle-chun-20cm-barbarian-by-katanaimi\/#breadcrumb\"},\"inLanguage\":\"lt-LT\",\"potentialAction\":[{\"@type\":\"ReadAction\",\"target\":[\"https:\/\/katanaimi.com\/lt\/shop\/peilis-kapokle-chun-20cm-barbarian-by-katanaimi\/\"]}]},{\"@type\":\"ImageObject\",\"inLanguage\":\"lt-LT\",\"@id\":\"https:\/\/katanaimi.com\/lt\/shop\/peilis-kapokle-chun-20cm-barbarian-by-katanaimi\/#primaryimage\",\"url\":\"https:\/\/katanaimi.com\/wp-content\/uploads\/2023\/02\/KK-1029-8-inch-1-scaled.jpg\",\"contentUrl\":\"https:\/\/katanaimi.com\/wp-content\/uploads\/2023\/02\/KK-1029-8-inch-1-scaled.jpg\",\"width\":2560,\"height\":1924,\"caption\":\"Santoku peilis\"},{\"@type\":\"BreadcrumbList\",\"@id\":\"https:\/\/katanaimi.com\/lt\/shop\/peilis-kapokle-chun-20cm-barbarian-by-katanaimi\/#breadcrumb\",\"itemListElement\":[{\"@type\":\"ListItem\",\"position\":1,\"name\":\"Home\",\"item\":\"https:\/\/katanaimi.com\/lv\/\"},{\"@type\":\"ListItem\",\"position\":2,\"name\":\"Katalogas\",\"item\":\"https:\/\/katanaimi.com\/lt\/katalogas\/\"},{\"@type\":\"ListItem\",\"position\":3,\"name\":\"PEILIS &#8211; KAPOKL\u0116 CHUN 20CM BARBARIAN BY KATANAIMI\"}]},{\"@type\":\"WebSite\",\"@id\":\"https:\/\/katanaimi.com\/#website\",\"url\":\"https:\/\/katanaimi.com\/\",\"name\":\"Katanami.com\",\"description\":\"Katanaimi: created out of a passion for the art of knife-making and a love of cooking.\",\"publisher\":{\"@id\":\"https:\/\/katanaimi.com\/#organization\"},\"potentialAction\":[{\"@type\":\"SearchAction\",\"target\":{\"@type\":\"EntryPoint\",\"urlTemplate\":\"https:\/\/katanaimi.com\/?s={search_term_string}\"},\"query-input\":{\"@type\":\"PropertyValueSpecification\",\"valueRequired\":true,\"valueName\":\"search_term_string\"}}],\"inLanguage\":\"lt-LT\"},{\"@type\":\"Organization\",\"@id\":\"https:\/\/katanaimi.com\/#organization\",\"name\":\"Katanami.com\",\"url\":\"https:\/\/katanaimi.com\/\",\"logo\":{\"@type\":\"ImageObject\",\"inLanguage\":\"lt-LT\",\"@id\":\"https:\/\/katanaimi.com\/#\/schema\/logo\/image\/\",\"url\":\"https:\/\/katanaimi.com\/wp-content\/uploads\/2021\/09\/logo-w.png\",\"contentUrl\":\"https:\/\/katanaimi.com\/wp-content\/uploads\/2021\/09\/logo-w.png\",\"width\":253,\"height\":108,\"caption\":\"Katanami.com\"},\"image\":{\"@id\":\"https:\/\/katanaimi.com\/#\/schema\/logo\/image\/\"}}]}<\/script>\n<!-- \/ Yoast SEO plugin. -->","yoast_head_json":{"title":"PEILIS - KAPOKL\u0116 CHUN 20CM BARBARIAN BY KATANAIMI - Katanami.com","robots":{"index":"index","follow":"follow","max-snippet":"max-snippet:-1","max-image-preview":"max-image-preview:large","max-video-preview":"max-video-preview:-1"},"canonical":"https:\/\/katanaimi.com\/lt\/shop\/peilis-kapokle-chun-20cm-barbarian-by-katanaimi\/","og_locale":"lt_LT","og_type":"article","og_title":"PEILIS - KAPOKL\u0116 CHUN 20CM BARBARIAN BY KATANAIMI - Katanami.com","og_description":"Biud\u017eetinis Peilis &#8211; kapokl\u0117 Chun 20cm BARBARIAN By KATANAIMI pagamintas i\u0161 ner\u016bdijan\u010dio tvirto plieno\u00a03CR-13. Tai kokybi\u0161kiausias plienas sukurtas specialiai peili\u0173 gamybai. \u0160is peilis\u00a0labai a\u0161trus, greitai ir efektyviai sukapoja, supjausto, susmulkina dar\u017eoves, vaisius, m\u0117s\u0105 ar kitus produktus. A\u0161men\u0173 kietumas:\u00a054 + -2HRC \u0160is BARBARIAN By KATANAIMI\u00a0kolekcijos peilis\u00a0pagamintas i\u0161\u00a0auk\u0161\u010diausios kokyb\u0117s ner\u016bdijan\u010dio\u00a03CR-13\u00a0plieno. Ypatingai a\u0161trus ir tvirtas. \u0160is i\u0161skirtinio dizaino\u00a0profesionalus [&hellip;]","og_url":"https:\/\/katanaimi.com\/lt\/shop\/peilis-kapokle-chun-20cm-barbarian-by-katanaimi\/","og_site_name":"Katanami.com","article_modified_time":"2025-09-22T05:08:28+00:00","og_image":[{"width":2560,"height":1924,"url":"https:\/\/katanaimi.com\/wp-content\/uploads\/2023\/02\/KK-1029-8-inch-1-scaled.jpg","type":"image\/jpeg"}],"twitter_card":"summary_large_image","twitter_misc":{"Est. reading time":"1 minut\u0117"},"schema":{"@context":"https:\/\/schema.org","@graph":[{"@type":"WebPage","@id":"https:\/\/katanaimi.com\/lt\/shop\/peilis-kapokle-chun-20cm-barbarian-by-katanaimi\/","url":"https:\/\/katanaimi.com\/lt\/shop\/peilis-kapokle-chun-20cm-barbarian-by-katanaimi\/","name":"PEILIS - KAPOKL\u0116 CHUN 20CM BARBARIAN BY KATANAIMI - Katanami.com","isPartOf":{"@id":"https:\/\/katanaimi.com\/#website"},"primaryImageOfPage":{"@id":"https:\/\/katanaimi.com\/lt\/shop\/peilis-kapokle-chun-20cm-barbarian-by-katanaimi\/#primaryimage"},"image":{"@id":"https:\/\/katanaimi.com\/lt\/shop\/peilis-kapokle-chun-20cm-barbarian-by-katanaimi\/#primaryimage"},"thumbnailUrl":"https:\/\/katanaimi.com\/wp-content\/uploads\/2023\/02\/KK-1029-8-inch-1-scaled.jpg","datePublished":"2023-02-12T17:34:16+00:00","dateModified":"2025-09-22T05:08:28+00:00","breadcrumb":{"@id":"https:\/\/katanaimi.com\/lt\/shop\/peilis-kapokle-chun-20cm-barbarian-by-katanaimi\/#breadcrumb"},"inLanguage":"lt-LT","potentialAction":[{"@type":"ReadAction","target":["https:\/\/katanaimi.com\/lt\/shop\/peilis-kapokle-chun-20cm-barbarian-by-katanaimi\/"]}]},{"@type":"ImageObject","inLanguage":"lt-LT","@id":"https:\/\/katanaimi.com\/lt\/shop\/peilis-kapokle-chun-20cm-barbarian-by-katanaimi\/#primaryimage","url":"https:\/\/katanaimi.com\/wp-content\/uploads\/2023\/02\/KK-1029-8-inch-1-scaled.jpg","contentUrl":"https:\/\/katanaimi.com\/wp-content\/uploads\/2023\/02\/KK-1029-8-inch-1-scaled.jpg","width":2560,"height":1924,"caption":"Santoku peilis"},{"@type":"BreadcrumbList","@id":"https:\/\/katanaimi.com\/lt\/shop\/peilis-kapokle-chun-20cm-barbarian-by-katanaimi\/#breadcrumb","itemListElement":[{"@type":"ListItem","position":1,"name":"Home","item":"https:\/\/katanaimi.com\/lv\/"},{"@type":"ListItem","position":2,"name":"Katalogas","item":"https:\/\/katanaimi.com\/lt\/katalogas\/"},{"@type":"ListItem","position":3,"name":"PEILIS &#8211; KAPOKL\u0116 CHUN 20CM BARBARIAN BY KATANAIMI"}]},{"@type":"WebSite","@id":"https:\/\/katanaimi.com\/#website","url":"https:\/\/katanaimi.com\/","name":"Katanami.com","description":"Katanaimi: created out of a passion for the art of knife-making and a love of cooking.","publisher":{"@id":"https:\/\/katanaimi.com\/#organization"},"potentialAction":[{"@type":"SearchAction","target":{"@type":"EntryPoint","urlTemplate":"https:\/\/katanaimi.com\/?s={search_term_string}"},"query-input":{"@type":"PropertyValueSpecification","valueRequired":true,"valueName":"search_term_string"}}],"inLanguage":"lt-LT"},{"@type":"Organization","@id":"https:\/\/katanaimi.com\/#organization","name":"Katanami.com","url":"https:\/\/katanaimi.com\/","logo":{"@type":"ImageObject","inLanguage":"lt-LT","@id":"https:\/\/katanaimi.com\/#\/schema\/logo\/image\/","url":"https:\/\/katanaimi.com\/wp-content\/uploads\/2021\/09\/logo-w.png","contentUrl":"https:\/\/katanaimi.com\/wp-content\/uploads\/2021\/09\/logo-w.png","width":253,"height":108,"caption":"Katanami.com"},"image":{"@id":"https:\/\/katanaimi.com\/#\/schema\/logo\/image\/"}}]}},"_links":{"self":[{"href":"https:\/\/katanaimi.com\/lt\/wp-json\/wp\/v2\/product\/2604","targetHints":{"allow":["GET"]}}],"collection":[{"href":"https:\/\/katanaimi.com\/lt\/wp-json\/wp\/v2\/product"}],"about":[{"href":"https:\/\/katanaimi.com\/lt\/wp-json\/wp\/v2\/types\/product"}],"wp:featuredmedia":[{"embeddable":true,"href":"https:\/\/katanaimi.com\/lt\/wp-json\/wp\/v2\/media\/2605"}],"wp:attachment":[{"href":"https:\/\/katanaimi.com\/lt\/wp-json\/wp\/v2\/media?parent=2604"}],"wp:term":[{"taxonomy":"product_cat","embeddable":true,"href":"https:\/\/katanaimi.com\/lt\/wp-json\/wp\/v2\/product_cat?post=2604"},{"taxonomy":"product_tag","embeddable":true,"href":"https:\/\/katanaimi.com\/lt\/wp-json\/wp\/v2\/product_tag?post=2604"},{"taxonomy":"giftcard-category","embeddable":true,"href":"https:\/\/katanaimi.com\/lt\/wp-json\/wp\/v2\/giftcard-category?post=2604"}],"curies":[{"name":"wp","href":"https:\/\/api.w.org\/{rel}","templated":true}]}}