{"id":2629,"date":"2023-02-12T17:29:46","date_gmt":"2023-02-12T19:29:46","guid":{"rendered":"https:\/\/katanaimi.com\/?post_type=product&#038;p=2629"},"modified":"2025-01-20T12:45:49","modified_gmt":"2025-01-20T14:45:49","slug":"kaltinis-carbon-santoku-peilis-20cm","status":"publish","type":"product","link":"https:\/\/katanaimi.com\/lt\/shop\/kaltinis-carbon-santoku-peilis-20cm\/","title":{"rendered":"KALTINIS CARBON \u0160efo PEILIS 20CM"},"content":{"rendered":"<p>Kaltinis \u0161efo peilis By KATANAIMI pagamintas i\u0161 ypa\u010d tvirto plieno 5CR15Mov. Tai plienas sukurtas specialiai peili\u0173 gamybai.<br \/>\n\u0160is peilis ypatingai a\u0161trus, puikiai pjauna tiek dar\u017eov\u0117s tiek m\u0117s\u0105.<br \/>\nA\u0161men\u0173 kietumas: 58 HRC<\/p>\n<p>\u0160ie peiliai skirti tikriems meistrams.<br \/>\n\u0160is i\u0161skirtinio dizaino profesionalus \u0161efo peilis skirtas produkt\u0173 i\u0161pjaustymui bei pjaustymui. Puikiai pjausto ir i\u0161pjausto m\u0117s\u0105 ir kitus produktus. Jis turi ypa\u010d a\u0161trius a\u0161menis bei a\u0161tr\u0173 smaigal\u012f, kurio d\u0117ka pjaustysite lengvai ir tiksliai.<br \/>\n&#8211;<br \/>\nKaltinio \u0161efo peilio savyb\u0117s:<br \/>\nRankena: Kompozicinio pluo\u0161to\/ CARBON<br \/>\nI\u0161matavimai: a\u0161men\u0173 ilgis:20 cm, bendras peilio ilgis: ~32 cm;<br \/>\n&#8211;<\/p>\n<p><span style=\"color: #333333;\"><strong>Nepavyksta i\u0161rinkti dovanos mylimam \u017emogui?<\/strong><\/span><br \/>\n<strong><span style=\"color: #333333;\">Abejoji, kad ne\u012ftiksi?<\/span><\/strong><br \/>\n<span style=\"color: #ff0000;\"><strong>TURIME SPRENDIM\u0104 ! -&gt; <span style=\"font-size: 20px;\"><em><span style=\"color: #339966;\"><a style=\"color: #339966;\" href=\"https:\/\/katanaimi.com\/lt\/shop\/dovanu-kuponas\/\">Dova<\/a><\/span><\/em><\/span><\/strong><\/span><a style=\"color: #ff0000;\" href=\"https:\/\/katanaimi.com\/lt\/shop\/dovanu-kuponas\/\"><span style=\"font-size: 20px;\"><em><strong><span style=\"color: #339966;\">n\u0173 kuponas<\/span> <\/strong><\/em><\/span>!<\/a><\/p>\n<p>&nbsp;<\/p>\n","protected":false},"excerpt":{"rendered":"<p>Kaltinis \u0161efo peilis By KATANAIMI pagamintas i\u0161 ypa\u010d tvirto plieno 5CR15Mov. Tai plienas sukurtas specialiai peili\u0173 gamybai. \u0160is peilis ypatingai a\u0161trus, puikiai pjauna tiek dar\u017eov\u0117s tiek m\u0117s\u0105. A\u0161men\u0173 kietumas: 58 HRC \u0160ie peiliai skirti tikriems meistrams. \u0160is i\u0161skirtinio dizaino profesionalus \u0161efo peilis skirtas produkt\u0173 i\u0161pjaustymui bei pjaustymui. Puikiai pjausto ir i\u0161pjausto m\u0117s\u0105 ir kitus produktus. [&hellip;]<\/p>\n","protected":false},"featured_media":2630,"template":"","meta":{"inline_featured_image":false},"product_cat":[546],"product_tag":[],"giftcard-category":[],"class_list":{"0":"post-2629","1":"product","2":"type-product","3":"status-publish","4":"has-post-thumbnail","6":"product_cat-a","8":"first","9":"instock","10":"sale","11":"purchasable","12":"product-type-simple"},"yoast_head":"<!-- This site is optimized with the Yoast SEO plugin v24.0 - https:\/\/yoast.com\/wordpress\/plugins\/seo\/ -->\n<title>KALTINIS CARBON \u0160efo PEILIS 20CM - Katanami.com<\/title>\n<meta name=\"robots\" content=\"index, follow, max-snippet:-1, max-image-preview:large, max-video-preview:-1\" \/>\n<link rel=\"canonical\" href=\"https:\/\/katanaimi.com\/lt\/shop\/kaltinis-carbon-santoku-peilis-20cm\/\" \/>\n<meta property=\"og:locale\" content=\"lt_LT\" \/>\n<meta property=\"og:type\" content=\"article\" \/>\n<meta property=\"og:title\" content=\"KALTINIS CARBON \u0160efo PEILIS 20CM - Katanami.com\" \/>\n<meta property=\"og:description\" content=\"Kaltinis \u0161efo peilis By KATANAIMI pagamintas i\u0161 ypa\u010d tvirto plieno 5CR15Mov. Tai plienas sukurtas specialiai peili\u0173 gamybai. \u0160is peilis ypatingai a\u0161trus, puikiai pjauna tiek dar\u017eov\u0117s tiek m\u0117s\u0105. A\u0161men\u0173 kietumas: 58 HRC \u0160ie peiliai skirti tikriems meistrams. \u0160is i\u0161skirtinio dizaino profesionalus \u0161efo peilis skirtas produkt\u0173 i\u0161pjaustymui bei pjaustymui. Puikiai pjausto ir i\u0161pjausto m\u0117s\u0105 ir kitus produktus. [&hellip;]\" \/>\n<meta property=\"og:url\" content=\"https:\/\/katanaimi.com\/lt\/shop\/kaltinis-carbon-santoku-peilis-20cm\/\" \/>\n<meta property=\"og:site_name\" content=\"Katanami.com\" \/>\n<meta property=\"article:modified_time\" content=\"2025-01-20T14:45:49+00:00\" \/>\n<meta property=\"og:image\" content=\"https:\/\/katanaimi.com\/wp-content\/uploads\/2023\/02\/HK-1023B-8.5inch-1-scaled.jpg\" \/>\n\t<meta property=\"og:image:width\" content=\"2560\" \/>\n\t<meta property=\"og:image:height\" content=\"1924\" \/>\n\t<meta property=\"og:image:type\" content=\"image\/jpeg\" \/>\n<meta name=\"twitter:card\" content=\"summary_large_image\" \/>\n<meta name=\"twitter:label1\" content=\"Est. reading time\" \/>\n\t<meta name=\"twitter:data1\" content=\"1 minut\u0117\" \/>\n<script type=\"application\/ld+json\" class=\"yoast-schema-graph\">{\"@context\":\"https:\/\/schema.org\",\"@graph\":[{\"@type\":\"WebPage\",\"@id\":\"https:\/\/katanaimi.com\/lt\/shop\/kaltinis-carbon-santoku-peilis-20cm\/\",\"url\":\"https:\/\/katanaimi.com\/lt\/shop\/kaltinis-carbon-santoku-peilis-20cm\/\",\"name\":\"KALTINIS CARBON \u0160efo PEILIS 20CM - Katanami.com\",\"isPartOf\":{\"@id\":\"https:\/\/katanaimi.com\/#website\"},\"primaryImageOfPage\":{\"@id\":\"https:\/\/katanaimi.com\/lt\/shop\/kaltinis-carbon-santoku-peilis-20cm\/#primaryimage\"},\"image\":{\"@id\":\"https:\/\/katanaimi.com\/lt\/shop\/kaltinis-carbon-santoku-peilis-20cm\/#primaryimage\"},\"thumbnailUrl\":\"https:\/\/katanaimi.com\/wp-content\/uploads\/2023\/02\/HK-1023B-8.5inch-1-scaled.jpg\",\"datePublished\":\"2023-02-12T19:29:46+00:00\",\"dateModified\":\"2025-01-20T14:45:49+00:00\",\"breadcrumb\":{\"@id\":\"https:\/\/katanaimi.com\/lt\/shop\/kaltinis-carbon-santoku-peilis-20cm\/#breadcrumb\"},\"inLanguage\":\"lt-LT\",\"potentialAction\":[{\"@type\":\"ReadAction\",\"target\":[\"https:\/\/katanaimi.com\/lt\/shop\/kaltinis-carbon-santoku-peilis-20cm\/\"]}]},{\"@type\":\"ImageObject\",\"inLanguage\":\"lt-LT\",\"@id\":\"https:\/\/katanaimi.com\/lt\/shop\/kaltinis-carbon-santoku-peilis-20cm\/#primaryimage\",\"url\":\"https:\/\/katanaimi.com\/wp-content\/uploads\/2023\/02\/HK-1023B-8.5inch-1-scaled.jpg\",\"contentUrl\":\"https:\/\/katanaimi.com\/wp-content\/uploads\/2023\/02\/HK-1023B-8.5inch-1-scaled.jpg\",\"width\":2560,\"height\":1924,\"caption\":\"Kaltinis \u0161efo peilis\"},{\"@type\":\"BreadcrumbList\",\"@id\":\"https:\/\/katanaimi.com\/lt\/shop\/kaltinis-carbon-santoku-peilis-20cm\/#breadcrumb\",\"itemListElement\":[{\"@type\":\"ListItem\",\"position\":1,\"name\":\"Home\",\"item\":\"https:\/\/katanaimi.com\/lv\/\"},{\"@type\":\"ListItem\",\"position\":2,\"name\":\"Katalogas\",\"item\":\"https:\/\/katanaimi.com\/lt\/katalogas\/\"},{\"@type\":\"ListItem\",\"position\":3,\"name\":\"KALTINIS CARBON \u0160efo PEILIS 20CM\"}]},{\"@type\":\"WebSite\",\"@id\":\"https:\/\/katanaimi.com\/#website\",\"url\":\"https:\/\/katanaimi.com\/\",\"name\":\"Katanami.com\",\"description\":\"Katanaimi: created out of a passion for the art of knife-making and a love of cooking.\",\"publisher\":{\"@id\":\"https:\/\/katanaimi.com\/#organization\"},\"potentialAction\":[{\"@type\":\"SearchAction\",\"target\":{\"@type\":\"EntryPoint\",\"urlTemplate\":\"https:\/\/katanaimi.com\/?s={search_term_string}\"},\"query-input\":{\"@type\":\"PropertyValueSpecification\",\"valueRequired\":true,\"valueName\":\"search_term_string\"}}],\"inLanguage\":\"lt-LT\"},{\"@type\":\"Organization\",\"@id\":\"https:\/\/katanaimi.com\/#organization\",\"name\":\"Katanami.com\",\"url\":\"https:\/\/katanaimi.com\/\",\"logo\":{\"@type\":\"ImageObject\",\"inLanguage\":\"lt-LT\",\"@id\":\"https:\/\/katanaimi.com\/#\/schema\/logo\/image\/\",\"url\":\"https:\/\/katanaimi.com\/wp-content\/uploads\/2021\/09\/logo-w.png\",\"contentUrl\":\"https:\/\/katanaimi.com\/wp-content\/uploads\/2021\/09\/logo-w.png\",\"width\":253,\"height\":108,\"caption\":\"Katanami.com\"},\"image\":{\"@id\":\"https:\/\/katanaimi.com\/#\/schema\/logo\/image\/\"}}]}<\/script>\n<!-- \/ Yoast SEO plugin. -->","yoast_head_json":{"title":"KALTINIS CARBON \u0160efo PEILIS 20CM - Katanami.com","robots":{"index":"index","follow":"follow","max-snippet":"max-snippet:-1","max-image-preview":"max-image-preview:large","max-video-preview":"max-video-preview:-1"},"canonical":"https:\/\/katanaimi.com\/lt\/shop\/kaltinis-carbon-santoku-peilis-20cm\/","og_locale":"lt_LT","og_type":"article","og_title":"KALTINIS CARBON \u0160efo PEILIS 20CM - Katanami.com","og_description":"Kaltinis \u0161efo peilis By KATANAIMI pagamintas i\u0161 ypa\u010d tvirto plieno 5CR15Mov. Tai plienas sukurtas specialiai peili\u0173 gamybai. \u0160is peilis ypatingai a\u0161trus, puikiai pjauna tiek dar\u017eov\u0117s tiek m\u0117s\u0105. A\u0161men\u0173 kietumas: 58 HRC \u0160ie peiliai skirti tikriems meistrams. \u0160is i\u0161skirtinio dizaino profesionalus \u0161efo peilis skirtas produkt\u0173 i\u0161pjaustymui bei pjaustymui. Puikiai pjausto ir i\u0161pjausto m\u0117s\u0105 ir kitus produktus. [&hellip;]","og_url":"https:\/\/katanaimi.com\/lt\/shop\/kaltinis-carbon-santoku-peilis-20cm\/","og_site_name":"Katanami.com","article_modified_time":"2025-01-20T14:45:49+00:00","og_image":[{"width":2560,"height":1924,"url":"https:\/\/katanaimi.com\/wp-content\/uploads\/2023\/02\/HK-1023B-8.5inch-1-scaled.jpg","type":"image\/jpeg"}],"twitter_card":"summary_large_image","twitter_misc":{"Est. reading time":"1 minut\u0117"},"schema":{"@context":"https:\/\/schema.org","@graph":[{"@type":"WebPage","@id":"https:\/\/katanaimi.com\/lt\/shop\/kaltinis-carbon-santoku-peilis-20cm\/","url":"https:\/\/katanaimi.com\/lt\/shop\/kaltinis-carbon-santoku-peilis-20cm\/","name":"KALTINIS CARBON \u0160efo PEILIS 20CM - Katanami.com","isPartOf":{"@id":"https:\/\/katanaimi.com\/#website"},"primaryImageOfPage":{"@id":"https:\/\/katanaimi.com\/lt\/shop\/kaltinis-carbon-santoku-peilis-20cm\/#primaryimage"},"image":{"@id":"https:\/\/katanaimi.com\/lt\/shop\/kaltinis-carbon-santoku-peilis-20cm\/#primaryimage"},"thumbnailUrl":"https:\/\/katanaimi.com\/wp-content\/uploads\/2023\/02\/HK-1023B-8.5inch-1-scaled.jpg","datePublished":"2023-02-12T19:29:46+00:00","dateModified":"2025-01-20T14:45:49+00:00","breadcrumb":{"@id":"https:\/\/katanaimi.com\/lt\/shop\/kaltinis-carbon-santoku-peilis-20cm\/#breadcrumb"},"inLanguage":"lt-LT","potentialAction":[{"@type":"ReadAction","target":["https:\/\/katanaimi.com\/lt\/shop\/kaltinis-carbon-santoku-peilis-20cm\/"]}]},{"@type":"ImageObject","inLanguage":"lt-LT","@id":"https:\/\/katanaimi.com\/lt\/shop\/kaltinis-carbon-santoku-peilis-20cm\/#primaryimage","url":"https:\/\/katanaimi.com\/wp-content\/uploads\/2023\/02\/HK-1023B-8.5inch-1-scaled.jpg","contentUrl":"https:\/\/katanaimi.com\/wp-content\/uploads\/2023\/02\/HK-1023B-8.5inch-1-scaled.jpg","width":2560,"height":1924,"caption":"Kaltinis \u0161efo peilis"},{"@type":"BreadcrumbList","@id":"https:\/\/katanaimi.com\/lt\/shop\/kaltinis-carbon-santoku-peilis-20cm\/#breadcrumb","itemListElement":[{"@type":"ListItem","position":1,"name":"Home","item":"https:\/\/katanaimi.com\/lv\/"},{"@type":"ListItem","position":2,"name":"Katalogas","item":"https:\/\/katanaimi.com\/lt\/katalogas\/"},{"@type":"ListItem","position":3,"name":"KALTINIS CARBON \u0160efo PEILIS 20CM"}]},{"@type":"WebSite","@id":"https:\/\/katanaimi.com\/#website","url":"https:\/\/katanaimi.com\/","name":"Katanami.com","description":"Katanaimi: created out of a passion for the art of knife-making and a love of cooking.","publisher":{"@id":"https:\/\/katanaimi.com\/#organization"},"potentialAction":[{"@type":"SearchAction","target":{"@type":"EntryPoint","urlTemplate":"https:\/\/katanaimi.com\/?s={search_term_string}"},"query-input":{"@type":"PropertyValueSpecification","valueRequired":true,"valueName":"search_term_string"}}],"inLanguage":"lt-LT"},{"@type":"Organization","@id":"https:\/\/katanaimi.com\/#organization","name":"Katanami.com","url":"https:\/\/katanaimi.com\/","logo":{"@type":"ImageObject","inLanguage":"lt-LT","@id":"https:\/\/katanaimi.com\/#\/schema\/logo\/image\/","url":"https:\/\/katanaimi.com\/wp-content\/uploads\/2021\/09\/logo-w.png","contentUrl":"https:\/\/katanaimi.com\/wp-content\/uploads\/2021\/09\/logo-w.png","width":253,"height":108,"caption":"Katanami.com"},"image":{"@id":"https:\/\/katanaimi.com\/#\/schema\/logo\/image\/"}}]}},"_links":{"self":[{"href":"https:\/\/katanaimi.com\/lt\/wp-json\/wp\/v2\/product\/2629","targetHints":{"allow":["GET"]}}],"collection":[{"href":"https:\/\/katanaimi.com\/lt\/wp-json\/wp\/v2\/product"}],"about":[{"href":"https:\/\/katanaimi.com\/lt\/wp-json\/wp\/v2\/types\/product"}],"wp:featuredmedia":[{"embeddable":true,"href":"https:\/\/katanaimi.com\/lt\/wp-json\/wp\/v2\/media\/2630"}],"wp:attachment":[{"href":"https:\/\/katanaimi.com\/lt\/wp-json\/wp\/v2\/media?parent=2629"}],"wp:term":[{"taxonomy":"product_cat","embeddable":true,"href":"https:\/\/katanaimi.com\/lt\/wp-json\/wp\/v2\/product_cat?post=2629"},{"taxonomy":"product_tag","embeddable":true,"href":"https:\/\/katanaimi.com\/lt\/wp-json\/wp\/v2\/product_tag?post=2629"},{"taxonomy":"giftcard-category","embeddable":true,"href":"https:\/\/katanaimi.com\/lt\/wp-json\/wp\/v2\/giftcard-category?post=2629"}],"curies":[{"name":"wp","href":"https:\/\/api.w.org\/{rel}","templated":true}]}}