{"id":2944,"date":"2023-05-18T13:54:28","date_gmt":"2023-05-18T15:54:28","guid":{"rendered":"https:\/\/katanaimi.com\/?post_type=product&#038;p=2944"},"modified":"2025-01-15T06:39:07","modified_gmt":"2025-01-15T08:39:07","slug":"peilio-galastuvas-barbarian","status":"publish","type":"product","link":"https:\/\/katanaimi.com\/lt\/shop\/peilio-galastuvas-barbarian\/","title":{"rendered":"PEILIO GAL\u0104STUVAS BARBARIAN BY KATANAIMI"},"content":{"rendered":"<p><strong>Tai patogus ir lengvas budas visada tureti a\u0161trius peilius !<\/strong><\/p>\n<p>&nbsp;<\/p>\n<p>I\u0161matavimai:\u00a0 ilgis:\u00a020 cm, bendras ilgis: 28cm;<\/p>\n<p><span style=\"color: #333333;\"><strong>Nepavyksta i\u0161rinkti dovanos mylimam \u017emogui?<\/strong><\/span><br \/>\n<strong><span style=\"color: #333333;\">Abejoji, kad ne\u012ftiksi?<\/span><\/strong><br \/>\n<span style=\"color: #ff0000;\"><strong>TURIME SPRENDIM\u0104 ! -&gt; <span style=\"font-size: 20px;\"><em><span style=\"color: #339966;\"><a style=\"color: #339966;\" href=\"https:\/\/katanaimi.com\/lt\/shop\/dovanu-kuponas\/\">Dova<\/a><\/span><\/em><\/span><\/strong><\/span><a style=\"color: #ff0000;\" href=\"https:\/\/katanaimi.com\/lt\/shop\/dovanu-kuponas\/\"><span style=\"font-size: 20px;\"><em><strong><span style=\"color: #339966;\">n\u0173 kuponas<\/span> <\/strong><\/em><\/span>!<\/a><\/p>\n<p>&nbsp;<\/p>\n<p>&nbsp;<\/p>\n","protected":false},"excerpt":{"rendered":"<p>Tai patogus ir lengvas budas visada tureti a\u0161trius peilius ! &nbsp; I\u0161matavimai:\u00a0 ilgis:\u00a020 cm, bendras ilgis: 28cm; Nepavyksta i\u0161rinkti dovanos mylimam \u017emogui? Abejoji, kad ne\u012ftiksi? TURIME SPRENDIM\u0104 ! -&gt; Dovan\u0173 kuponas ! &nbsp; &nbsp;<\/p>\n","protected":false},"featured_media":2916,"template":"","meta":{"inline_featured_image":false},"product_cat":[546,547],"product_tag":[],"giftcard-category":[],"class_list":{"0":"post-2944","1":"product","2":"type-product","3":"status-publish","4":"has-post-thumbnail","6":"product_cat-a","7":"product_cat-japoniski-damascus-vireju-peiliai","9":"first","10":"instock","11":"sale","12":"purchasable","13":"product-type-simple"},"yoast_head":"<!-- This site is optimized with the Yoast SEO plugin v24.0 - https:\/\/yoast.com\/wordpress\/plugins\/seo\/ -->\n<title>PEILIO GAL\u0104STUVAS BARBARIAN BY KATANAIMI - Katanami.com<\/title>\n<meta name=\"robots\" content=\"index, follow, max-snippet:-1, max-image-preview:large, max-video-preview:-1\" \/>\n<link rel=\"canonical\" href=\"https:\/\/katanaimi.com\/lt\/shop\/peilio-galastuvas-barbarian\/\" \/>\n<meta property=\"og:locale\" content=\"lt_LT\" \/>\n<meta property=\"og:type\" content=\"article\" \/>\n<meta property=\"og:title\" content=\"PEILIO GAL\u0104STUVAS BARBARIAN BY KATANAIMI - Katanami.com\" \/>\n<meta property=\"og:description\" content=\"Tai patogus ir lengvas budas visada tureti a\u0161trius peilius ! &nbsp; I\u0161matavimai:\u00a0 ilgis:\u00a020 cm, bendras ilgis: 28cm; Nepavyksta i\u0161rinkti dovanos mylimam \u017emogui? Abejoji, kad ne\u012ftiksi? TURIME SPRENDIM\u0104 ! -&gt; Dovan\u0173 kuponas ! &nbsp; &nbsp;\" \/>\n<meta property=\"og:url\" content=\"https:\/\/katanaimi.com\/lt\/shop\/peilio-galastuvas-barbarian\/\" \/>\n<meta property=\"og:site_name\" content=\"Katanami.com\" \/>\n<meta property=\"article:modified_time\" content=\"2025-01-15T08:39:07+00:00\" \/>\n<meta property=\"og:image\" content=\"https:\/\/katanaimi.com\/wp-content\/uploads\/2023\/05\/IMG_8005-1-1-scaled.jpg\" \/>\n\t<meta property=\"og:image:width\" content=\"2560\" \/>\n\t<meta property=\"og:image:height\" content=\"1924\" \/>\n\t<meta property=\"og:image:type\" content=\"image\/jpeg\" \/>\n<meta name=\"twitter:card\" content=\"summary_large_image\" \/>\n<meta name=\"twitter:label1\" content=\"Est. reading time\" \/>\n\t<meta name=\"twitter:data1\" content=\"1 minut\u0117\" \/>\n<script type=\"application\/ld+json\" class=\"yoast-schema-graph\">{\"@context\":\"https:\/\/schema.org\",\"@graph\":[{\"@type\":\"WebPage\",\"@id\":\"https:\/\/katanaimi.com\/lt\/shop\/peilio-galastuvas-barbarian\/\",\"url\":\"https:\/\/katanaimi.com\/lt\/shop\/peilio-galastuvas-barbarian\/\",\"name\":\"PEILIO GAL\u0104STUVAS BARBARIAN BY KATANAIMI - Katanami.com\",\"isPartOf\":{\"@id\":\"https:\/\/katanaimi.com\/#website\"},\"primaryImageOfPage\":{\"@id\":\"https:\/\/katanaimi.com\/lt\/shop\/peilio-galastuvas-barbarian\/#primaryimage\"},\"image\":{\"@id\":\"https:\/\/katanaimi.com\/lt\/shop\/peilio-galastuvas-barbarian\/#primaryimage\"},\"thumbnailUrl\":\"https:\/\/katanaimi.com\/wp-content\/uploads\/2023\/05\/IMG_8005-1-1-scaled.jpg\",\"datePublished\":\"2023-05-18T15:54:28+00:00\",\"dateModified\":\"2025-01-15T08:39:07+00:00\",\"breadcrumb\":{\"@id\":\"https:\/\/katanaimi.com\/lt\/shop\/peilio-galastuvas-barbarian\/#breadcrumb\"},\"inLanguage\":\"lt-LT\",\"potentialAction\":[{\"@type\":\"ReadAction\",\"target\":[\"https:\/\/katanaimi.com\/lt\/shop\/peilio-galastuvas-barbarian\/\"]}]},{\"@type\":\"ImageObject\",\"inLanguage\":\"lt-LT\",\"@id\":\"https:\/\/katanaimi.com\/lt\/shop\/peilio-galastuvas-barbarian\/#primaryimage\",\"url\":\"https:\/\/katanaimi.com\/wp-content\/uploads\/2023\/05\/IMG_8005-1-1-scaled.jpg\",\"contentUrl\":\"https:\/\/katanaimi.com\/wp-content\/uploads\/2023\/05\/IMG_8005-1-1-scaled.jpg\",\"width\":2560,\"height\":1924},{\"@type\":\"BreadcrumbList\",\"@id\":\"https:\/\/katanaimi.com\/lt\/shop\/peilio-galastuvas-barbarian\/#breadcrumb\",\"itemListElement\":[{\"@type\":\"ListItem\",\"position\":1,\"name\":\"Home\",\"item\":\"https:\/\/katanaimi.com\/lv\/\"},{\"@type\":\"ListItem\",\"position\":2,\"name\":\"Katalogas\",\"item\":\"https:\/\/katanaimi.com\/lt\/katalogas\/\"},{\"@type\":\"ListItem\",\"position\":3,\"name\":\"PEILIO GAL\u0104STUVAS BARBARIAN BY KATANAIMI\"}]},{\"@type\":\"WebSite\",\"@id\":\"https:\/\/katanaimi.com\/#website\",\"url\":\"https:\/\/katanaimi.com\/\",\"name\":\"Katanami.com\",\"description\":\"Katanaimi: created out of a passion for the art of knife-making and a love of cooking.\",\"publisher\":{\"@id\":\"https:\/\/katanaimi.com\/#organization\"},\"potentialAction\":[{\"@type\":\"SearchAction\",\"target\":{\"@type\":\"EntryPoint\",\"urlTemplate\":\"https:\/\/katanaimi.com\/?s={search_term_string}\"},\"query-input\":{\"@type\":\"PropertyValueSpecification\",\"valueRequired\":true,\"valueName\":\"search_term_string\"}}],\"inLanguage\":\"lt-LT\"},{\"@type\":\"Organization\",\"@id\":\"https:\/\/katanaimi.com\/#organization\",\"name\":\"Katanami.com\",\"url\":\"https:\/\/katanaimi.com\/\",\"logo\":{\"@type\":\"ImageObject\",\"inLanguage\":\"lt-LT\",\"@id\":\"https:\/\/katanaimi.com\/#\/schema\/logo\/image\/\",\"url\":\"https:\/\/katanaimi.com\/wp-content\/uploads\/2021\/09\/logo-w.png\",\"contentUrl\":\"https:\/\/katanaimi.com\/wp-content\/uploads\/2021\/09\/logo-w.png\",\"width\":253,\"height\":108,\"caption\":\"Katanami.com\"},\"image\":{\"@id\":\"https:\/\/katanaimi.com\/#\/schema\/logo\/image\/\"}}]}<\/script>\n<!-- \/ Yoast SEO plugin. -->","yoast_head_json":{"title":"PEILIO GAL\u0104STUVAS BARBARIAN BY KATANAIMI - Katanami.com","robots":{"index":"index","follow":"follow","max-snippet":"max-snippet:-1","max-image-preview":"max-image-preview:large","max-video-preview":"max-video-preview:-1"},"canonical":"https:\/\/katanaimi.com\/lt\/shop\/peilio-galastuvas-barbarian\/","og_locale":"lt_LT","og_type":"article","og_title":"PEILIO GAL\u0104STUVAS BARBARIAN BY KATANAIMI - Katanami.com","og_description":"Tai patogus ir lengvas budas visada tureti a\u0161trius peilius ! &nbsp; I\u0161matavimai:\u00a0 ilgis:\u00a020 cm, bendras ilgis: 28cm; Nepavyksta i\u0161rinkti dovanos mylimam \u017emogui? Abejoji, kad ne\u012ftiksi? TURIME SPRENDIM\u0104 ! -&gt; Dovan\u0173 kuponas ! &nbsp; &nbsp;","og_url":"https:\/\/katanaimi.com\/lt\/shop\/peilio-galastuvas-barbarian\/","og_site_name":"Katanami.com","article_modified_time":"2025-01-15T08:39:07+00:00","og_image":[{"width":2560,"height":1924,"url":"https:\/\/katanaimi.com\/wp-content\/uploads\/2023\/05\/IMG_8005-1-1-scaled.jpg","type":"image\/jpeg"}],"twitter_card":"summary_large_image","twitter_misc":{"Est. reading time":"1 minut\u0117"},"schema":{"@context":"https:\/\/schema.org","@graph":[{"@type":"WebPage","@id":"https:\/\/katanaimi.com\/lt\/shop\/peilio-galastuvas-barbarian\/","url":"https:\/\/katanaimi.com\/lt\/shop\/peilio-galastuvas-barbarian\/","name":"PEILIO GAL\u0104STUVAS BARBARIAN BY KATANAIMI - Katanami.com","isPartOf":{"@id":"https:\/\/katanaimi.com\/#website"},"primaryImageOfPage":{"@id":"https:\/\/katanaimi.com\/lt\/shop\/peilio-galastuvas-barbarian\/#primaryimage"},"image":{"@id":"https:\/\/katanaimi.com\/lt\/shop\/peilio-galastuvas-barbarian\/#primaryimage"},"thumbnailUrl":"https:\/\/katanaimi.com\/wp-content\/uploads\/2023\/05\/IMG_8005-1-1-scaled.jpg","datePublished":"2023-05-18T15:54:28+00:00","dateModified":"2025-01-15T08:39:07+00:00","breadcrumb":{"@id":"https:\/\/katanaimi.com\/lt\/shop\/peilio-galastuvas-barbarian\/#breadcrumb"},"inLanguage":"lt-LT","potentialAction":[{"@type":"ReadAction","target":["https:\/\/katanaimi.com\/lt\/shop\/peilio-galastuvas-barbarian\/"]}]},{"@type":"ImageObject","inLanguage":"lt-LT","@id":"https:\/\/katanaimi.com\/lt\/shop\/peilio-galastuvas-barbarian\/#primaryimage","url":"https:\/\/katanaimi.com\/wp-content\/uploads\/2023\/05\/IMG_8005-1-1-scaled.jpg","contentUrl":"https:\/\/katanaimi.com\/wp-content\/uploads\/2023\/05\/IMG_8005-1-1-scaled.jpg","width":2560,"height":1924},{"@type":"BreadcrumbList","@id":"https:\/\/katanaimi.com\/lt\/shop\/peilio-galastuvas-barbarian\/#breadcrumb","itemListElement":[{"@type":"ListItem","position":1,"name":"Home","item":"https:\/\/katanaimi.com\/lv\/"},{"@type":"ListItem","position":2,"name":"Katalogas","item":"https:\/\/katanaimi.com\/lt\/katalogas\/"},{"@type":"ListItem","position":3,"name":"PEILIO GAL\u0104STUVAS BARBARIAN BY KATANAIMI"}]},{"@type":"WebSite","@id":"https:\/\/katanaimi.com\/#website","url":"https:\/\/katanaimi.com\/","name":"Katanami.com","description":"Katanaimi: created out of a passion for the art of knife-making and a love of cooking.","publisher":{"@id":"https:\/\/katanaimi.com\/#organization"},"potentialAction":[{"@type":"SearchAction","target":{"@type":"EntryPoint","urlTemplate":"https:\/\/katanaimi.com\/?s={search_term_string}"},"query-input":{"@type":"PropertyValueSpecification","valueRequired":true,"valueName":"search_term_string"}}],"inLanguage":"lt-LT"},{"@type":"Organization","@id":"https:\/\/katanaimi.com\/#organization","name":"Katanami.com","url":"https:\/\/katanaimi.com\/","logo":{"@type":"ImageObject","inLanguage":"lt-LT","@id":"https:\/\/katanaimi.com\/#\/schema\/logo\/image\/","url":"https:\/\/katanaimi.com\/wp-content\/uploads\/2021\/09\/logo-w.png","contentUrl":"https:\/\/katanaimi.com\/wp-content\/uploads\/2021\/09\/logo-w.png","width":253,"height":108,"caption":"Katanami.com"},"image":{"@id":"https:\/\/katanaimi.com\/#\/schema\/logo\/image\/"}}]}},"_links":{"self":[{"href":"https:\/\/katanaimi.com\/lt\/wp-json\/wp\/v2\/product\/2944","targetHints":{"allow":["GET"]}}],"collection":[{"href":"https:\/\/katanaimi.com\/lt\/wp-json\/wp\/v2\/product"}],"about":[{"href":"https:\/\/katanaimi.com\/lt\/wp-json\/wp\/v2\/types\/product"}],"wp:featuredmedia":[{"embeddable":true,"href":"https:\/\/katanaimi.com\/lt\/wp-json\/wp\/v2\/media\/2916"}],"wp:attachment":[{"href":"https:\/\/katanaimi.com\/lt\/wp-json\/wp\/v2\/media?parent=2944"}],"wp:term":[{"taxonomy":"product_cat","embeddable":true,"href":"https:\/\/katanaimi.com\/lt\/wp-json\/wp\/v2\/product_cat?post=2944"},{"taxonomy":"product_tag","embeddable":true,"href":"https:\/\/katanaimi.com\/lt\/wp-json\/wp\/v2\/product_tag?post=2944"},{"taxonomy":"giftcard-category","embeddable":true,"href":"https:\/\/katanaimi.com\/lt\/wp-json\/wp\/v2\/giftcard-category?post=2944"}],"curies":[{"name":"wp","href":"https:\/\/api.w.org\/{rel}","templated":true}]}}