{"id":3746,"date":"2020-05-18T06:17:37","date_gmt":"2020-05-18T08:17:37","guid":{"rendered":"https:\/\/katanaimi.com\/contacts\/"},"modified":"2024-12-09T10:42:41","modified_gmt":"2024-12-09T12:42:41","slug":"kontakti","status":"publish","type":"page","link":"https:\/\/katanaimi.com\/lv\/kontakti\/","title":{"rendered":"Kontakti"},"content":{"rendered":"\t\t<div data-elementor-type=\"wp-page\" data-elementor-id=\"3746\" class=\"elementor elementor-3746 elementor-347\">\n\t\t\t\t<div class=\"elementor-element elementor-element-d6d7263 e-flex e-con-boxed e-con e-parent\" data-id=\"d6d7263\" data-element_type=\"container\">\n\t\t\t\t\t<div class=\"e-con-inner\">\n\t\t<div class=\"elementor-element elementor-element-f5e83b2 e-con-full e-flex e-con e-child\" data-id=\"f5e83b2\" data-element_type=\"container\">\n\t\t\t\t<div class=\"elementor-element elementor-element-48605b0 elementor-widget elementor-widget-wpforms\" data-id=\"48605b0\" data-element_type=\"widget\" data-widget_type=\"wpforms.default\">\n\t\t\t\t<div class=\"elementor-widget-container\">\n\t\t\t<style id=\"wpforms-css-vars-root\">\n\t\t\t\t:root {\n\t\t\t\t\t--wpforms-field-border-radius: 3px;\n--wpforms-field-border-style: solid;\n--wpforms-field-border-size: 1px;\n--wpforms-field-background-color: #ffffff;\n--wpforms-field-border-color: rgba( 0, 0, 0, 0.25 );\n--wpforms-field-border-color-spare: rgba( 0, 0, 0, 0.25 );\n--wpforms-field-text-color: rgba( 0, 0, 0, 0.7 );\n--wpforms-field-menu-color: #ffffff;\n--wpforms-label-color: rgba( 0, 0, 0, 0.85 );\n--wpforms-label-sublabel-color: rgba( 0, 0, 0, 0.55 );\n--wpforms-label-error-color: #d63637;\n--wpforms-button-border-radius: 3px;\n--wpforms-button-border-style: none;\n--wpforms-button-border-size: 1px;\n--wpforms-button-background-color: #066aab;\n--wpforms-button-border-color: #066aab;\n--wpforms-button-text-color: #ffffff;\n--wpforms-page-break-color: #066aab;\n--wpforms-background-image: none;\n--wpforms-background-position: center center;\n--wpforms-background-repeat: no-repeat;\n--wpforms-background-size: cover;\n--wpforms-background-width: 100px;\n--wpforms-background-height: 100px;\n--wpforms-background-color: rgba( 0, 0, 0, 0 );\n--wpforms-background-url: none;\n--wpforms-container-padding: 0px;\n--wpforms-container-border-style: none;\n--wpforms-container-border-width: 1px;\n--wpforms-container-border-color: #000000;\n--wpforms-container-border-radius: 3px;\n--wpforms-field-size-input-height: 43px;\n--wpforms-field-size-input-spacing: 15px;\n--wpforms-field-size-font-size: 16px;\n--wpforms-field-size-line-height: 19px;\n--wpforms-field-size-padding-h: 14px;\n--wpforms-field-size-checkbox-size: 16px;\n--wpforms-field-size-sublabel-spacing: 5px;\n--wpforms-field-size-icon-size: 1;\n--wpforms-label-size-font-size: 16px;\n--wpforms-label-size-line-height: 19px;\n--wpforms-label-size-sublabel-font-size: 14px;\n--wpforms-label-size-sublabel-line-height: 17px;\n--wpforms-button-size-font-size: 17px;\n--wpforms-button-size-height: 41px;\n--wpforms-button-size-padding-h: 15px;\n--wpforms-button-size-margin-top: 10px;\n--wpforms-container-shadow-size-box-shadow: none;\n\n\t\t\t\t}\n\t\t\t<\/style><style id=\"wpforms-css-vars-elementor-widget-48605b0\">\n\t\t\t\t.elementor-widget-wpforms.elementor-element-48605b0 {\n\t\t\t\t\t--wpforms-field-size-input-height: 43px;\n--wpforms-field-size-input-spacing: 15px;\n--wpforms-field-size-font-size: 16px;\n--wpforms-field-size-line-height: 19px;\n--wpforms-field-size-padding-h: 14px;\n--wpforms-field-size-checkbox-size: 16px;\n--wpforms-field-size-sublabel-spacing: 5px;\n--wpforms-field-size-icon-size: 1;\n--wpforms-label-size-font-size: 16px;\n--wpforms-label-size-line-height: 19px;\n--wpforms-label-size-sublabel-font-size: 14px;\n--wpforms-label-size-sublabel-line-height: 17px;\n--wpforms-button-size-font-size: 17px;\n--wpforms-button-size-height: 41px;\n--wpforms-button-size-padding-h: 15px;\n--wpforms-button-size-margin-top: 10px;\n\n\t\t\t\t}\n\t\t\t<\/style><div class=\"wpforms-container wpforms-container-full wpforms-render-modern\" id=\"wpforms-3723\"><form id=\"wpforms-form-3723\" class=\"wpforms-validate wpforms-form wpforms-ajax-form\" data-formid=\"3723\" method=\"post\" enctype=\"multipart\/form-data\" action=\"\/lv\/wp-json\/wp\/v2\/pages\/3746\" data-token=\"1c89e00b1bfe08a8c86cf83f864664f8\" data-token-time=\"1778033952\"><noscript class=\"wpforms-error-noscript\">Please enable JavaScript in your browser to complete this form.<\/noscript><div class=\"wpforms-hidden\" id=\"wpforms-error-noscript\">Please enable JavaScript in your browser to complete this form.<\/div><div class=\"wpforms-field-container\"><div id=\"wpforms-3723-field_1-container\" class=\"wpforms-field wpforms-field-name\" data-field-id=\"1\"><label class=\"wpforms-field-label wpforms-label-hide\" for=\"wpforms-3723-field_1\" aria-hidden=\"false\">V\u0101rds <span class=\"wpforms-required-label\" aria-hidden=\"true\">*<\/span><\/label><input type=\"text\" id=\"wpforms-3723-field_1\" class=\"wpforms-field-large wpforms-field-required\" name=\"wpforms[fields][1]\" placeholder=\"V\u0101rds\" aria-errormessage=\"wpforms-3723-field_1-error\" required><\/div><div id=\"wpforms-3723-field_2-container\" class=\"wpforms-field wpforms-field-email\" data-field-id=\"2\"><label class=\"wpforms-field-label wpforms-label-hide\" for=\"wpforms-3723-field_2\" aria-hidden=\"false\">E-pasts <span class=\"wpforms-required-label\" aria-hidden=\"true\">*<\/span><\/label><input type=\"email\" id=\"wpforms-3723-field_2\" class=\"wpforms-field-large wpforms-field-required\" name=\"wpforms[fields][2]\" placeholder=\"E-pasts\" spellcheck=\"false\" aria-errormessage=\"wpforms-3723-field_2-error\" required><\/div><div id=\"wpforms-3723-field_3-container\" class=\"wpforms-field wpforms-field-textarea\" data-field-id=\"3\"><label class=\"wpforms-field-label wpforms-label-hide\" for=\"wpforms-3723-field_3\" aria-hidden=\"false\">Zi\u0146ojums <span class=\"wpforms-required-label\" aria-hidden=\"true\">*<\/span><\/label><textarea id=\"wpforms-3723-field_3\" class=\"wpforms-field-medium wpforms-field-required\" name=\"wpforms[fields][3]\" placeholder=\"Zi\u0146ojums\" aria-errormessage=\"wpforms-3723-field_3-error\" required><\/textarea><\/div><\/div><!-- .wpforms-field-container --><div class=\"wpforms-recaptcha-container wpforms-is-recaptcha wpforms-is-recaptcha-type-v2\" ><div class=\"g-recaptcha\" data-sitekey=\"6LdF-vsUAAAAAIc-H4xYFxKLtP5hA59PGrJbHx9Y\"><\/div><input type=\"text\" name=\"g-recaptcha-hidden\" class=\"wpforms-recaptcha-hidden\" style=\"position:absolute!important;clip:rect(0,0,0,0)!important;height:1px!important;width:1px!important;border:0!important;overflow:hidden!important;padding:0!important;margin:0!important;\" data-rule-recaptcha=\"1\"><\/div><div class=\"wpforms-submit-container\" ><input type=\"hidden\" name=\"wpforms[id]\" value=\"3723\"><input type=\"hidden\" name=\"page_title\" value=\"\"><input type=\"hidden\" name=\"page_url\" value=\"https:\/\/katanaimi.com\/lv\/wp-json\/wp\/v2\/pages\/3746\"><button type=\"submit\" name=\"wpforms[submit]\" id=\"wpforms-submit-3723\" class=\"wpforms-submit\" data-alt-text=\"S\u016bt\u012bt...\" data-submit-text=\"S\u016bt\u012bt\" aria-live=\"assertive\" value=\"wpforms-submit\">S\u016bt\u012bt<\/button><img decoding=\"async\" src=\"https:\/\/katanaimi.com\/wp-content\/plugins\/wpforms-lite\/assets\/images\/submit-spin.svg\" class=\"wpforms-submit-spinner\" style=\"display: none;\" width=\"26\" height=\"26\" alt=\"Loading\"><\/div><\/form><\/div>  <!-- .wpforms-container -->\t\t<\/div>\n\t\t\t\t<\/div>\n\t\t\t\t<\/div>\n\t\t<div class=\"elementor-element elementor-element-aa75c11 e-con-full e-flex e-con e-child\" data-id=\"aa75c11\" data-element_type=\"container\">\n\t\t\t\t<div class=\"elementor-element elementor-element-b08f33f elementor-widget elementor-widget-text-editor\" data-id=\"b08f33f\" data-element_type=\"widget\" data-widget_type=\"text-editor.default\">\n\t\t\t\t<div class=\"elementor-widget-container\">\n\t\t\t\t\t\t\t<p>TOPPREKES, JSC<\/p><p>REG NR: 305691820<\/p><p>Adrese: \u017dirmunu iela 68, Vi\u013c\u0146a, 09124<\/p><p>Banka: Swedbank LT147300010166998011<\/p><p>E-pasts: <a href=\"mailto:katanabrb@gmail.com\" target=\"_blank\" rel=\"noopener\">katanabrb@gmail.com<\/a><\/p><p>T\u0101lrunis: <a class=\"cl-contact-phone\" href=\"tel:+370 65596911\">+370 65596911<\/a><a class=\"cl-contact-phone\" href=\"tel:+370 65596911\">\u00a0<\/a><\/p>\t\t\t\t\t\t<\/div>\n\t\t\t\t<\/div>\n\t\t\t\t<\/div>\n\t\t\t\t\t<\/div>\n\t\t\t\t<\/div>\n\t\t\t\t<\/div>\n\t\t","protected":false},"excerpt":{"rendered":"<p>Please enable JavaScript in your browser to complete this form.Please enable JavaScript in your browser to complete this form.V\u0101rds *E-pasts *Zi\u0146ojums * S\u016bt\u012bt TOPPREKES, JSC REG NR: 305691820 Adrese: \u017dirmunu iela 68, Vi\u013c\u0146a, 09124 Banka: Swedbank LT147300010166998011 E-pasts: katanabrb@gmail.com T\u0101lrunis: +370 65596911\u00a0<\/p>\n","protected":false},"author":1,"featured_media":0,"parent":0,"menu_order":0,"comment_status":"closed","ping_status":"closed","template":"","meta":{"inline_featured_image":false,"footnotes":""},"class_list":["post-3746","page","type-page","status-publish","hentry"],"blocksy_meta":{"has_hero_section":"disabled","styles_descriptor":{"styles":{"desktop":"","tablet":"","mobile":""},"google_fonts":[],"version":6}},"yoast_head":"<!-- This site is optimized with the Yoast SEO plugin v24.0 - https:\/\/yoast.com\/wordpress\/plugins\/seo\/ -->\n<title>Kontakti - Katanami.com<\/title>\n<meta name=\"robots\" content=\"index, follow, max-snippet:-1, max-image-preview:large, max-video-preview:-1\" \/>\n<link rel=\"canonical\" href=\"https:\/\/katanaimi.com\/lv\/kontakti\/\" \/>\n<meta property=\"og:locale\" content=\"lv_LV\" \/>\n<meta property=\"og:type\" content=\"article\" \/>\n<meta property=\"og:title\" content=\"Kontakti - Katanami.com\" \/>\n<meta property=\"og:description\" content=\"Please enable JavaScript in your browser to complete this form.Please enable JavaScript in your browser to complete this form.V\u0101rds *E-pasts *Zi\u0146ojums * S\u016bt\u012bt TOPPREKES, JSC REG NR: 305691820 Adrese: \u017dirmunu iela 68, Vi\u013c\u0146a, 09124 Banka: Swedbank LT147300010166998011 E-pasts: katanabrb@gmail.com T\u0101lrunis: +370 65596911\u00a0\" \/>\n<meta property=\"og:url\" content=\"https:\/\/katanaimi.com\/lv\/kontakti\/\" \/>\n<meta property=\"og:site_name\" content=\"Katanami.com\" \/>\n<meta property=\"article:modified_time\" content=\"2024-12-09T12:42:41+00:00\" \/>\n<meta property=\"og:image\" content=\"https:\/\/katanaimi.com\/wp-content\/plugins\/wpforms-lite\/assets\/images\/submit-spin.svg\" \/>\n<meta name=\"twitter:card\" content=\"summary_large_image\" \/>\n<meta name=\"twitter:label1\" content=\"Est. reading time\" \/>\n\t<meta name=\"twitter:data1\" content=\"1 minute\" \/>\n<script type=\"application\/ld+json\" class=\"yoast-schema-graph\">{\"@context\":\"https:\/\/schema.org\",\"@graph\":[{\"@type\":\"WebPage\",\"@id\":\"https:\/\/katanaimi.com\/lv\/kontakti\/\",\"url\":\"https:\/\/katanaimi.com\/lv\/kontakti\/\",\"name\":\"Kontakti - Katanami.com\",\"isPartOf\":{\"@id\":\"https:\/\/katanaimi.com\/#website\"},\"primaryImageOfPage\":{\"@id\":\"https:\/\/katanaimi.com\/lv\/kontakti\/#primaryimage\"},\"image\":{\"@id\":\"https:\/\/katanaimi.com\/lv\/kontakti\/#primaryimage\"},\"thumbnailUrl\":\"https:\/\/katanaimi.com\/wp-content\/plugins\/wpforms-lite\/assets\/images\/submit-spin.svg\",\"datePublished\":\"2020-05-18T08:17:37+00:00\",\"dateModified\":\"2024-12-09T12:42:41+00:00\",\"breadcrumb\":{\"@id\":\"https:\/\/katanaimi.com\/lv\/kontakti\/#breadcrumb\"},\"inLanguage\":\"lv-LV\",\"potentialAction\":[{\"@type\":\"ReadAction\",\"target\":[\"https:\/\/katanaimi.com\/lv\/kontakti\/\"]}]},{\"@type\":\"ImageObject\",\"inLanguage\":\"lv-LV\",\"@id\":\"https:\/\/katanaimi.com\/lv\/kontakti\/#primaryimage\",\"url\":\"https:\/\/katanaimi.com\/wp-content\/plugins\/wpforms-lite\/assets\/images\/submit-spin.svg\",\"contentUrl\":\"https:\/\/katanaimi.com\/wp-content\/plugins\/wpforms-lite\/assets\/images\/submit-spin.svg\"},{\"@type\":\"BreadcrumbList\",\"@id\":\"https:\/\/katanaimi.com\/lv\/kontakti\/#breadcrumb\",\"itemListElement\":[{\"@type\":\"ListItem\",\"position\":1,\"name\":\"Home\",\"item\":\"https:\/\/katanaimi.com\/lv\/\"},{\"@type\":\"ListItem\",\"position\":2,\"name\":\"Kontakti\"}]},{\"@type\":\"WebSite\",\"@id\":\"https:\/\/katanaimi.com\/#website\",\"url\":\"https:\/\/katanaimi.com\/\",\"name\":\"Katanami.com\",\"description\":\"Katanaimi: created out of a passion for the art of knife-making and a love of cooking.\",\"publisher\":{\"@id\":\"https:\/\/katanaimi.com\/#organization\"},\"potentialAction\":[{\"@type\":\"SearchAction\",\"target\":{\"@type\":\"EntryPoint\",\"urlTemplate\":\"https:\/\/katanaimi.com\/?s={search_term_string}\"},\"query-input\":{\"@type\":\"PropertyValueSpecification\",\"valueRequired\":true,\"valueName\":\"search_term_string\"}}],\"inLanguage\":\"lv-LV\"},{\"@type\":\"Organization\",\"@id\":\"https:\/\/katanaimi.com\/#organization\",\"name\":\"Katanami.com\",\"url\":\"https:\/\/katanaimi.com\/\",\"logo\":{\"@type\":\"ImageObject\",\"inLanguage\":\"lv-LV\",\"@id\":\"https:\/\/katanaimi.com\/#\/schema\/logo\/image\/\",\"url\":\"https:\/\/katanaimi.com\/wp-content\/uploads\/2021\/09\/logo-w.png\",\"contentUrl\":\"https:\/\/katanaimi.com\/wp-content\/uploads\/2021\/09\/logo-w.png\",\"width\":253,\"height\":108,\"caption\":\"Katanami.com\"},\"image\":{\"@id\":\"https:\/\/katanaimi.com\/#\/schema\/logo\/image\/\"}}]}<\/script>\n<!-- \/ Yoast SEO plugin. -->","yoast_head_json":{"title":"Kontakti - Katanami.com","robots":{"index":"index","follow":"follow","max-snippet":"max-snippet:-1","max-image-preview":"max-image-preview:large","max-video-preview":"max-video-preview:-1"},"canonical":"https:\/\/katanaimi.com\/lv\/kontakti\/","og_locale":"lv_LV","og_type":"article","og_title":"Kontakti - Katanami.com","og_description":"Please enable JavaScript in your browser to complete this form.Please enable JavaScript in your browser to complete this form.V\u0101rds *E-pasts *Zi\u0146ojums * S\u016bt\u012bt TOPPREKES, JSC REG NR: 305691820 Adrese: \u017dirmunu iela 68, Vi\u013c\u0146a, 09124 Banka: Swedbank LT147300010166998011 E-pasts: katanabrb@gmail.com T\u0101lrunis: +370 65596911\u00a0","og_url":"https:\/\/katanaimi.com\/lv\/kontakti\/","og_site_name":"Katanami.com","article_modified_time":"2024-12-09T12:42:41+00:00","og_image":[{"url":"https:\/\/katanaimi.com\/wp-content\/plugins\/wpforms-lite\/assets\/images\/submit-spin.svg","type":"","width":"","height":""}],"twitter_card":"summary_large_image","twitter_misc":{"Est. reading time":"1 minute"},"schema":{"@context":"https:\/\/schema.org","@graph":[{"@type":"WebPage","@id":"https:\/\/katanaimi.com\/lv\/kontakti\/","url":"https:\/\/katanaimi.com\/lv\/kontakti\/","name":"Kontakti - Katanami.com","isPartOf":{"@id":"https:\/\/katanaimi.com\/#website"},"primaryImageOfPage":{"@id":"https:\/\/katanaimi.com\/lv\/kontakti\/#primaryimage"},"image":{"@id":"https:\/\/katanaimi.com\/lv\/kontakti\/#primaryimage"},"thumbnailUrl":"https:\/\/katanaimi.com\/wp-content\/plugins\/wpforms-lite\/assets\/images\/submit-spin.svg","datePublished":"2020-05-18T08:17:37+00:00","dateModified":"2024-12-09T12:42:41+00:00","breadcrumb":{"@id":"https:\/\/katanaimi.com\/lv\/kontakti\/#breadcrumb"},"inLanguage":"lv-LV","potentialAction":[{"@type":"ReadAction","target":["https:\/\/katanaimi.com\/lv\/kontakti\/"]}]},{"@type":"ImageObject","inLanguage":"lv-LV","@id":"https:\/\/katanaimi.com\/lv\/kontakti\/#primaryimage","url":"https:\/\/katanaimi.com\/wp-content\/plugins\/wpforms-lite\/assets\/images\/submit-spin.svg","contentUrl":"https:\/\/katanaimi.com\/wp-content\/plugins\/wpforms-lite\/assets\/images\/submit-spin.svg"},{"@type":"BreadcrumbList","@id":"https:\/\/katanaimi.com\/lv\/kontakti\/#breadcrumb","itemListElement":[{"@type":"ListItem","position":1,"name":"Home","item":"https:\/\/katanaimi.com\/lv\/"},{"@type":"ListItem","position":2,"name":"Kontakti"}]},{"@type":"WebSite","@id":"https:\/\/katanaimi.com\/#website","url":"https:\/\/katanaimi.com\/","name":"Katanami.com","description":"Katanaimi: created out of a passion for the art of knife-making and a love of cooking.","publisher":{"@id":"https:\/\/katanaimi.com\/#organization"},"potentialAction":[{"@type":"SearchAction","target":{"@type":"EntryPoint","urlTemplate":"https:\/\/katanaimi.com\/?s={search_term_string}"},"query-input":{"@type":"PropertyValueSpecification","valueRequired":true,"valueName":"search_term_string"}}],"inLanguage":"lv-LV"},{"@type":"Organization","@id":"https:\/\/katanaimi.com\/#organization","name":"Katanami.com","url":"https:\/\/katanaimi.com\/","logo":{"@type":"ImageObject","inLanguage":"lv-LV","@id":"https:\/\/katanaimi.com\/#\/schema\/logo\/image\/","url":"https:\/\/katanaimi.com\/wp-content\/uploads\/2021\/09\/logo-w.png","contentUrl":"https:\/\/katanaimi.com\/wp-content\/uploads\/2021\/09\/logo-w.png","width":253,"height":108,"caption":"Katanami.com"},"image":{"@id":"https:\/\/katanaimi.com\/#\/schema\/logo\/image\/"}}]}},"_links":{"self":[{"href":"https:\/\/katanaimi.com\/lv\/wp-json\/wp\/v2\/pages\/3746","targetHints":{"allow":["GET"]}}],"collection":[{"href":"https:\/\/katanaimi.com\/lv\/wp-json\/wp\/v2\/pages"}],"about":[{"href":"https:\/\/katanaimi.com\/lv\/wp-json\/wp\/v2\/types\/page"}],"author":[{"embeddable":true,"href":"https:\/\/katanaimi.com\/lv\/wp-json\/wp\/v2\/users\/1"}],"replies":[{"embeddable":true,"href":"https:\/\/katanaimi.com\/lv\/wp-json\/wp\/v2\/comments?post=3746"}],"version-history":[{"count":0,"href":"https:\/\/katanaimi.com\/lv\/wp-json\/wp\/v2\/pages\/3746\/revisions"}],"wp:attachment":[{"href":"https:\/\/katanaimi.com\/lv\/wp-json\/wp\/v2\/media?parent=3746"}],"curies":[{"name":"wp","href":"https:\/\/api.w.org\/{rel}","templated":true}]}}