{"id":3749,"date":"2020-05-18T06:17:12","date_gmt":"2020-05-18T08:17:12","guid":{"rendered":"https:\/\/katanaimi.com\/about-us\/"},"modified":"2024-12-09T10:47:33","modified_gmt":"2024-12-09T12:47:33","slug":"par-mums","status":"publish","type":"page","link":"https:\/\/katanaimi.com\/lv\/par-mums\/","title":{"rendered":"Par mums"},"content":{"rendered":"\t\t<div data-elementor-type=\"wp-page\" data-elementor-id=\"3749\" class=\"elementor elementor-3749 elementor-343\">\n\t\t\t\t<div class=\"elementor-element elementor-element-2acd47f e-flex e-con-boxed e-con e-parent\" data-id=\"2acd47f\" data-element_type=\"container\" data-settings=\"{&quot;background_background&quot;:&quot;classic&quot;}\">\n\t\t\t\t\t<div class=\"e-con-inner\">\n\t\t<div class=\"elementor-element elementor-element-b67edbb e-con-full e-flex e-con e-child\" data-id=\"b67edbb\" data-element_type=\"container\">\n\t\t\t\t<div class=\"elementor-element elementor-element-9035d22 elementor-widget elementor-widget-image\" data-id=\"9035d22\" data-element_type=\"widget\" data-widget_type=\"image.default\">\n\t\t\t\t<div class=\"elementor-widget-container\">\n\t\t\t\t\t\t\t\t\t\t\t\t\t<img fetchpriority=\"high\" decoding=\"async\" width=\"1024\" height=\"683\" src=\"https:\/\/katanaimi.com\/wp-content\/uploads\/2021\/09\/bg.jpg\" class=\"attachment-large size-large wp-image-857\" alt=\"\" srcset=\"https:\/\/katanaimi.com\/wp-content\/uploads\/2021\/09\/bg.jpg 2048w, https:\/\/katanaimi.com\/wp-content\/uploads\/2021\/09\/bg-800x533.jpg 800w\" sizes=\"(max-width: 1024px) 100vw, 1024px\" \/>\t\t\t\t\t\t\t\t\t\t\t\t\t<\/div>\n\t\t\t\t<\/div>\n\t\t\t\t<\/div>\n\t\t<div class=\"elementor-element elementor-element-74cb11d e-con-full e-flex e-con e-child\" data-id=\"74cb11d\" data-element_type=\"container\">\n\t\t\t\t<div class=\"elementor-element elementor-element-2ed596a elementor-widget elementor-widget-text-editor\" data-id=\"2ed596a\" data-element_type=\"widget\" data-widget_type=\"text-editor.default\">\n\t\t\t\t<div class=\"elementor-widget-container\">\n\t\t\t\t\t\t\t<p>M\u012blot un augsti v\u0113rt\u0113jot na\u017eu izgatavo\u0161anas m\u0101kslu, m\u0113s p\u0101rdodam tikai tos na\u017eus, kas atbilst \u013coti augstiem kvalit\u0101tes standartiem.<\/p><p>M\u0113s p\u0101rdodam tikai tos na\u017eus, kas atbilst \u013coti augstiem kvalit\u0101tes standartiem.<\/p><p>KATANAIMI tika rad\u012bts k\u0101 z\u012bmols, kas sme\u013cas iedvesmu da\u017e\u0101du malt\u012b\u0161u pagatavo\u0161an\u0101 un na\u017eu kal\u0161anas m\u0101ksl\u0101. M\u016bsu kal\u0113jiem ir 15 gadu pieredze ar rok\u0101m kalt virtuves na\u017eus.<\/p>\t\t\t\t\t\t<\/div>\n\t\t\t\t<\/div>\n\t\t\t\t<\/div>\n\t\t\t\t\t<\/div>\n\t\t\t\t<\/div>\n\t\t<div class=\"elementor-element elementor-element-c6ebf2e e-flex e-con-boxed e-con e-parent\" data-id=\"c6ebf2e\" data-element_type=\"container\">\n\t\t\t\t\t<div class=\"e-con-inner\">\n\t\t<div class=\"elementor-element elementor-element-68ba86d e-con-full e-flex e-con e-child\" data-id=\"68ba86d\" data-element_type=\"container\">\n\t\t\t\t<div class=\"elementor-element elementor-element-38baa32 elementor-widget elementor-widget-image\" data-id=\"38baa32\" data-element_type=\"widget\" data-widget_type=\"image.default\">\n\t\t\t\t<div class=\"elementor-widget-container\">\n\t\t\t\t\t\t\t\t\t\t\t\t\t<img decoding=\"async\" width=\"1024\" height=\"683\" src=\"https:\/\/katanaimi.com\/wp-content\/uploads\/2021\/09\/bg5-scaled.jpg\" class=\"attachment-large size-large wp-image-853\" alt=\"\" srcset=\"https:\/\/katanaimi.com\/wp-content\/uploads\/2021\/09\/bg5-scaled.jpg 2560w, https:\/\/katanaimi.com\/wp-content\/uploads\/2021\/09\/bg5-scaled-800x533.jpg 800w\" sizes=\"(max-width: 1024px) 100vw, 1024px\" \/>\t\t\t\t\t\t\t\t\t\t\t\t\t<\/div>\n\t\t\t\t<\/div>\n\t\t\t\t<\/div>\n\t\t<div class=\"elementor-element elementor-element-241450e e-con-full e-flex e-con e-child\" data-id=\"241450e\" data-element_type=\"container\">\n\t\t\t\t<div class=\"elementor-element elementor-element-342b0c5 elementor-widget elementor-widget-text-editor\" data-id=\"342b0c5\" data-element_type=\"widget\" data-widget_type=\"text-editor.default\">\n\t\t\t\t<div class=\"elementor-widget-container\">\n\t\t\t\t\t\t\t<p>M\u0113s patiesi ticam, ka augstas kvalit\u0101tes nazis maina \u0113diena gatavo\u0161anas gaitu un sniegumu. Kad nomain\u012bju na\u017eus p\u0113c to ilgsto\u0161as izmanto\u0161anas, vienk\u0101r\u0161i nebiju var\u0113jis notic\u0113t, ka t\u0101da at\u0161\u0137ir\u012bba tik tie\u0161\u0101m ir iesp\u0113jama. Smalcin\u0101\u0161ana, grie\u0161ana un gatavo\u0161ana ir k\u013cuvu\u0161as daudz vienk\u0101r\u0161\u0101kas oper\u0101cijas, kad darbojies ar izcili asu, labi sabalans\u0113tu un augstas kvalit\u0101tes nazi.<\/p>\t\t\t\t\t\t<\/div>\n\t\t\t\t<\/div>\n\t\t\t\t<\/div>\n\t\t\t\t\t<\/div>\n\t\t\t\t<\/div>\n\t\t<div class=\"elementor-element elementor-element-2915071 e-flex e-con-boxed e-con e-parent\" data-id=\"2915071\" data-element_type=\"container\" data-settings=\"{&quot;background_background&quot;:&quot;classic&quot;}\">\n\t\t\t\t\t<div class=\"e-con-inner\">\n\t\t<div class=\"elementor-element elementor-element-98d1d92 e-con-full e-flex e-con e-child\" data-id=\"98d1d92\" data-element_type=\"container\">\n\t\t\t\t<div class=\"elementor-element elementor-element-ed375eb elementor-widget elementor-widget-image\" data-id=\"ed375eb\" data-element_type=\"widget\" data-widget_type=\"image.default\">\n\t\t\t\t<div class=\"elementor-widget-container\">\n\t\t\t\t\t\t\t\t\t\t\t\t\t<img decoding=\"async\" width=\"1024\" height=\"683\" src=\"https:\/\/katanaimi.com\/wp-content\/uploads\/2021\/09\/bg3-scaled.jpg\" class=\"attachment-large size-large wp-image-855\" alt=\"\" srcset=\"https:\/\/katanaimi.com\/wp-content\/uploads\/2021\/09\/bg3-scaled.jpg 2560w, https:\/\/katanaimi.com\/wp-content\/uploads\/2021\/09\/bg3-scaled-800x533.jpg 800w\" sizes=\"(max-width: 1024px) 100vw, 1024px\" \/>\t\t\t\t\t\t\t\t\t\t\t\t\t<\/div>\n\t\t\t\t<\/div>\n\t\t\t\t<\/div>\n\t\t<div class=\"elementor-element elementor-element-3767228 e-con-full e-flex e-con e-child\" data-id=\"3767228\" data-element_type=\"container\">\n\t\t\t\t<div class=\"elementor-element elementor-element-14ba47c elementor-widget elementor-widget-text-editor\" data-id=\"14ba47c\" data-element_type=\"widget\" data-widget_type=\"text-editor.default\">\n\t\t\t\t<div class=\"elementor-widget-container\">\n\t\t\t\t\t\t\t<p>Esam veiku\u0161i papildu uzlabojumus, p\u0101rdom\u0101jot ikkatru na\u017eu ar rok\u0101m darin\u0101tu deta\u013cu, s\u0101kot ar \u0101muru kaltu augstu oglek\u013ca t\u0113raudu un beidzot ar senaj\u0101m met\u0101la apstr\u0101des nosl\u0113pumiem. Apstr\u0101des process veido asmens dabisko rakstu un fakt\u016bru, padarot katru nazi piln\u012bgi unik\u0101lu.<\/p><p>Pirmo reizi turot nazi rok\u0101 &#8211; kvalit\u0101te ir j\u016btama un neap\u0161aub\u0101ma.<\/p>\t\t\t\t\t\t<\/div>\n\t\t\t\t<\/div>\n\t\t\t\t<\/div>\n\t\t\t\t\t<\/div>\n\t\t\t\t<\/div>\n\t\t\t\t<\/div>\n\t\t","protected":false},"excerpt":{"rendered":"<p>M\u012blot un augsti v\u0113rt\u0113jot na\u017eu izgatavo\u0161anas m\u0101kslu, m\u0113s p\u0101rdodam tikai tos na\u017eus, kas atbilst \u013coti augstiem kvalit\u0101tes standartiem. M\u0113s p\u0101rdodam tikai tos na\u017eus, kas atbilst \u013coti augstiem kvalit\u0101tes standartiem. KATANAIMI tika rad\u012bts k\u0101 z\u012bmols, kas sme\u013cas iedvesmu da\u017e\u0101du malt\u012b\u0161u pagatavo\u0161an\u0101 un na\u017eu kal\u0161anas m\u0101ksl\u0101. M\u016bsu kal\u0113jiem ir 15 gadu pieredze ar rok\u0101m kalt virtuves na\u017eus. [&hellip;]<\/p>\n","protected":false},"author":1,"featured_media":0,"parent":0,"menu_order":0,"comment_status":"closed","ping_status":"closed","template":"","meta":{"inline_featured_image":false,"footnotes":""},"class_list":["post-3749","page","type-page","status-publish","hentry"],"blocksy_meta":{"has_hero_section":"disabled","styles_descriptor":{"styles":{"desktop":"","tablet":"","mobile":""},"google_fonts":[],"version":6},"vertical_spacing_source":"custom","content_area_spacing":"none"},"yoast_head":"<!-- This site is optimized with the Yoast SEO plugin v24.0 - https:\/\/yoast.com\/wordpress\/plugins\/seo\/ -->\n<title>Par mums - Katanami.com<\/title>\n<meta name=\"robots\" content=\"index, follow, max-snippet:-1, max-image-preview:large, max-video-preview:-1\" \/>\n<link rel=\"canonical\" href=\"https:\/\/katanaimi.com\/lv\/par-mums\/\" \/>\n<meta property=\"og:locale\" content=\"lv_LV\" \/>\n<meta property=\"og:type\" content=\"article\" \/>\n<meta property=\"og:title\" content=\"Par mums - Katanami.com\" \/>\n<meta property=\"og:description\" content=\"M\u012blot un augsti v\u0113rt\u0113jot na\u017eu izgatavo\u0161anas m\u0101kslu, m\u0113s p\u0101rdodam tikai tos na\u017eus, kas atbilst \u013coti augstiem kvalit\u0101tes standartiem. M\u0113s p\u0101rdodam tikai tos na\u017eus, kas atbilst \u013coti augstiem kvalit\u0101tes standartiem. KATANAIMI tika rad\u012bts k\u0101 z\u012bmols, kas sme\u013cas iedvesmu da\u017e\u0101du malt\u012b\u0161u pagatavo\u0161an\u0101 un na\u017eu kal\u0161anas m\u0101ksl\u0101. M\u016bsu kal\u0113jiem ir 15 gadu pieredze ar rok\u0101m kalt virtuves na\u017eus. [&hellip;]\" \/>\n<meta property=\"og:url\" content=\"https:\/\/katanaimi.com\/lv\/par-mums\/\" \/>\n<meta property=\"og:site_name\" content=\"Katanami.com\" \/>\n<meta property=\"article:modified_time\" content=\"2024-12-09T12:47:33+00:00\" \/>\n<meta property=\"og:image\" content=\"https:\/\/katanaimi.com\/wp-content\/uploads\/2021\/09\/bg.jpg\" \/>\n\t<meta property=\"og:image:width\" content=\"2048\" \/>\n\t<meta property=\"og:image:height\" content=\"1365\" \/>\n\t<meta property=\"og:image:type\" content=\"image\/jpeg\" \/>\n<meta name=\"twitter:card\" content=\"summary_large_image\" \/>\n<meta name=\"twitter:label1\" content=\"Est. reading time\" \/>\n\t<meta name=\"twitter:data1\" content=\"2 minutes\" \/>\n<script type=\"application\/ld+json\" class=\"yoast-schema-graph\">{\"@context\":\"https:\/\/schema.org\",\"@graph\":[{\"@type\":\"WebPage\",\"@id\":\"https:\/\/katanaimi.com\/lv\/par-mums\/\",\"url\":\"https:\/\/katanaimi.com\/lv\/par-mums\/\",\"name\":\"Par mums - Katanami.com\",\"isPartOf\":{\"@id\":\"https:\/\/katanaimi.com\/#website\"},\"primaryImageOfPage\":{\"@id\":\"https:\/\/katanaimi.com\/lv\/par-mums\/#primaryimage\"},\"image\":{\"@id\":\"https:\/\/katanaimi.com\/lv\/par-mums\/#primaryimage\"},\"thumbnailUrl\":\"https:\/\/katanaimi.com\/wp-content\/uploads\/2021\/09\/bg.jpg\",\"datePublished\":\"2020-05-18T08:17:12+00:00\",\"dateModified\":\"2024-12-09T12:47:33+00:00\",\"breadcrumb\":{\"@id\":\"https:\/\/katanaimi.com\/lv\/par-mums\/#breadcrumb\"},\"inLanguage\":\"lv-LV\",\"potentialAction\":[{\"@type\":\"ReadAction\",\"target\":[\"https:\/\/katanaimi.com\/lv\/par-mums\/\"]}]},{\"@type\":\"ImageObject\",\"inLanguage\":\"lv-LV\",\"@id\":\"https:\/\/katanaimi.com\/lv\/par-mums\/#primaryimage\",\"url\":\"https:\/\/katanaimi.com\/wp-content\/uploads\/2021\/09\/bg.jpg\",\"contentUrl\":\"https:\/\/katanaimi.com\/wp-content\/uploads\/2021\/09\/bg.jpg\"},{\"@type\":\"BreadcrumbList\",\"@id\":\"https:\/\/katanaimi.com\/lv\/par-mums\/#breadcrumb\",\"itemListElement\":[{\"@type\":\"ListItem\",\"position\":1,\"name\":\"Home\",\"item\":\"https:\/\/katanaimi.com\/lv\/\"},{\"@type\":\"ListItem\",\"position\":2,\"name\":\"Par mums\"}]},{\"@type\":\"WebSite\",\"@id\":\"https:\/\/katanaimi.com\/#website\",\"url\":\"https:\/\/katanaimi.com\/\",\"name\":\"Katanami.com\",\"description\":\"Katanaimi: created out of a passion for the art of knife-making and a love of cooking.\",\"publisher\":{\"@id\":\"https:\/\/katanaimi.com\/#organization\"},\"potentialAction\":[{\"@type\":\"SearchAction\",\"target\":{\"@type\":\"EntryPoint\",\"urlTemplate\":\"https:\/\/katanaimi.com\/?s={search_term_string}\"},\"query-input\":{\"@type\":\"PropertyValueSpecification\",\"valueRequired\":true,\"valueName\":\"search_term_string\"}}],\"inLanguage\":\"lv-LV\"},{\"@type\":\"Organization\",\"@id\":\"https:\/\/katanaimi.com\/#organization\",\"name\":\"Katanami.com\",\"url\":\"https:\/\/katanaimi.com\/\",\"logo\":{\"@type\":\"ImageObject\",\"inLanguage\":\"lv-LV\",\"@id\":\"https:\/\/katanaimi.com\/#\/schema\/logo\/image\/\",\"url\":\"https:\/\/katanaimi.com\/wp-content\/uploads\/2021\/09\/logo-w.png\",\"contentUrl\":\"https:\/\/katanaimi.com\/wp-content\/uploads\/2021\/09\/logo-w.png\",\"width\":253,\"height\":108,\"caption\":\"Katanami.com\"},\"image\":{\"@id\":\"https:\/\/katanaimi.com\/#\/schema\/logo\/image\/\"}}]}<\/script>\n<!-- \/ Yoast SEO plugin. -->","yoast_head_json":{"title":"Par mums - Katanami.com","robots":{"index":"index","follow":"follow","max-snippet":"max-snippet:-1","max-image-preview":"max-image-preview:large","max-video-preview":"max-video-preview:-1"},"canonical":"https:\/\/katanaimi.com\/lv\/par-mums\/","og_locale":"lv_LV","og_type":"article","og_title":"Par mums - Katanami.com","og_description":"M\u012blot un augsti v\u0113rt\u0113jot na\u017eu izgatavo\u0161anas m\u0101kslu, m\u0113s p\u0101rdodam tikai tos na\u017eus, kas atbilst \u013coti augstiem kvalit\u0101tes standartiem. M\u0113s p\u0101rdodam tikai tos na\u017eus, kas atbilst \u013coti augstiem kvalit\u0101tes standartiem. KATANAIMI tika rad\u012bts k\u0101 z\u012bmols, kas sme\u013cas iedvesmu da\u017e\u0101du malt\u012b\u0161u pagatavo\u0161an\u0101 un na\u017eu kal\u0161anas m\u0101ksl\u0101. M\u016bsu kal\u0113jiem ir 15 gadu pieredze ar rok\u0101m kalt virtuves na\u017eus. [&hellip;]","og_url":"https:\/\/katanaimi.com\/lv\/par-mums\/","og_site_name":"Katanami.com","article_modified_time":"2024-12-09T12:47:33+00:00","og_image":[{"width":2048,"height":1365,"url":"https:\/\/katanaimi.com\/wp-content\/uploads\/2021\/09\/bg.jpg","type":"image\/jpeg"}],"twitter_card":"summary_large_image","twitter_misc":{"Est. reading time":"2 minutes"},"schema":{"@context":"https:\/\/schema.org","@graph":[{"@type":"WebPage","@id":"https:\/\/katanaimi.com\/lv\/par-mums\/","url":"https:\/\/katanaimi.com\/lv\/par-mums\/","name":"Par mums - Katanami.com","isPartOf":{"@id":"https:\/\/katanaimi.com\/#website"},"primaryImageOfPage":{"@id":"https:\/\/katanaimi.com\/lv\/par-mums\/#primaryimage"},"image":{"@id":"https:\/\/katanaimi.com\/lv\/par-mums\/#primaryimage"},"thumbnailUrl":"https:\/\/katanaimi.com\/wp-content\/uploads\/2021\/09\/bg.jpg","datePublished":"2020-05-18T08:17:12+00:00","dateModified":"2024-12-09T12:47:33+00:00","breadcrumb":{"@id":"https:\/\/katanaimi.com\/lv\/par-mums\/#breadcrumb"},"inLanguage":"lv-LV","potentialAction":[{"@type":"ReadAction","target":["https:\/\/katanaimi.com\/lv\/par-mums\/"]}]},{"@type":"ImageObject","inLanguage":"lv-LV","@id":"https:\/\/katanaimi.com\/lv\/par-mums\/#primaryimage","url":"https:\/\/katanaimi.com\/wp-content\/uploads\/2021\/09\/bg.jpg","contentUrl":"https:\/\/katanaimi.com\/wp-content\/uploads\/2021\/09\/bg.jpg"},{"@type":"BreadcrumbList","@id":"https:\/\/katanaimi.com\/lv\/par-mums\/#breadcrumb","itemListElement":[{"@type":"ListItem","position":1,"name":"Home","item":"https:\/\/katanaimi.com\/lv\/"},{"@type":"ListItem","position":2,"name":"Par mums"}]},{"@type":"WebSite","@id":"https:\/\/katanaimi.com\/#website","url":"https:\/\/katanaimi.com\/","name":"Katanami.com","description":"Katanaimi: created out of a passion for the art of knife-making and a love of cooking.","publisher":{"@id":"https:\/\/katanaimi.com\/#organization"},"potentialAction":[{"@type":"SearchAction","target":{"@type":"EntryPoint","urlTemplate":"https:\/\/katanaimi.com\/?s={search_term_string}"},"query-input":{"@type":"PropertyValueSpecification","valueRequired":true,"valueName":"search_term_string"}}],"inLanguage":"lv-LV"},{"@type":"Organization","@id":"https:\/\/katanaimi.com\/#organization","name":"Katanami.com","url":"https:\/\/katanaimi.com\/","logo":{"@type":"ImageObject","inLanguage":"lv-LV","@id":"https:\/\/katanaimi.com\/#\/schema\/logo\/image\/","url":"https:\/\/katanaimi.com\/wp-content\/uploads\/2021\/09\/logo-w.png","contentUrl":"https:\/\/katanaimi.com\/wp-content\/uploads\/2021\/09\/logo-w.png","width":253,"height":108,"caption":"Katanami.com"},"image":{"@id":"https:\/\/katanaimi.com\/#\/schema\/logo\/image\/"}}]}},"_links":{"self":[{"href":"https:\/\/katanaimi.com\/lv\/wp-json\/wp\/v2\/pages\/3749","targetHints":{"allow":["GET"]}}],"collection":[{"href":"https:\/\/katanaimi.com\/lv\/wp-json\/wp\/v2\/pages"}],"about":[{"href":"https:\/\/katanaimi.com\/lv\/wp-json\/wp\/v2\/types\/page"}],"author":[{"embeddable":true,"href":"https:\/\/katanaimi.com\/lv\/wp-json\/wp\/v2\/users\/1"}],"replies":[{"embeddable":true,"href":"https:\/\/katanaimi.com\/lv\/wp-json\/wp\/v2\/comments?post=3749"}],"version-history":[{"count":0,"href":"https:\/\/katanaimi.com\/lv\/wp-json\/wp\/v2\/pages\/3749\/revisions"}],"wp:attachment":[{"href":"https:\/\/katanaimi.com\/lv\/wp-json\/wp\/v2\/media?parent=3749"}],"curies":[{"name":"wp","href":"https:\/\/api.w.org\/{rel}","templated":true}]}}