{"id":1891,"date":"2021-10-18T12:43:15","date_gmt":"2021-10-18T14:45:19","guid":{"rendered":"https:\/\/katanaimi.com\/shop\/katanaimi-barbarian-serijas-serbijas-santoku-nazis\/"},"modified":"2021-10-18T14:41:22","modified_gmt":"2021-10-18T16:41:22","slug":"katanaimi-barbarian-serijas-serbijas-santoku-nazis","status":"publish","type":"product","link":"https:\/\/katanaimi.com\/lv\/shop\/katanaimi-barbarian-serijas-serbijas-santoku-nazis\/","title":{"rendered":"KATANAIMI BARBARIAN S\u0112RIJAS SERBIJAS SANTOKU NAZIS"},"content":{"rendered":"<p>Vai v\u0113laties kvalitat\u012bvus virtuves na\u017eus?<br \/>\nNa\u017ei ir kalti, izmantojot to pa\u0161u tradicion\u0101lo asme\u0146u izgatavo\u0161anas tehniku k\u0101 samuraju zobeni. M\u016bsu virtuves na\u017ei p\u0101rsp\u0113s to, ko gaid\u0101t no parast\u0101 virtuves na\u017ea.<\/p>\n<p>M\u016bsu virtuves na\u017ei tiek izgatavoti, izmantojot to pa\u0161u tradicion\u0101lo jap\u0101\u0146u asme\u0146u izgatavo\u0161anas tehniku, ko izmanto, izgatavojot samuraju zobenus, t\u0101p\u0113c tie p\u0101rsp\u0113s to, ko gaid\u0101t no parast\u0101 virtuves na\u017ea.<br \/>\nM\u0113s veidojam ner\u016bs\u0113jo\u0161\u0101 t\u0113rauda 5CR15MOV no augsta oglek\u013ca satura sakaus\u0113jumu ar m\u012bkst\u0101ku ner\u016bs\u0113jo\u0161o t\u0113raudu, lai rad\u012btu efektu, k\u0101 rezult\u0101t\u0101 tiek ieg\u016bts izcili ass, pret r\u016bsu notur\u012bgs asmens, kas kalpos visu m\u016b\u017eu.<\/p>\n<p>Kalta Santoku na\u017ea specifik\u0101cijas:<br \/>\nIzgatavots no ner\u016bs\u0113jo\u0161a \u012bpa\u0161i iztur\u012bga t\u0113rauda 5CR15MOV;<br \/>\nAsmens ciet\u012bba: 57 &#8211; 59 HRC<br \/>\nRokturis: melnkoksnes koks<br \/>\nIzm\u0113ri: asmens garums: 18 cm, kop\u0113jais na\u017ea garums: 30 cm;<br \/>\nAsmens garums &#8211; 18 cm<br \/>\nRoktura garums &#8211; 12 cm<br \/>\nRoktura platums &#8211; 3 cm.<br \/>\nAsmens biezums &#8211; 2,5 mm.<br \/>\nAsmens platums &#8211; 6 cm.<\/p>\n<p><img fetchpriority=\"high\" decoding=\"async\" class=\"alignnone wp-image-693\" src=\"https:\/\/katanaimi.com\/wp-content\/uploads\/2021\/09\/aprasymui.jpg\" alt=\"\" width=\"499\" height=\"181\" srcset=\"https:\/\/katanaimi.com\/wp-content\/uploads\/2021\/09\/aprasymui.jpg 1582w, https:\/\/katanaimi.com\/wp-content\/uploads\/2021\/09\/aprasymui-800x290.jpg 800w\" sizes=\"(max-width: 499px) 100vw, 499px\" \/><br \/>\nNotur\u012bba pret nodilumu un koroziju.<br \/>\n\u012apa\u0161i ass asmens.<br \/>\nUnik\u0101ls dizains.<br \/>\nPrec\u012bzs griezums.<br \/>\nIztur\u012bgs un ilgm\u016b\u017e\u012bgs instruments.<br \/>\n\u0112rti lietojams rok\u0101.<br \/>\nGrie\u0161anas kontrole un stabilit\u0101te.<\/p>\n","protected":false},"excerpt":{"rendered":"<p>Vai v\u0113laties kvalitat\u012bvus virtuves na\u017eus? Na\u017ei ir kalti, izmantojot to pa\u0161u tradicion\u0101lo asme\u0146u izgatavo\u0161anas tehniku k\u0101 samuraju zobeni. M\u016bsu virtuves na\u017ei p\u0101rsp\u0113s to, ko gaid\u0101t no parast\u0101 virtuves na\u017ea. M\u016bsu virtuves na\u017ei tiek izgatavoti, izmantojot to pa\u0161u tradicion\u0101lo jap\u0101\u0146u asme\u0146u izgatavo\u0161anas tehniku, ko izmanto, izgatavojot samuraju zobenus, t\u0101p\u0113c tie p\u0101rsp\u0113s to, ko gaid\u0101t no parast\u0101 [&hellip;]<\/p>\n","protected":false},"featured_media":1426,"template":"","meta":{"inline_featured_image":false},"product_cat":[544],"product_tag":[],"giftcard-category":[],"class_list":{"0":"post-1891","1":"product","2":"type-product","3":"status-publish","4":"has-post-thumbnail","6":"product_cat-ar-roku-kalts-produkts-barbarian-serijas-nazi","8":"first","9":"instock","10":"sale","11":"purchasable","12":"product-type-simple"},"yoast_head":"<!-- This site is optimized with the Yoast SEO plugin v24.0 - https:\/\/yoast.com\/wordpress\/plugins\/seo\/ -->\n<title>KATANAIMI BARBARIAN S\u0112RIJAS SERBIJAS SANTOKU NAZIS - Katanami.com<\/title>\n<meta name=\"robots\" content=\"index, follow, max-snippet:-1, max-image-preview:large, max-video-preview:-1\" \/>\n<link rel=\"canonical\" href=\"https:\/\/katanaimi.com\/lv\/shop\/katanaimi-barbarian-serijas-serbijas-santoku-nazis\/\" \/>\n<meta property=\"og:locale\" content=\"lv_LV\" \/>\n<meta property=\"og:type\" content=\"article\" \/>\n<meta property=\"og:title\" content=\"KATANAIMI BARBARIAN S\u0112RIJAS SERBIJAS SANTOKU NAZIS - Katanami.com\" \/>\n<meta property=\"og:description\" content=\"Vai v\u0113laties kvalitat\u012bvus virtuves na\u017eus? Na\u017ei ir kalti, izmantojot to pa\u0161u tradicion\u0101lo asme\u0146u izgatavo\u0161anas tehniku k\u0101 samuraju zobeni. M\u016bsu virtuves na\u017ei p\u0101rsp\u0113s to, ko gaid\u0101t no parast\u0101 virtuves na\u017ea. M\u016bsu virtuves na\u017ei tiek izgatavoti, izmantojot to pa\u0161u tradicion\u0101lo jap\u0101\u0146u asme\u0146u izgatavo\u0161anas tehniku, ko izmanto, izgatavojot samuraju zobenus, t\u0101p\u0113c tie p\u0101rsp\u0113s to, ko gaid\u0101t no parast\u0101 [&hellip;]\" \/>\n<meta property=\"og:url\" content=\"https:\/\/katanaimi.com\/lv\/shop\/katanaimi-barbarian-serijas-serbijas-santoku-nazis\/\" \/>\n<meta property=\"og:site_name\" content=\"Katanami.com\" \/>\n<meta property=\"article:modified_time\" content=\"2021-10-18T16:41:22+00:00\" \/>\n<meta property=\"og:image\" content=\"https:\/\/katanaimi.com\/wp-content\/uploads\/2021\/09\/HK1001F.jpg\" \/>\n\t<meta property=\"og:image:width\" content=\"1000\" \/>\n\t<meta property=\"og:image:height\" content=\"1000\" \/>\n\t<meta property=\"og:image:type\" content=\"image\/jpeg\" \/>\n<meta name=\"twitter:card\" content=\"summary_large_image\" \/>\n<meta name=\"twitter:label1\" content=\"Est. reading time\" \/>\n\t<meta name=\"twitter:data1\" content=\"1 minute\" \/>\n<script type=\"application\/ld+json\" class=\"yoast-schema-graph\">{\"@context\":\"https:\/\/schema.org\",\"@graph\":[{\"@type\":\"WebPage\",\"@id\":\"https:\/\/katanaimi.com\/lv\/shop\/katanaimi-barbarian-serijas-serbijas-santoku-nazis\/\",\"url\":\"https:\/\/katanaimi.com\/lv\/shop\/katanaimi-barbarian-serijas-serbijas-santoku-nazis\/\",\"name\":\"KATANAIMI BARBARIAN S\u0112RIJAS SERBIJAS SANTOKU NAZIS - Katanami.com\",\"isPartOf\":{\"@id\":\"https:\/\/katanaimi.com\/#website\"},\"primaryImageOfPage\":{\"@id\":\"https:\/\/katanaimi.com\/lv\/shop\/katanaimi-barbarian-serijas-serbijas-santoku-nazis\/#primaryimage\"},\"image\":{\"@id\":\"https:\/\/katanaimi.com\/lv\/shop\/katanaimi-barbarian-serijas-serbijas-santoku-nazis\/#primaryimage\"},\"thumbnailUrl\":\"https:\/\/katanaimi.com\/wp-content\/uploads\/2021\/09\/HK1001F.jpg\",\"datePublished\":\"2021-10-18T14:45:19+00:00\",\"dateModified\":\"2021-10-18T16:41:22+00:00\",\"breadcrumb\":{\"@id\":\"https:\/\/katanaimi.com\/lv\/shop\/katanaimi-barbarian-serijas-serbijas-santoku-nazis\/#breadcrumb\"},\"inLanguage\":\"lv-LV\",\"potentialAction\":[{\"@type\":\"ReadAction\",\"target\":[\"https:\/\/katanaimi.com\/lv\/shop\/katanaimi-barbarian-serijas-serbijas-santoku-nazis\/\"]}]},{\"@type\":\"ImageObject\",\"inLanguage\":\"lv-LV\",\"@id\":\"https:\/\/katanaimi.com\/lv\/shop\/katanaimi-barbarian-serijas-serbijas-santoku-nazis\/#primaryimage\",\"url\":\"https:\/\/katanaimi.com\/wp-content\/uploads\/2021\/09\/HK1001F.jpg\",\"contentUrl\":\"https:\/\/katanaimi.com\/wp-content\/uploads\/2021\/09\/HK1001F.jpg\",\"width\":1000,\"height\":1000},{\"@type\":\"BreadcrumbList\",\"@id\":\"https:\/\/katanaimi.com\/lv\/shop\/katanaimi-barbarian-serijas-serbijas-santoku-nazis\/#breadcrumb\",\"itemListElement\":[{\"@type\":\"ListItem\",\"position\":1,\"name\":\"Home\",\"item\":\"https:\/\/katanaimi.com\/lv\/\"},{\"@type\":\"ListItem\",\"position\":2,\"name\":\"Veikals\",\"item\":\"https:\/\/katanaimi.com\/lv\/veikals\/\"},{\"@type\":\"ListItem\",\"position\":3,\"name\":\"KATANAIMI BARBARIAN S\u0112RIJAS SERBIJAS SANTOKU NAZIS\"}]},{\"@type\":\"WebSite\",\"@id\":\"https:\/\/katanaimi.com\/#website\",\"url\":\"https:\/\/katanaimi.com\/\",\"name\":\"Katanami.com\",\"description\":\"Katanaimi: created out of a passion for the art of knife-making and a love of cooking.\",\"publisher\":{\"@id\":\"https:\/\/katanaimi.com\/#organization\"},\"potentialAction\":[{\"@type\":\"SearchAction\",\"target\":{\"@type\":\"EntryPoint\",\"urlTemplate\":\"https:\/\/katanaimi.com\/?s={search_term_string}\"},\"query-input\":{\"@type\":\"PropertyValueSpecification\",\"valueRequired\":true,\"valueName\":\"search_term_string\"}}],\"inLanguage\":\"lv-LV\"},{\"@type\":\"Organization\",\"@id\":\"https:\/\/katanaimi.com\/#organization\",\"name\":\"Katanami.com\",\"url\":\"https:\/\/katanaimi.com\/\",\"logo\":{\"@type\":\"ImageObject\",\"inLanguage\":\"lv-LV\",\"@id\":\"https:\/\/katanaimi.com\/#\/schema\/logo\/image\/\",\"url\":\"https:\/\/katanaimi.com\/wp-content\/uploads\/2021\/09\/logo-w.png\",\"contentUrl\":\"https:\/\/katanaimi.com\/wp-content\/uploads\/2021\/09\/logo-w.png\",\"width\":253,\"height\":108,\"caption\":\"Katanami.com\"},\"image\":{\"@id\":\"https:\/\/katanaimi.com\/#\/schema\/logo\/image\/\"}}]}<\/script>\n<!-- \/ Yoast SEO plugin. -->","yoast_head_json":{"title":"KATANAIMI BARBARIAN S\u0112RIJAS SERBIJAS SANTOKU NAZIS - Katanami.com","robots":{"index":"index","follow":"follow","max-snippet":"max-snippet:-1","max-image-preview":"max-image-preview:large","max-video-preview":"max-video-preview:-1"},"canonical":"https:\/\/katanaimi.com\/lv\/shop\/katanaimi-barbarian-serijas-serbijas-santoku-nazis\/","og_locale":"lv_LV","og_type":"article","og_title":"KATANAIMI BARBARIAN S\u0112RIJAS SERBIJAS SANTOKU NAZIS - Katanami.com","og_description":"Vai v\u0113laties kvalitat\u012bvus virtuves na\u017eus? Na\u017ei ir kalti, izmantojot to pa\u0161u tradicion\u0101lo asme\u0146u izgatavo\u0161anas tehniku k\u0101 samuraju zobeni. M\u016bsu virtuves na\u017ei p\u0101rsp\u0113s to, ko gaid\u0101t no parast\u0101 virtuves na\u017ea. M\u016bsu virtuves na\u017ei tiek izgatavoti, izmantojot to pa\u0161u tradicion\u0101lo jap\u0101\u0146u asme\u0146u izgatavo\u0161anas tehniku, ko izmanto, izgatavojot samuraju zobenus, t\u0101p\u0113c tie p\u0101rsp\u0113s to, ko gaid\u0101t no parast\u0101 [&hellip;]","og_url":"https:\/\/katanaimi.com\/lv\/shop\/katanaimi-barbarian-serijas-serbijas-santoku-nazis\/","og_site_name":"Katanami.com","article_modified_time":"2021-10-18T16:41:22+00:00","og_image":[{"width":1000,"height":1000,"url":"https:\/\/katanaimi.com\/wp-content\/uploads\/2021\/09\/HK1001F.jpg","type":"image\/jpeg"}],"twitter_card":"summary_large_image","twitter_misc":{"Est. reading time":"1 minute"},"schema":{"@context":"https:\/\/schema.org","@graph":[{"@type":"WebPage","@id":"https:\/\/katanaimi.com\/lv\/shop\/katanaimi-barbarian-serijas-serbijas-santoku-nazis\/","url":"https:\/\/katanaimi.com\/lv\/shop\/katanaimi-barbarian-serijas-serbijas-santoku-nazis\/","name":"KATANAIMI BARBARIAN S\u0112RIJAS SERBIJAS SANTOKU NAZIS - Katanami.com","isPartOf":{"@id":"https:\/\/katanaimi.com\/#website"},"primaryImageOfPage":{"@id":"https:\/\/katanaimi.com\/lv\/shop\/katanaimi-barbarian-serijas-serbijas-santoku-nazis\/#primaryimage"},"image":{"@id":"https:\/\/katanaimi.com\/lv\/shop\/katanaimi-barbarian-serijas-serbijas-santoku-nazis\/#primaryimage"},"thumbnailUrl":"https:\/\/katanaimi.com\/wp-content\/uploads\/2021\/09\/HK1001F.jpg","datePublished":"2021-10-18T14:45:19+00:00","dateModified":"2021-10-18T16:41:22+00:00","breadcrumb":{"@id":"https:\/\/katanaimi.com\/lv\/shop\/katanaimi-barbarian-serijas-serbijas-santoku-nazis\/#breadcrumb"},"inLanguage":"lv-LV","potentialAction":[{"@type":"ReadAction","target":["https:\/\/katanaimi.com\/lv\/shop\/katanaimi-barbarian-serijas-serbijas-santoku-nazis\/"]}]},{"@type":"ImageObject","inLanguage":"lv-LV","@id":"https:\/\/katanaimi.com\/lv\/shop\/katanaimi-barbarian-serijas-serbijas-santoku-nazis\/#primaryimage","url":"https:\/\/katanaimi.com\/wp-content\/uploads\/2021\/09\/HK1001F.jpg","contentUrl":"https:\/\/katanaimi.com\/wp-content\/uploads\/2021\/09\/HK1001F.jpg","width":1000,"height":1000},{"@type":"BreadcrumbList","@id":"https:\/\/katanaimi.com\/lv\/shop\/katanaimi-barbarian-serijas-serbijas-santoku-nazis\/#breadcrumb","itemListElement":[{"@type":"ListItem","position":1,"name":"Home","item":"https:\/\/katanaimi.com\/lv\/"},{"@type":"ListItem","position":2,"name":"Veikals","item":"https:\/\/katanaimi.com\/lv\/veikals\/"},{"@type":"ListItem","position":3,"name":"KATANAIMI BARBARIAN S\u0112RIJAS SERBIJAS SANTOKU NAZIS"}]},{"@type":"WebSite","@id":"https:\/\/katanaimi.com\/#website","url":"https:\/\/katanaimi.com\/","name":"Katanami.com","description":"Katanaimi: created out of a passion for the art of knife-making and a love of cooking.","publisher":{"@id":"https:\/\/katanaimi.com\/#organization"},"potentialAction":[{"@type":"SearchAction","target":{"@type":"EntryPoint","urlTemplate":"https:\/\/katanaimi.com\/?s={search_term_string}"},"query-input":{"@type":"PropertyValueSpecification","valueRequired":true,"valueName":"search_term_string"}}],"inLanguage":"lv-LV"},{"@type":"Organization","@id":"https:\/\/katanaimi.com\/#organization","name":"Katanami.com","url":"https:\/\/katanaimi.com\/","logo":{"@type":"ImageObject","inLanguage":"lv-LV","@id":"https:\/\/katanaimi.com\/#\/schema\/logo\/image\/","url":"https:\/\/katanaimi.com\/wp-content\/uploads\/2021\/09\/logo-w.png","contentUrl":"https:\/\/katanaimi.com\/wp-content\/uploads\/2021\/09\/logo-w.png","width":253,"height":108,"caption":"Katanami.com"},"image":{"@id":"https:\/\/katanaimi.com\/#\/schema\/logo\/image\/"}}]}},"_links":{"self":[{"href":"https:\/\/katanaimi.com\/lv\/wp-json\/wp\/v2\/product\/1891","targetHints":{"allow":["GET"]}}],"collection":[{"href":"https:\/\/katanaimi.com\/lv\/wp-json\/wp\/v2\/product"}],"about":[{"href":"https:\/\/katanaimi.com\/lv\/wp-json\/wp\/v2\/types\/product"}],"wp:featuredmedia":[{"embeddable":true,"href":"https:\/\/katanaimi.com\/lv\/wp-json\/wp\/v2\/media\/1426"}],"wp:attachment":[{"href":"https:\/\/katanaimi.com\/lv\/wp-json\/wp\/v2\/media?parent=1891"}],"wp:term":[{"taxonomy":"product_cat","embeddable":true,"href":"https:\/\/katanaimi.com\/lv\/wp-json\/wp\/v2\/product_cat?post=1891"},{"taxonomy":"product_tag","embeddable":true,"href":"https:\/\/katanaimi.com\/lv\/wp-json\/wp\/v2\/product_tag?post=1891"},{"taxonomy":"giftcard-category","embeddable":true,"href":"https:\/\/katanaimi.com\/lv\/wp-json\/wp\/v2\/giftcard-category?post=1891"}],"curies":[{"name":"wp","href":"https:\/\/api.w.org\/{rel}","templated":true}]}}