{"id":1895,"date":"2021-10-18T12:43:15","date_gmt":"2021-10-18T14:45:19","guid":{"rendered":"https:\/\/katanaimi.com\/shop\/kantanaimi-hanta-universalais-kalts-barbarian-augstas-precizitates-nazis\/"},"modified":"2021-10-18T14:51:32","modified_gmt":"2021-10-18T16:51:32","slug":"kantanaimi-hanta-universalais-kalts-barbarian-augstas-precizitates-nazis","status":"publish","type":"product","link":"https:\/\/katanaimi.com\/lv\/shop\/kantanaimi-hanta-universalais-kalts-barbarian-augstas-precizitates-nazis\/","title":{"rendered":"KANTANAIMI HANT\u0100 \u2122 UNIVERS\u0100LAIS KALTS BARBARIAN AUGST\u0100S PRECIZIT\u0100TES NAZIS"},"content":{"rendered":"<p>Ar \u0161o nazi j\u016bs esat soli tuv\u0101k dabai. S\u0101kotn\u0113ji BARBARIAN izstr\u0101d\u0101ja KATANAIMI, pateicoties sevi\u0161\u0137ai kaislei uz \u0113diena gatavo\u0161anu br\u012bv\u0101 dab\u0101.<br \/>\nKaltie Hant\u0101 na\u017ei ir izgatavoti no \u0101rk\u0101rt\u012bgi iztur\u012bga t\u0113rauda. Tas ir augst\u0101k\u0101s kvalit\u0101tes t\u0113rauds, kas \u012bpa\u0161i izstr\u0101d\u0101ts na\u017eu kal\u0161anai.<br \/>\nIzmantojiet \u0161o nazi virtuv\u0113 standarta lieto\u0161anai vai izbaudiet \u0113diena gatavo\u0161anu br\u012bv\u0101 dab\u0101<\/p>\n<p>Kalt\u0101 daudzfunkcion\u0101la augst\u0101s precizit\u0101tes na\u017ea specifik\u0101cijas:<br \/>\nIzgatavots no ner\u016bs\u0113jo\u0161a \u012bpa\u0161i iztur\u012bga t\u0113rauda 5CR15MOV;<br \/>\nAsmens ciet\u012bba: 57 &#8211; 59 HRC<br \/>\nRokturis: ro\u017ekoks<br \/>\nIzm\u0113ri: asmens garums: 14 cm, kop\u0113jais na\u017ea garums: 27 cm;<br \/>\nAsmens garums &#8211; 14 cm.<br \/>\nRoktura garums &#8211; 13 cm.<br \/>\nRoktura platums &#8211; 2,5 cm.<br \/>\nAsmens biezums &#8211; 4 mm.<br \/>\nAsmens platums &#8211; 6,5 cm.<\/p>\n<p>Notur\u012bba pret nodilumu un koroziju.<br \/>\n\u012apa\u0161i ass asmens.<br \/>\nUnik\u0101ls dizains.<br \/>\nPrec\u012bzs griezums.<br \/>\nIztur\u012bgs un ilgm\u016b\u017e\u012bgs instruments.<br \/>\n\u0112rti lietojams rok\u0101.<br \/>\nGrie\u0161anas kontrole un stabilit\u0101te.<\/p>\n","protected":false},"excerpt":{"rendered":"<p>Ar \u0161o nazi j\u016bs esat soli tuv\u0101k dabai. S\u0101kotn\u0113ji BARBARIAN izstr\u0101d\u0101ja KATANAIMI, pateicoties sevi\u0161\u0137ai kaislei uz \u0113diena gatavo\u0161anu br\u012bv\u0101 dab\u0101. Kaltie Hant\u0101 na\u017ei ir izgatavoti no \u0101rk\u0101rt\u012bgi iztur\u012bga t\u0113rauda. Tas ir augst\u0101k\u0101s kvalit\u0101tes t\u0113rauds, kas \u012bpa\u0161i izstr\u0101d\u0101ts na\u017eu kal\u0161anai. Izmantojiet \u0161o nazi virtuv\u0113 standarta lieto\u0161anai vai izbaudiet \u0113diena gatavo\u0161anu br\u012bv\u0101 dab\u0101 Kalt\u0101 daudzfunkcion\u0101la augst\u0101s precizit\u0101tes [&hellip;]<\/p>\n","protected":false},"featured_media":1448,"template":"","meta":{"inline_featured_image":false},"product_cat":[544],"product_tag":[],"giftcard-category":[],"class_list":{"0":"post-1895","1":"product","2":"type-product","3":"status-publish","4":"has-post-thumbnail","6":"product_cat-ar-roku-kalts-produkts-barbarian-serijas-nazi","8":"first","9":"instock","10":"sale","11":"purchasable","12":"product-type-simple"},"yoast_head":"<!-- This site is optimized with the Yoast SEO plugin v24.0 - https:\/\/yoast.com\/wordpress\/plugins\/seo\/ -->\n<title>KANTANAIMI HANT\u0100 \u2122 UNIVERS\u0100LAIS KALTS BARBARIAN AUGST\u0100S PRECIZIT\u0100TES NAZIS - Katanami.com<\/title>\n<meta name=\"robots\" content=\"index, follow, max-snippet:-1, max-image-preview:large, max-video-preview:-1\" \/>\n<link rel=\"canonical\" href=\"https:\/\/katanaimi.com\/lv\/shop\/kantanaimi-hanta-universalais-kalts-barbarian-augstas-precizitates-nazis\/\" \/>\n<meta property=\"og:locale\" content=\"lv_LV\" \/>\n<meta property=\"og:type\" content=\"article\" \/>\n<meta property=\"og:title\" content=\"KANTANAIMI HANT\u0100 \u2122 UNIVERS\u0100LAIS KALTS BARBARIAN AUGST\u0100S PRECIZIT\u0100TES NAZIS - Katanami.com\" \/>\n<meta property=\"og:description\" content=\"Ar \u0161o nazi j\u016bs esat soli tuv\u0101k dabai. S\u0101kotn\u0113ji BARBARIAN izstr\u0101d\u0101ja KATANAIMI, pateicoties sevi\u0161\u0137ai kaislei uz \u0113diena gatavo\u0161anu br\u012bv\u0101 dab\u0101. Kaltie Hant\u0101 na\u017ei ir izgatavoti no \u0101rk\u0101rt\u012bgi iztur\u012bga t\u0113rauda. Tas ir augst\u0101k\u0101s kvalit\u0101tes t\u0113rauds, kas \u012bpa\u0161i izstr\u0101d\u0101ts na\u017eu kal\u0161anai. Izmantojiet \u0161o nazi virtuv\u0113 standarta lieto\u0161anai vai izbaudiet \u0113diena gatavo\u0161anu br\u012bv\u0101 dab\u0101 Kalt\u0101 daudzfunkcion\u0101la augst\u0101s precizit\u0101tes [&hellip;]\" \/>\n<meta property=\"og:url\" content=\"https:\/\/katanaimi.com\/lv\/shop\/kantanaimi-hanta-universalais-kalts-barbarian-augstas-precizitates-nazis\/\" \/>\n<meta property=\"og:site_name\" content=\"Katanami.com\" \/>\n<meta property=\"article:modified_time\" content=\"2021-10-18T16:51:32+00:00\" \/>\n<meta property=\"og:image\" content=\"https:\/\/katanaimi.com\/wp-content\/uploads\/2021\/09\/HK1004.jpg\" \/>\n\t<meta property=\"og:image:width\" content=\"1000\" \/>\n\t<meta property=\"og:image:height\" content=\"1000\" \/>\n\t<meta property=\"og:image:type\" content=\"image\/jpeg\" \/>\n<meta name=\"twitter:card\" content=\"summary_large_image\" \/>\n<meta name=\"twitter:label1\" content=\"Est. reading time\" \/>\n\t<meta name=\"twitter:data1\" content=\"1 minute\" \/>\n<script type=\"application\/ld+json\" class=\"yoast-schema-graph\">{\"@context\":\"https:\/\/schema.org\",\"@graph\":[{\"@type\":\"WebPage\",\"@id\":\"https:\/\/katanaimi.com\/lv\/shop\/kantanaimi-hanta-universalais-kalts-barbarian-augstas-precizitates-nazis\/\",\"url\":\"https:\/\/katanaimi.com\/lv\/shop\/kantanaimi-hanta-universalais-kalts-barbarian-augstas-precizitates-nazis\/\",\"name\":\"KANTANAIMI HANT\u0100 \u2122 UNIVERS\u0100LAIS KALTS BARBARIAN AUGST\u0100S PRECIZIT\u0100TES NAZIS - Katanami.com\",\"isPartOf\":{\"@id\":\"https:\/\/katanaimi.com\/#website\"},\"primaryImageOfPage\":{\"@id\":\"https:\/\/katanaimi.com\/lv\/shop\/kantanaimi-hanta-universalais-kalts-barbarian-augstas-precizitates-nazis\/#primaryimage\"},\"image\":{\"@id\":\"https:\/\/katanaimi.com\/lv\/shop\/kantanaimi-hanta-universalais-kalts-barbarian-augstas-precizitates-nazis\/#primaryimage\"},\"thumbnailUrl\":\"https:\/\/katanaimi.com\/wp-content\/uploads\/2021\/09\/HK1004.jpg\",\"datePublished\":\"2021-10-18T14:45:19+00:00\",\"dateModified\":\"2021-10-18T16:51:32+00:00\",\"breadcrumb\":{\"@id\":\"https:\/\/katanaimi.com\/lv\/shop\/kantanaimi-hanta-universalais-kalts-barbarian-augstas-precizitates-nazis\/#breadcrumb\"},\"inLanguage\":\"lv-LV\",\"potentialAction\":[{\"@type\":\"ReadAction\",\"target\":[\"https:\/\/katanaimi.com\/lv\/shop\/kantanaimi-hanta-universalais-kalts-barbarian-augstas-precizitates-nazis\/\"]}]},{\"@type\":\"ImageObject\",\"inLanguage\":\"lv-LV\",\"@id\":\"https:\/\/katanaimi.com\/lv\/shop\/kantanaimi-hanta-universalais-kalts-barbarian-augstas-precizitates-nazis\/#primaryimage\",\"url\":\"https:\/\/katanaimi.com\/wp-content\/uploads\/2021\/09\/HK1004.jpg\",\"contentUrl\":\"https:\/\/katanaimi.com\/wp-content\/uploads\/2021\/09\/HK1004.jpg\",\"width\":1000,\"height\":1000},{\"@type\":\"BreadcrumbList\",\"@id\":\"https:\/\/katanaimi.com\/lv\/shop\/kantanaimi-hanta-universalais-kalts-barbarian-augstas-precizitates-nazis\/#breadcrumb\",\"itemListElement\":[{\"@type\":\"ListItem\",\"position\":1,\"name\":\"Home\",\"item\":\"https:\/\/katanaimi.com\/lv\/\"},{\"@type\":\"ListItem\",\"position\":2,\"name\":\"Veikals\",\"item\":\"https:\/\/katanaimi.com\/lv\/veikals\/\"},{\"@type\":\"ListItem\",\"position\":3,\"name\":\"KANTANAIMI HANT\u0100 \u2122 UNIVERS\u0100LAIS KALTS BARBARIAN AUGST\u0100S PRECIZIT\u0100TES NAZIS\"}]},{\"@type\":\"WebSite\",\"@id\":\"https:\/\/katanaimi.com\/#website\",\"url\":\"https:\/\/katanaimi.com\/\",\"name\":\"Katanami.com\",\"description\":\"Katanaimi: created out of a passion for the art of knife-making and a love of cooking.\",\"publisher\":{\"@id\":\"https:\/\/katanaimi.com\/#organization\"},\"potentialAction\":[{\"@type\":\"SearchAction\",\"target\":{\"@type\":\"EntryPoint\",\"urlTemplate\":\"https:\/\/katanaimi.com\/?s={search_term_string}\"},\"query-input\":{\"@type\":\"PropertyValueSpecification\",\"valueRequired\":true,\"valueName\":\"search_term_string\"}}],\"inLanguage\":\"lv-LV\"},{\"@type\":\"Organization\",\"@id\":\"https:\/\/katanaimi.com\/#organization\",\"name\":\"Katanami.com\",\"url\":\"https:\/\/katanaimi.com\/\",\"logo\":{\"@type\":\"ImageObject\",\"inLanguage\":\"lv-LV\",\"@id\":\"https:\/\/katanaimi.com\/#\/schema\/logo\/image\/\",\"url\":\"https:\/\/katanaimi.com\/wp-content\/uploads\/2021\/09\/logo-w.png\",\"contentUrl\":\"https:\/\/katanaimi.com\/wp-content\/uploads\/2021\/09\/logo-w.png\",\"width\":253,\"height\":108,\"caption\":\"Katanami.com\"},\"image\":{\"@id\":\"https:\/\/katanaimi.com\/#\/schema\/logo\/image\/\"}}]}<\/script>\n<!-- \/ Yoast SEO plugin. -->","yoast_head_json":{"title":"KANTANAIMI HANT\u0100 \u2122 UNIVERS\u0100LAIS KALTS BARBARIAN AUGST\u0100S PRECIZIT\u0100TES NAZIS - Katanami.com","robots":{"index":"index","follow":"follow","max-snippet":"max-snippet:-1","max-image-preview":"max-image-preview:large","max-video-preview":"max-video-preview:-1"},"canonical":"https:\/\/katanaimi.com\/lv\/shop\/kantanaimi-hanta-universalais-kalts-barbarian-augstas-precizitates-nazis\/","og_locale":"lv_LV","og_type":"article","og_title":"KANTANAIMI HANT\u0100 \u2122 UNIVERS\u0100LAIS KALTS BARBARIAN AUGST\u0100S PRECIZIT\u0100TES NAZIS - Katanami.com","og_description":"Ar \u0161o nazi j\u016bs esat soli tuv\u0101k dabai. S\u0101kotn\u0113ji BARBARIAN izstr\u0101d\u0101ja KATANAIMI, pateicoties sevi\u0161\u0137ai kaislei uz \u0113diena gatavo\u0161anu br\u012bv\u0101 dab\u0101. Kaltie Hant\u0101 na\u017ei ir izgatavoti no \u0101rk\u0101rt\u012bgi iztur\u012bga t\u0113rauda. Tas ir augst\u0101k\u0101s kvalit\u0101tes t\u0113rauds, kas \u012bpa\u0161i izstr\u0101d\u0101ts na\u017eu kal\u0161anai. Izmantojiet \u0161o nazi virtuv\u0113 standarta lieto\u0161anai vai izbaudiet \u0113diena gatavo\u0161anu br\u012bv\u0101 dab\u0101 Kalt\u0101 daudzfunkcion\u0101la augst\u0101s precizit\u0101tes [&hellip;]","og_url":"https:\/\/katanaimi.com\/lv\/shop\/kantanaimi-hanta-universalais-kalts-barbarian-augstas-precizitates-nazis\/","og_site_name":"Katanami.com","article_modified_time":"2021-10-18T16:51:32+00:00","og_image":[{"width":1000,"height":1000,"url":"https:\/\/katanaimi.com\/wp-content\/uploads\/2021\/09\/HK1004.jpg","type":"image\/jpeg"}],"twitter_card":"summary_large_image","twitter_misc":{"Est. reading time":"1 minute"},"schema":{"@context":"https:\/\/schema.org","@graph":[{"@type":"WebPage","@id":"https:\/\/katanaimi.com\/lv\/shop\/kantanaimi-hanta-universalais-kalts-barbarian-augstas-precizitates-nazis\/","url":"https:\/\/katanaimi.com\/lv\/shop\/kantanaimi-hanta-universalais-kalts-barbarian-augstas-precizitates-nazis\/","name":"KANTANAIMI HANT\u0100 \u2122 UNIVERS\u0100LAIS KALTS BARBARIAN AUGST\u0100S PRECIZIT\u0100TES NAZIS - Katanami.com","isPartOf":{"@id":"https:\/\/katanaimi.com\/#website"},"primaryImageOfPage":{"@id":"https:\/\/katanaimi.com\/lv\/shop\/kantanaimi-hanta-universalais-kalts-barbarian-augstas-precizitates-nazis\/#primaryimage"},"image":{"@id":"https:\/\/katanaimi.com\/lv\/shop\/kantanaimi-hanta-universalais-kalts-barbarian-augstas-precizitates-nazis\/#primaryimage"},"thumbnailUrl":"https:\/\/katanaimi.com\/wp-content\/uploads\/2021\/09\/HK1004.jpg","datePublished":"2021-10-18T14:45:19+00:00","dateModified":"2021-10-18T16:51:32+00:00","breadcrumb":{"@id":"https:\/\/katanaimi.com\/lv\/shop\/kantanaimi-hanta-universalais-kalts-barbarian-augstas-precizitates-nazis\/#breadcrumb"},"inLanguage":"lv-LV","potentialAction":[{"@type":"ReadAction","target":["https:\/\/katanaimi.com\/lv\/shop\/kantanaimi-hanta-universalais-kalts-barbarian-augstas-precizitates-nazis\/"]}]},{"@type":"ImageObject","inLanguage":"lv-LV","@id":"https:\/\/katanaimi.com\/lv\/shop\/kantanaimi-hanta-universalais-kalts-barbarian-augstas-precizitates-nazis\/#primaryimage","url":"https:\/\/katanaimi.com\/wp-content\/uploads\/2021\/09\/HK1004.jpg","contentUrl":"https:\/\/katanaimi.com\/wp-content\/uploads\/2021\/09\/HK1004.jpg","width":1000,"height":1000},{"@type":"BreadcrumbList","@id":"https:\/\/katanaimi.com\/lv\/shop\/kantanaimi-hanta-universalais-kalts-barbarian-augstas-precizitates-nazis\/#breadcrumb","itemListElement":[{"@type":"ListItem","position":1,"name":"Home","item":"https:\/\/katanaimi.com\/lv\/"},{"@type":"ListItem","position":2,"name":"Veikals","item":"https:\/\/katanaimi.com\/lv\/veikals\/"},{"@type":"ListItem","position":3,"name":"KANTANAIMI HANT\u0100 \u2122 UNIVERS\u0100LAIS KALTS BARBARIAN AUGST\u0100S PRECIZIT\u0100TES NAZIS"}]},{"@type":"WebSite","@id":"https:\/\/katanaimi.com\/#website","url":"https:\/\/katanaimi.com\/","name":"Katanami.com","description":"Katanaimi: created out of a passion for the art of knife-making and a love of cooking.","publisher":{"@id":"https:\/\/katanaimi.com\/#organization"},"potentialAction":[{"@type":"SearchAction","target":{"@type":"EntryPoint","urlTemplate":"https:\/\/katanaimi.com\/?s={search_term_string}"},"query-input":{"@type":"PropertyValueSpecification","valueRequired":true,"valueName":"search_term_string"}}],"inLanguage":"lv-LV"},{"@type":"Organization","@id":"https:\/\/katanaimi.com\/#organization","name":"Katanami.com","url":"https:\/\/katanaimi.com\/","logo":{"@type":"ImageObject","inLanguage":"lv-LV","@id":"https:\/\/katanaimi.com\/#\/schema\/logo\/image\/","url":"https:\/\/katanaimi.com\/wp-content\/uploads\/2021\/09\/logo-w.png","contentUrl":"https:\/\/katanaimi.com\/wp-content\/uploads\/2021\/09\/logo-w.png","width":253,"height":108,"caption":"Katanami.com"},"image":{"@id":"https:\/\/katanaimi.com\/#\/schema\/logo\/image\/"}}]}},"_links":{"self":[{"href":"https:\/\/katanaimi.com\/lv\/wp-json\/wp\/v2\/product\/1895","targetHints":{"allow":["GET"]}}],"collection":[{"href":"https:\/\/katanaimi.com\/lv\/wp-json\/wp\/v2\/product"}],"about":[{"href":"https:\/\/katanaimi.com\/lv\/wp-json\/wp\/v2\/types\/product"}],"wp:featuredmedia":[{"embeddable":true,"href":"https:\/\/katanaimi.com\/lv\/wp-json\/wp\/v2\/media\/1448"}],"wp:attachment":[{"href":"https:\/\/katanaimi.com\/lv\/wp-json\/wp\/v2\/media?parent=1895"}],"wp:term":[{"taxonomy":"product_cat","embeddable":true,"href":"https:\/\/katanaimi.com\/lv\/wp-json\/wp\/v2\/product_cat?post=1895"},{"taxonomy":"product_tag","embeddable":true,"href":"https:\/\/katanaimi.com\/lv\/wp-json\/wp\/v2\/product_tag?post=1895"},{"taxonomy":"giftcard-category","embeddable":true,"href":"https:\/\/katanaimi.com\/lv\/wp-json\/wp\/v2\/giftcard-category?post=1895"}],"curies":[{"name":"wp","href":"https:\/\/api.w.org\/{rel}","templated":true}]}}