{"id":1907,"date":"2021-10-18T12:43:28","date_gmt":"2021-10-18T14:45:30","guid":{"rendered":"https:\/\/katanaimi.com\/shop\/daudzslanu-katanaimi-japanu-damaskas-terauda-profesionalais-sefpavara-nazis-20-cm\/"},"modified":"2021-10-18T14:58:40","modified_gmt":"2021-10-18T16:58:40","slug":"daudzslanu-katanaimi-japanu-damaskas-terauda-profesionalais-sefpavara-nazis-20-cm","status":"publish","type":"product","link":"https:\/\/katanaimi.com\/lv\/shop\/daudzslanu-katanaimi-japanu-damaskas-terauda-profesionalais-sefpavara-nazis-20-cm\/","title":{"rendered":"DAUDZSL\u0100\u0145U KATANAIMI JAP\u0100\u0145U DAMASKAS T\u0112RAUDA PROFESION\u0100LAIS \u0160EFPAV\u0100RA NAZIS 20 CM"},"content":{"rendered":"<p>L\u016bdzu, iedom\u0101jieties, ka j\u016bsu virtuves na\u017ei ir est\u0113tiski, asi un iztur\u012bgi, tie noteikti ieg\u016bs papildu v\u0113rt\u012bbu, k\u013c\u016bstot par lielisku d\u0101vanu. Ar \u0161o kolekciju vienm\u0113r var lepoties un nekad neb\u016bs kauns gatavot citu cilv\u0113ku priek\u0161\u0101. Virtuves na\u017ei ar skaistu Damaskas t\u0113rauda rakstu tiek uzskat\u012bti par pasaules lab\u0101kiem na\u017eiem.<br \/>\nDamaskas na\u017ei ir izgatavoti no Damaskas t\u0113rauda, kas izce\u013cas ar \u012bpa\u0161u iek\u0161\u0113jo strukt\u016bru, kas ir izgatavota no 67 sl\u0101\u0146iem Damaskas t\u0113rauda tekstur\u0113ta asmens ar augstu oglek\u013ca VG-10 ner\u016bs\u0113jo\u0161\u0101 t\u0113rauda serdi. Izmantojot da\u017e\u0101da veida t\u0113raudu kombin\u0101ciju, m\u0113s ieg\u016bstam t\u0113raudu, kas sp\u0113j sniegt lab\u0101k\u0101s \u0161\u0101das kombin\u0101cijas \u012bpa\u0161\u012bbas.<\/p>\n<p>Damaskas t\u0113rauda \u0161efpav\u0101ra na\u017ea specifik\u0101cijas:<br \/>\nIzgatavots no ner\u016bs\u0113jo\u0161a \u012bpa\u0161i iztur\u012bga t\u0113rauda VG-10;<br \/>\nAsmens ciet\u012bba: ~ 60 \u00b1 1 HRC<br \/>\nRokturis: sve\u0137i + koks<br \/>\nIzm\u0113ri: asmens garums: 20 cm, kop\u0113jais na\u017ea garums: 34,5 cm;<br \/>\nAsmens garums &#8211; 20 cm<br \/>\nRoktura garums &#8211; 13,5 cm<br \/>\nAsmens platums &#8211; 5 cm.<br \/>\n<img fetchpriority=\"high\" decoding=\"async\" class=\"alignnone wp-image-792\" src=\"https:\/\/katanaimi.com\/wp-content\/uploads\/2021\/09\/I-aprasyma-size.jpg\" alt=\"\" width=\"499\" height=\"160\" \/><br \/>\nNotur\u012bba pret nodilumu un koroziju.<br \/>\n\u012apa\u0161i ass asmens.<br \/>\nUnik\u0101ls dizains.<br \/>\nPrec\u012bzs griezums.<br \/>\nIztur\u012bgs un ilgm\u016b\u017e\u012bgs instruments.<br \/>\n\u0112rti lietojams rok\u0101.<br \/>\nGrie\u0161anas kontrole un stabilit\u0101te.<\/p>\n","protected":false},"excerpt":{"rendered":"<p>L\u016bdzu, iedom\u0101jieties, ka j\u016bsu virtuves na\u017ei ir est\u0113tiski, asi un iztur\u012bgi, tie noteikti ieg\u016bs papildu v\u0113rt\u012bbu, k\u013c\u016bstot par lielisku d\u0101vanu. Ar \u0161o kolekciju vienm\u0113r var lepoties un nekad neb\u016bs kauns gatavot citu cilv\u0113ku priek\u0161\u0101. Virtuves na\u017ei ar skaistu Damaskas t\u0113rauda rakstu tiek uzskat\u012bti par pasaules lab\u0101kiem na\u017eiem. Damaskas na\u017ei ir izgatavoti no Damaskas t\u0113rauda, kas [&hellip;]<\/p>\n","protected":false},"featured_media":1506,"template":"","meta":{"inline_featured_image":false},"product_cat":[545],"product_tag":[],"giftcard-category":[],"class_list":{"0":"post-1907","1":"product","2":"type-product","3":"status-publish","4":"has-post-thumbnail","6":"product_cat-japanu-damaska","8":"first","9":"outofstock","10":"purchasable","11":"product-type-simple"},"yoast_head":"<!-- This site is optimized with the Yoast SEO plugin v24.0 - https:\/\/yoast.com\/wordpress\/plugins\/seo\/ -->\n<title>DAUDZSL\u0100\u0145U KATANAIMI JAP\u0100\u0145U DAMASKAS T\u0112RAUDA PROFESION\u0100LAIS \u0160EFPAV\u0100RA NAZIS 20 CM - Katanami.com<\/title>\n<meta name=\"robots\" content=\"index, follow, max-snippet:-1, max-image-preview:large, max-video-preview:-1\" \/>\n<link rel=\"canonical\" href=\"https:\/\/katanaimi.com\/lv\/shop\/daudzslanu-katanaimi-japanu-damaskas-terauda-profesionalais-sefpavara-nazis-20-cm\/\" \/>\n<meta property=\"og:locale\" content=\"lv_LV\" \/>\n<meta property=\"og:type\" content=\"article\" \/>\n<meta property=\"og:title\" content=\"DAUDZSL\u0100\u0145U KATANAIMI JAP\u0100\u0145U DAMASKAS T\u0112RAUDA PROFESION\u0100LAIS \u0160EFPAV\u0100RA NAZIS 20 CM - Katanami.com\" \/>\n<meta property=\"og:description\" content=\"L\u016bdzu, iedom\u0101jieties, ka j\u016bsu virtuves na\u017ei ir est\u0113tiski, asi un iztur\u012bgi, tie noteikti ieg\u016bs papildu v\u0113rt\u012bbu, k\u013c\u016bstot par lielisku d\u0101vanu. Ar \u0161o kolekciju vienm\u0113r var lepoties un nekad neb\u016bs kauns gatavot citu cilv\u0113ku priek\u0161\u0101. Virtuves na\u017ei ar skaistu Damaskas t\u0113rauda rakstu tiek uzskat\u012bti par pasaules lab\u0101kiem na\u017eiem. Damaskas na\u017ei ir izgatavoti no Damaskas t\u0113rauda, kas [&hellip;]\" \/>\n<meta property=\"og:url\" content=\"https:\/\/katanaimi.com\/lv\/shop\/daudzslanu-katanaimi-japanu-damaskas-terauda-profesionalais-sefpavara-nazis-20-cm\/\" \/>\n<meta property=\"og:site_name\" content=\"Katanami.com\" \/>\n<meta property=\"article:modified_time\" content=\"2021-10-18T16:58:40+00:00\" \/>\n<meta property=\"og:image\" content=\"https:\/\/katanaimi.com\/wp-content\/uploads\/2021\/09\/1.jpg\" \/>\n\t<meta property=\"og:image:width\" content=\"900\" \/>\n\t<meta property=\"og:image:height\" content=\"900\" \/>\n\t<meta property=\"og:image:type\" content=\"image\/jpeg\" \/>\n<meta name=\"twitter:card\" content=\"summary_large_image\" \/>\n<meta name=\"twitter:label1\" content=\"Est. reading time\" \/>\n\t<meta name=\"twitter:data1\" content=\"1 minute\" \/>\n<script type=\"application\/ld+json\" class=\"yoast-schema-graph\">{\"@context\":\"https:\/\/schema.org\",\"@graph\":[{\"@type\":\"WebPage\",\"@id\":\"https:\/\/katanaimi.com\/lv\/shop\/daudzslanu-katanaimi-japanu-damaskas-terauda-profesionalais-sefpavara-nazis-20-cm\/\",\"url\":\"https:\/\/katanaimi.com\/lv\/shop\/daudzslanu-katanaimi-japanu-damaskas-terauda-profesionalais-sefpavara-nazis-20-cm\/\",\"name\":\"DAUDZSL\u0100\u0145U KATANAIMI JAP\u0100\u0145U DAMASKAS T\u0112RAUDA PROFESION\u0100LAIS \u0160EFPAV\u0100RA NAZIS 20 CM - Katanami.com\",\"isPartOf\":{\"@id\":\"https:\/\/katanaimi.com\/#website\"},\"primaryImageOfPage\":{\"@id\":\"https:\/\/katanaimi.com\/lv\/shop\/daudzslanu-katanaimi-japanu-damaskas-terauda-profesionalais-sefpavara-nazis-20-cm\/#primaryimage\"},\"image\":{\"@id\":\"https:\/\/katanaimi.com\/lv\/shop\/daudzslanu-katanaimi-japanu-damaskas-terauda-profesionalais-sefpavara-nazis-20-cm\/#primaryimage\"},\"thumbnailUrl\":\"https:\/\/katanaimi.com\/wp-content\/uploads\/2021\/09\/1.jpg\",\"datePublished\":\"2021-10-18T14:45:30+00:00\",\"dateModified\":\"2021-10-18T16:58:40+00:00\",\"breadcrumb\":{\"@id\":\"https:\/\/katanaimi.com\/lv\/shop\/daudzslanu-katanaimi-japanu-damaskas-terauda-profesionalais-sefpavara-nazis-20-cm\/#breadcrumb\"},\"inLanguage\":\"lv-LV\",\"potentialAction\":[{\"@type\":\"ReadAction\",\"target\":[\"https:\/\/katanaimi.com\/lv\/shop\/daudzslanu-katanaimi-japanu-damaskas-terauda-profesionalais-sefpavara-nazis-20-cm\/\"]}]},{\"@type\":\"ImageObject\",\"inLanguage\":\"lv-LV\",\"@id\":\"https:\/\/katanaimi.com\/lv\/shop\/daudzslanu-katanaimi-japanu-damaskas-terauda-profesionalais-sefpavara-nazis-20-cm\/#primaryimage\",\"url\":\"https:\/\/katanaimi.com\/wp-content\/uploads\/2021\/09\/1.jpg\",\"contentUrl\":\"https:\/\/katanaimi.com\/wp-content\/uploads\/2021\/09\/1.jpg\",\"width\":900,\"height\":900},{\"@type\":\"BreadcrumbList\",\"@id\":\"https:\/\/katanaimi.com\/lv\/shop\/daudzslanu-katanaimi-japanu-damaskas-terauda-profesionalais-sefpavara-nazis-20-cm\/#breadcrumb\",\"itemListElement\":[{\"@type\":\"ListItem\",\"position\":1,\"name\":\"Home\",\"item\":\"https:\/\/katanaimi.com\/lv\/\"},{\"@type\":\"ListItem\",\"position\":2,\"name\":\"Veikals\",\"item\":\"https:\/\/katanaimi.com\/lv\/veikals\/\"},{\"@type\":\"ListItem\",\"position\":3,\"name\":\"DAUDZSL\u0100\u0145U KATANAIMI JAP\u0100\u0145U DAMASKAS T\u0112RAUDA PROFESION\u0100LAIS \u0160EFPAV\u0100RA NAZIS 20 CM\"}]},{\"@type\":\"WebSite\",\"@id\":\"https:\/\/katanaimi.com\/#website\",\"url\":\"https:\/\/katanaimi.com\/\",\"name\":\"Katanami.com\",\"description\":\"Katanaimi: created out of a passion for the art of knife-making and a love of cooking.\",\"publisher\":{\"@id\":\"https:\/\/katanaimi.com\/#organization\"},\"potentialAction\":[{\"@type\":\"SearchAction\",\"target\":{\"@type\":\"EntryPoint\",\"urlTemplate\":\"https:\/\/katanaimi.com\/?s={search_term_string}\"},\"query-input\":{\"@type\":\"PropertyValueSpecification\",\"valueRequired\":true,\"valueName\":\"search_term_string\"}}],\"inLanguage\":\"lv-LV\"},{\"@type\":\"Organization\",\"@id\":\"https:\/\/katanaimi.com\/#organization\",\"name\":\"Katanami.com\",\"url\":\"https:\/\/katanaimi.com\/\",\"logo\":{\"@type\":\"ImageObject\",\"inLanguage\":\"lv-LV\",\"@id\":\"https:\/\/katanaimi.com\/#\/schema\/logo\/image\/\",\"url\":\"https:\/\/katanaimi.com\/wp-content\/uploads\/2021\/09\/logo-w.png\",\"contentUrl\":\"https:\/\/katanaimi.com\/wp-content\/uploads\/2021\/09\/logo-w.png\",\"width\":253,\"height\":108,\"caption\":\"Katanami.com\"},\"image\":{\"@id\":\"https:\/\/katanaimi.com\/#\/schema\/logo\/image\/\"}}]}<\/script>\n<!-- \/ Yoast SEO plugin. -->","yoast_head_json":{"title":"DAUDZSL\u0100\u0145U KATANAIMI JAP\u0100\u0145U DAMASKAS T\u0112RAUDA PROFESION\u0100LAIS \u0160EFPAV\u0100RA NAZIS 20 CM - Katanami.com","robots":{"index":"index","follow":"follow","max-snippet":"max-snippet:-1","max-image-preview":"max-image-preview:large","max-video-preview":"max-video-preview:-1"},"canonical":"https:\/\/katanaimi.com\/lv\/shop\/daudzslanu-katanaimi-japanu-damaskas-terauda-profesionalais-sefpavara-nazis-20-cm\/","og_locale":"lv_LV","og_type":"article","og_title":"DAUDZSL\u0100\u0145U KATANAIMI JAP\u0100\u0145U DAMASKAS T\u0112RAUDA PROFESION\u0100LAIS \u0160EFPAV\u0100RA NAZIS 20 CM - Katanami.com","og_description":"L\u016bdzu, iedom\u0101jieties, ka j\u016bsu virtuves na\u017ei ir est\u0113tiski, asi un iztur\u012bgi, tie noteikti ieg\u016bs papildu v\u0113rt\u012bbu, k\u013c\u016bstot par lielisku d\u0101vanu. Ar \u0161o kolekciju vienm\u0113r var lepoties un nekad neb\u016bs kauns gatavot citu cilv\u0113ku priek\u0161\u0101. Virtuves na\u017ei ar skaistu Damaskas t\u0113rauda rakstu tiek uzskat\u012bti par pasaules lab\u0101kiem na\u017eiem. Damaskas na\u017ei ir izgatavoti no Damaskas t\u0113rauda, kas [&hellip;]","og_url":"https:\/\/katanaimi.com\/lv\/shop\/daudzslanu-katanaimi-japanu-damaskas-terauda-profesionalais-sefpavara-nazis-20-cm\/","og_site_name":"Katanami.com","article_modified_time":"2021-10-18T16:58:40+00:00","og_image":[{"width":900,"height":900,"url":"https:\/\/katanaimi.com\/wp-content\/uploads\/2021\/09\/1.jpg","type":"image\/jpeg"}],"twitter_card":"summary_large_image","twitter_misc":{"Est. reading time":"1 minute"},"schema":{"@context":"https:\/\/schema.org","@graph":[{"@type":"WebPage","@id":"https:\/\/katanaimi.com\/lv\/shop\/daudzslanu-katanaimi-japanu-damaskas-terauda-profesionalais-sefpavara-nazis-20-cm\/","url":"https:\/\/katanaimi.com\/lv\/shop\/daudzslanu-katanaimi-japanu-damaskas-terauda-profesionalais-sefpavara-nazis-20-cm\/","name":"DAUDZSL\u0100\u0145U KATANAIMI JAP\u0100\u0145U DAMASKAS T\u0112RAUDA PROFESION\u0100LAIS \u0160EFPAV\u0100RA NAZIS 20 CM - Katanami.com","isPartOf":{"@id":"https:\/\/katanaimi.com\/#website"},"primaryImageOfPage":{"@id":"https:\/\/katanaimi.com\/lv\/shop\/daudzslanu-katanaimi-japanu-damaskas-terauda-profesionalais-sefpavara-nazis-20-cm\/#primaryimage"},"image":{"@id":"https:\/\/katanaimi.com\/lv\/shop\/daudzslanu-katanaimi-japanu-damaskas-terauda-profesionalais-sefpavara-nazis-20-cm\/#primaryimage"},"thumbnailUrl":"https:\/\/katanaimi.com\/wp-content\/uploads\/2021\/09\/1.jpg","datePublished":"2021-10-18T14:45:30+00:00","dateModified":"2021-10-18T16:58:40+00:00","breadcrumb":{"@id":"https:\/\/katanaimi.com\/lv\/shop\/daudzslanu-katanaimi-japanu-damaskas-terauda-profesionalais-sefpavara-nazis-20-cm\/#breadcrumb"},"inLanguage":"lv-LV","potentialAction":[{"@type":"ReadAction","target":["https:\/\/katanaimi.com\/lv\/shop\/daudzslanu-katanaimi-japanu-damaskas-terauda-profesionalais-sefpavara-nazis-20-cm\/"]}]},{"@type":"ImageObject","inLanguage":"lv-LV","@id":"https:\/\/katanaimi.com\/lv\/shop\/daudzslanu-katanaimi-japanu-damaskas-terauda-profesionalais-sefpavara-nazis-20-cm\/#primaryimage","url":"https:\/\/katanaimi.com\/wp-content\/uploads\/2021\/09\/1.jpg","contentUrl":"https:\/\/katanaimi.com\/wp-content\/uploads\/2021\/09\/1.jpg","width":900,"height":900},{"@type":"BreadcrumbList","@id":"https:\/\/katanaimi.com\/lv\/shop\/daudzslanu-katanaimi-japanu-damaskas-terauda-profesionalais-sefpavara-nazis-20-cm\/#breadcrumb","itemListElement":[{"@type":"ListItem","position":1,"name":"Home","item":"https:\/\/katanaimi.com\/lv\/"},{"@type":"ListItem","position":2,"name":"Veikals","item":"https:\/\/katanaimi.com\/lv\/veikals\/"},{"@type":"ListItem","position":3,"name":"DAUDZSL\u0100\u0145U KATANAIMI JAP\u0100\u0145U DAMASKAS T\u0112RAUDA PROFESION\u0100LAIS \u0160EFPAV\u0100RA NAZIS 20 CM"}]},{"@type":"WebSite","@id":"https:\/\/katanaimi.com\/#website","url":"https:\/\/katanaimi.com\/","name":"Katanami.com","description":"Katanaimi: created out of a passion for the art of knife-making and a love of cooking.","publisher":{"@id":"https:\/\/katanaimi.com\/#organization"},"potentialAction":[{"@type":"SearchAction","target":{"@type":"EntryPoint","urlTemplate":"https:\/\/katanaimi.com\/?s={search_term_string}"},"query-input":{"@type":"PropertyValueSpecification","valueRequired":true,"valueName":"search_term_string"}}],"inLanguage":"lv-LV"},{"@type":"Organization","@id":"https:\/\/katanaimi.com\/#organization","name":"Katanami.com","url":"https:\/\/katanaimi.com\/","logo":{"@type":"ImageObject","inLanguage":"lv-LV","@id":"https:\/\/katanaimi.com\/#\/schema\/logo\/image\/","url":"https:\/\/katanaimi.com\/wp-content\/uploads\/2021\/09\/logo-w.png","contentUrl":"https:\/\/katanaimi.com\/wp-content\/uploads\/2021\/09\/logo-w.png","width":253,"height":108,"caption":"Katanami.com"},"image":{"@id":"https:\/\/katanaimi.com\/#\/schema\/logo\/image\/"}}]}},"_links":{"self":[{"href":"https:\/\/katanaimi.com\/lv\/wp-json\/wp\/v2\/product\/1907","targetHints":{"allow":["GET"]}}],"collection":[{"href":"https:\/\/katanaimi.com\/lv\/wp-json\/wp\/v2\/product"}],"about":[{"href":"https:\/\/katanaimi.com\/lv\/wp-json\/wp\/v2\/types\/product"}],"wp:featuredmedia":[{"embeddable":true,"href":"https:\/\/katanaimi.com\/lv\/wp-json\/wp\/v2\/media\/1506"}],"wp:attachment":[{"href":"https:\/\/katanaimi.com\/lv\/wp-json\/wp\/v2\/media?parent=1907"}],"wp:term":[{"taxonomy":"product_cat","embeddable":true,"href":"https:\/\/katanaimi.com\/lv\/wp-json\/wp\/v2\/product_cat?post=1907"},{"taxonomy":"product_tag","embeddable":true,"href":"https:\/\/katanaimi.com\/lv\/wp-json\/wp\/v2\/product_tag?post=1907"},{"taxonomy":"giftcard-category","embeddable":true,"href":"https:\/\/katanaimi.com\/lv\/wp-json\/wp\/v2\/giftcard-category?post=1907"}],"curies":[{"name":"wp","href":"https:\/\/api.w.org\/{rel}","templated":true}]}}