{"id":1911,"date":"2021-10-18T12:43:28","date_gmt":"2021-10-18T14:45:30","guid":{"rendered":"https:\/\/katanaimi.com\/shop\/katanaimi-japanu-damaskas-terauda-nazis-gokujo-15-cm\/"},"modified":"2021-10-18T14:51:54","modified_gmt":"2021-10-18T16:51:54","slug":"katanaimi-japanu-damaskas-terauda-nazis-gokujo-15-cm","status":"publish","type":"product","link":"https:\/\/katanaimi.com\/lv\/shop\/katanaimi-japanu-damaskas-terauda-nazis-gokujo-15-cm\/","title":{"rendered":"KATANAIMI JAP\u0100\u0145U DAMASKAS T\u0112RAUDA NAZIS GOKUJO 15 CM"},"content":{"rendered":"<p>KATANAIMI s\u0113rija sast\u0101v no 67 jap\u0101\u0146u \u012bpa\u0161o sl\u0101\u0146u AUS-10 Damaskas t\u0113rauda tekstur\u0113tiem asme\u0146iem, kas ir paredz\u0113ti profesion\u0101\u013ciem, nodro\u0161inot izcilu notur\u012bbu pret r\u016bsu un iztur\u012bbu. Produkts ir elegants un skaists.<br \/>\nRokturis ir izgatavots no G10, tas ir kvalitat\u012bvs un elegants. Daudzsl\u0101\u0146u nazis pal\u012bdz gatavot \u0113dienu daudz vienk\u0101r\u0161\u0101k un glaun\u0101k.<br \/>\n\u0160\u012bs Damaskas nazis izce\u013cas ar savu ciet\u012bbu un notur\u012bbu pret nodilumu, tas ir ar\u012b sevi\u0161\u0137i notur\u012bgs pret pl\u012b\u0161anu. Lieliskas \u012bpa\u0161\u012bbas nav vien\u012bg\u0101 Damaskas t\u0113rauda priek\u0161roc\u012bba. No \u0161\u012b t\u0113rauda izgatavotajiem na\u017eiem uz asmens ir skaists dekorat\u012bvs ornaments. Katrs att\u0113lojums ir piln\u012bgs ori\u0123in\u0101ls, diez vai ir iesp\u0113jams atrast divus identiskus na\u017eus. Damaskas na\u017ei jau vair\u0101kas simtgades tiek saist\u012bti ar grezn\u012bbu un p\u0101rtic\u012bbu.<br \/>\nDamaskas t\u0113rauda Gokujo na\u017ea specifik\u0101cijas:<br \/>\nIzgatavots no \u012bpa\u0161i iztur\u012bga ner\u016bs\u0113jo\u0161\u0101 t\u0113rauda AUS-10;<br \/>\nAsmens ciet\u012bba: ~ 62 \u00b1 1 HR<br \/>\nRokturis: G10<br \/>\nIzm\u0113ri: asmens garums: 15 cm, kop\u0113jais na\u017ea garums: 26 cm;<br \/>\nAsmens garums &#8211; 15 cm<br \/>\nRoktura garums &#8211; 11 cm<br \/>\nAsmens platums &#8211; 1,5 cm.<\/p>\n<p>Notur\u012bba pret nodilumu un koroziju.<br \/>\n\u012apa\u0161i ass asmens.<br \/>\nUnik\u0101ls dizains.<br \/>\nPrec\u012bzs griezums.<br \/>\nIztur\u012bgs un ilgm\u016b\u017e\u012bgs instruments.<br \/>\n\u0112rti lietojams rok\u0101.<br \/>\nGrie\u0161anas kontrole un stabilit\u0101te.<\/p>\n","protected":false},"excerpt":{"rendered":"<p>KATANAIMI s\u0113rija sast\u0101v no 67 jap\u0101\u0146u \u012bpa\u0161o sl\u0101\u0146u AUS-10 Damaskas t\u0113rauda tekstur\u0113tiem asme\u0146iem, kas ir paredz\u0113ti profesion\u0101\u013ciem, nodro\u0161inot izcilu notur\u012bbu pret r\u016bsu un iztur\u012bbu. Produkts ir elegants un skaists. Rokturis ir izgatavots no G10, tas ir kvalitat\u012bvs un elegants. Daudzsl\u0101\u0146u nazis pal\u012bdz gatavot \u0113dienu daudz vienk\u0101r\u0161\u0101k un glaun\u0101k. \u0160\u012bs Damaskas nazis izce\u013cas ar savu ciet\u012bbu [&hellip;]<\/p>\n","protected":false},"featured_media":1532,"template":"","meta":{"inline_featured_image":false},"product_cat":[545],"product_tag":[],"giftcard-category":[],"class_list":{"0":"post-1911","1":"product","2":"type-product","3":"status-publish","4":"has-post-thumbnail","6":"product_cat-japanu-damaska","8":"first","9":"instock","10":"sale","11":"purchasable","12":"product-type-simple"},"yoast_head":"<!-- This site is optimized with the Yoast SEO plugin v24.0 - https:\/\/yoast.com\/wordpress\/plugins\/seo\/ -->\n<title>KATANAIMI JAP\u0100\u0145U DAMASKAS T\u0112RAUDA NAZIS GOKUJO 15 CM - Katanami.com<\/title>\n<meta name=\"robots\" content=\"index, follow, max-snippet:-1, max-image-preview:large, max-video-preview:-1\" \/>\n<link rel=\"canonical\" href=\"https:\/\/katanaimi.com\/lv\/shop\/katanaimi-japanu-damaskas-terauda-nazis-gokujo-15-cm\/\" \/>\n<meta property=\"og:locale\" content=\"lv_LV\" \/>\n<meta property=\"og:type\" content=\"article\" \/>\n<meta property=\"og:title\" content=\"KATANAIMI JAP\u0100\u0145U DAMASKAS T\u0112RAUDA NAZIS GOKUJO 15 CM - Katanami.com\" \/>\n<meta property=\"og:description\" content=\"KATANAIMI s\u0113rija sast\u0101v no 67 jap\u0101\u0146u \u012bpa\u0161o sl\u0101\u0146u AUS-10 Damaskas t\u0113rauda tekstur\u0113tiem asme\u0146iem, kas ir paredz\u0113ti profesion\u0101\u013ciem, nodro\u0161inot izcilu notur\u012bbu pret r\u016bsu un iztur\u012bbu. Produkts ir elegants un skaists. Rokturis ir izgatavots no G10, tas ir kvalitat\u012bvs un elegants. Daudzsl\u0101\u0146u nazis pal\u012bdz gatavot \u0113dienu daudz vienk\u0101r\u0161\u0101k un glaun\u0101k. \u0160\u012bs Damaskas nazis izce\u013cas ar savu ciet\u012bbu [&hellip;]\" \/>\n<meta property=\"og:url\" content=\"https:\/\/katanaimi.com\/lv\/shop\/katanaimi-japanu-damaskas-terauda-nazis-gokujo-15-cm\/\" \/>\n<meta property=\"og:site_name\" content=\"Katanami.com\" \/>\n<meta property=\"article:modified_time\" content=\"2021-10-18T16:51:54+00:00\" \/>\n<meta property=\"og:image\" content=\"https:\/\/katanaimi.com\/wp-content\/uploads\/2021\/09\/DK-1033F1-scaled.jpg\" \/>\n\t<meta property=\"og:image:width\" content=\"2560\" \/>\n\t<meta property=\"og:image:height\" content=\"2099\" \/>\n\t<meta property=\"og:image:type\" content=\"image\/jpeg\" \/>\n<meta name=\"twitter:card\" content=\"summary_large_image\" \/>\n<meta name=\"twitter:label1\" content=\"Est. reading time\" \/>\n\t<meta name=\"twitter:data1\" content=\"1 minute\" \/>\n<script type=\"application\/ld+json\" class=\"yoast-schema-graph\">{\"@context\":\"https:\/\/schema.org\",\"@graph\":[{\"@type\":\"WebPage\",\"@id\":\"https:\/\/katanaimi.com\/lv\/shop\/katanaimi-japanu-damaskas-terauda-nazis-gokujo-15-cm\/\",\"url\":\"https:\/\/katanaimi.com\/lv\/shop\/katanaimi-japanu-damaskas-terauda-nazis-gokujo-15-cm\/\",\"name\":\"KATANAIMI JAP\u0100\u0145U DAMASKAS T\u0112RAUDA NAZIS GOKUJO 15 CM - Katanami.com\",\"isPartOf\":{\"@id\":\"https:\/\/katanaimi.com\/#website\"},\"primaryImageOfPage\":{\"@id\":\"https:\/\/katanaimi.com\/lv\/shop\/katanaimi-japanu-damaskas-terauda-nazis-gokujo-15-cm\/#primaryimage\"},\"image\":{\"@id\":\"https:\/\/katanaimi.com\/lv\/shop\/katanaimi-japanu-damaskas-terauda-nazis-gokujo-15-cm\/#primaryimage\"},\"thumbnailUrl\":\"https:\/\/katanaimi.com\/wp-content\/uploads\/2021\/09\/DK-1033F1-scaled.jpg\",\"datePublished\":\"2021-10-18T14:45:30+00:00\",\"dateModified\":\"2021-10-18T16:51:54+00:00\",\"breadcrumb\":{\"@id\":\"https:\/\/katanaimi.com\/lv\/shop\/katanaimi-japanu-damaskas-terauda-nazis-gokujo-15-cm\/#breadcrumb\"},\"inLanguage\":\"lv-LV\",\"potentialAction\":[{\"@type\":\"ReadAction\",\"target\":[\"https:\/\/katanaimi.com\/lv\/shop\/katanaimi-japanu-damaskas-terauda-nazis-gokujo-15-cm\/\"]}]},{\"@type\":\"ImageObject\",\"inLanguage\":\"lv-LV\",\"@id\":\"https:\/\/katanaimi.com\/lv\/shop\/katanaimi-japanu-damaskas-terauda-nazis-gokujo-15-cm\/#primaryimage\",\"url\":\"https:\/\/katanaimi.com\/wp-content\/uploads\/2021\/09\/DK-1033F1-scaled.jpg\",\"contentUrl\":\"https:\/\/katanaimi.com\/wp-content\/uploads\/2021\/09\/DK-1033F1-scaled.jpg\",\"width\":2560,\"height\":2099},{\"@type\":\"BreadcrumbList\",\"@id\":\"https:\/\/katanaimi.com\/lv\/shop\/katanaimi-japanu-damaskas-terauda-nazis-gokujo-15-cm\/#breadcrumb\",\"itemListElement\":[{\"@type\":\"ListItem\",\"position\":1,\"name\":\"Home\",\"item\":\"https:\/\/katanaimi.com\/lv\/\"},{\"@type\":\"ListItem\",\"position\":2,\"name\":\"Veikals\",\"item\":\"https:\/\/katanaimi.com\/lv\/veikals\/\"},{\"@type\":\"ListItem\",\"position\":3,\"name\":\"KATANAIMI JAP\u0100\u0145U DAMASKAS T\u0112RAUDA NAZIS GOKUJO 15 CM\"}]},{\"@type\":\"WebSite\",\"@id\":\"https:\/\/katanaimi.com\/#website\",\"url\":\"https:\/\/katanaimi.com\/\",\"name\":\"Katanami.com\",\"description\":\"Katanaimi: created out of a passion for the art of knife-making and a love of cooking.\",\"publisher\":{\"@id\":\"https:\/\/katanaimi.com\/#organization\"},\"potentialAction\":[{\"@type\":\"SearchAction\",\"target\":{\"@type\":\"EntryPoint\",\"urlTemplate\":\"https:\/\/katanaimi.com\/?s={search_term_string}\"},\"query-input\":{\"@type\":\"PropertyValueSpecification\",\"valueRequired\":true,\"valueName\":\"search_term_string\"}}],\"inLanguage\":\"lv-LV\"},{\"@type\":\"Organization\",\"@id\":\"https:\/\/katanaimi.com\/#organization\",\"name\":\"Katanami.com\",\"url\":\"https:\/\/katanaimi.com\/\",\"logo\":{\"@type\":\"ImageObject\",\"inLanguage\":\"lv-LV\",\"@id\":\"https:\/\/katanaimi.com\/#\/schema\/logo\/image\/\",\"url\":\"https:\/\/katanaimi.com\/wp-content\/uploads\/2021\/09\/logo-w.png\",\"contentUrl\":\"https:\/\/katanaimi.com\/wp-content\/uploads\/2021\/09\/logo-w.png\",\"width\":253,\"height\":108,\"caption\":\"Katanami.com\"},\"image\":{\"@id\":\"https:\/\/katanaimi.com\/#\/schema\/logo\/image\/\"}}]}<\/script>\n<!-- \/ Yoast SEO plugin. -->","yoast_head_json":{"title":"KATANAIMI JAP\u0100\u0145U DAMASKAS T\u0112RAUDA NAZIS GOKUJO 15 CM - Katanami.com","robots":{"index":"index","follow":"follow","max-snippet":"max-snippet:-1","max-image-preview":"max-image-preview:large","max-video-preview":"max-video-preview:-1"},"canonical":"https:\/\/katanaimi.com\/lv\/shop\/katanaimi-japanu-damaskas-terauda-nazis-gokujo-15-cm\/","og_locale":"lv_LV","og_type":"article","og_title":"KATANAIMI JAP\u0100\u0145U DAMASKAS T\u0112RAUDA NAZIS GOKUJO 15 CM - Katanami.com","og_description":"KATANAIMI s\u0113rija sast\u0101v no 67 jap\u0101\u0146u \u012bpa\u0161o sl\u0101\u0146u AUS-10 Damaskas t\u0113rauda tekstur\u0113tiem asme\u0146iem, kas ir paredz\u0113ti profesion\u0101\u013ciem, nodro\u0161inot izcilu notur\u012bbu pret r\u016bsu un iztur\u012bbu. Produkts ir elegants un skaists. Rokturis ir izgatavots no G10, tas ir kvalitat\u012bvs un elegants. Daudzsl\u0101\u0146u nazis pal\u012bdz gatavot \u0113dienu daudz vienk\u0101r\u0161\u0101k un glaun\u0101k. \u0160\u012bs Damaskas nazis izce\u013cas ar savu ciet\u012bbu [&hellip;]","og_url":"https:\/\/katanaimi.com\/lv\/shop\/katanaimi-japanu-damaskas-terauda-nazis-gokujo-15-cm\/","og_site_name":"Katanami.com","article_modified_time":"2021-10-18T16:51:54+00:00","og_image":[{"width":2560,"height":2099,"url":"https:\/\/katanaimi.com\/wp-content\/uploads\/2021\/09\/DK-1033F1-scaled.jpg","type":"image\/jpeg"}],"twitter_card":"summary_large_image","twitter_misc":{"Est. reading time":"1 minute"},"schema":{"@context":"https:\/\/schema.org","@graph":[{"@type":"WebPage","@id":"https:\/\/katanaimi.com\/lv\/shop\/katanaimi-japanu-damaskas-terauda-nazis-gokujo-15-cm\/","url":"https:\/\/katanaimi.com\/lv\/shop\/katanaimi-japanu-damaskas-terauda-nazis-gokujo-15-cm\/","name":"KATANAIMI JAP\u0100\u0145U DAMASKAS T\u0112RAUDA NAZIS GOKUJO 15 CM - Katanami.com","isPartOf":{"@id":"https:\/\/katanaimi.com\/#website"},"primaryImageOfPage":{"@id":"https:\/\/katanaimi.com\/lv\/shop\/katanaimi-japanu-damaskas-terauda-nazis-gokujo-15-cm\/#primaryimage"},"image":{"@id":"https:\/\/katanaimi.com\/lv\/shop\/katanaimi-japanu-damaskas-terauda-nazis-gokujo-15-cm\/#primaryimage"},"thumbnailUrl":"https:\/\/katanaimi.com\/wp-content\/uploads\/2021\/09\/DK-1033F1-scaled.jpg","datePublished":"2021-10-18T14:45:30+00:00","dateModified":"2021-10-18T16:51:54+00:00","breadcrumb":{"@id":"https:\/\/katanaimi.com\/lv\/shop\/katanaimi-japanu-damaskas-terauda-nazis-gokujo-15-cm\/#breadcrumb"},"inLanguage":"lv-LV","potentialAction":[{"@type":"ReadAction","target":["https:\/\/katanaimi.com\/lv\/shop\/katanaimi-japanu-damaskas-terauda-nazis-gokujo-15-cm\/"]}]},{"@type":"ImageObject","inLanguage":"lv-LV","@id":"https:\/\/katanaimi.com\/lv\/shop\/katanaimi-japanu-damaskas-terauda-nazis-gokujo-15-cm\/#primaryimage","url":"https:\/\/katanaimi.com\/wp-content\/uploads\/2021\/09\/DK-1033F1-scaled.jpg","contentUrl":"https:\/\/katanaimi.com\/wp-content\/uploads\/2021\/09\/DK-1033F1-scaled.jpg","width":2560,"height":2099},{"@type":"BreadcrumbList","@id":"https:\/\/katanaimi.com\/lv\/shop\/katanaimi-japanu-damaskas-terauda-nazis-gokujo-15-cm\/#breadcrumb","itemListElement":[{"@type":"ListItem","position":1,"name":"Home","item":"https:\/\/katanaimi.com\/lv\/"},{"@type":"ListItem","position":2,"name":"Veikals","item":"https:\/\/katanaimi.com\/lv\/veikals\/"},{"@type":"ListItem","position":3,"name":"KATANAIMI JAP\u0100\u0145U DAMASKAS T\u0112RAUDA NAZIS GOKUJO 15 CM"}]},{"@type":"WebSite","@id":"https:\/\/katanaimi.com\/#website","url":"https:\/\/katanaimi.com\/","name":"Katanami.com","description":"Katanaimi: created out of a passion for the art of knife-making and a love of cooking.","publisher":{"@id":"https:\/\/katanaimi.com\/#organization"},"potentialAction":[{"@type":"SearchAction","target":{"@type":"EntryPoint","urlTemplate":"https:\/\/katanaimi.com\/?s={search_term_string}"},"query-input":{"@type":"PropertyValueSpecification","valueRequired":true,"valueName":"search_term_string"}}],"inLanguage":"lv-LV"},{"@type":"Organization","@id":"https:\/\/katanaimi.com\/#organization","name":"Katanami.com","url":"https:\/\/katanaimi.com\/","logo":{"@type":"ImageObject","inLanguage":"lv-LV","@id":"https:\/\/katanaimi.com\/#\/schema\/logo\/image\/","url":"https:\/\/katanaimi.com\/wp-content\/uploads\/2021\/09\/logo-w.png","contentUrl":"https:\/\/katanaimi.com\/wp-content\/uploads\/2021\/09\/logo-w.png","width":253,"height":108,"caption":"Katanami.com"},"image":{"@id":"https:\/\/katanaimi.com\/#\/schema\/logo\/image\/"}}]}},"_links":{"self":[{"href":"https:\/\/katanaimi.com\/lv\/wp-json\/wp\/v2\/product\/1911","targetHints":{"allow":["GET"]}}],"collection":[{"href":"https:\/\/katanaimi.com\/lv\/wp-json\/wp\/v2\/product"}],"about":[{"href":"https:\/\/katanaimi.com\/lv\/wp-json\/wp\/v2\/types\/product"}],"wp:featuredmedia":[{"embeddable":true,"href":"https:\/\/katanaimi.com\/lv\/wp-json\/wp\/v2\/media\/1532"}],"wp:attachment":[{"href":"https:\/\/katanaimi.com\/lv\/wp-json\/wp\/v2\/media?parent=1911"}],"wp:term":[{"taxonomy":"product_cat","embeddable":true,"href":"https:\/\/katanaimi.com\/lv\/wp-json\/wp\/v2\/product_cat?post=1911"},{"taxonomy":"product_tag","embeddable":true,"href":"https:\/\/katanaimi.com\/lv\/wp-json\/wp\/v2\/product_tag?post=1911"},{"taxonomy":"giftcard-category","embeddable":true,"href":"https:\/\/katanaimi.com\/lv\/wp-json\/wp\/v2\/giftcard-category?post=1911"}],"curies":[{"name":"wp","href":"https:\/\/api.w.org\/{rel}","templated":true}]}}