{"id":2418,"date":"2022-12-13T06:26:36","date_gmt":"2022-12-13T08:26:36","guid":{"rendered":"https:\/\/katanaimi.com\/shop\/gift-voucher\/"},"modified":"2022-12-13T07:18:39","modified_gmt":"2022-12-13T09:18:39","slug":"davanu-kupons","status":"publish","type":"product","link":"https:\/\/katanaimi.com\/lv\/shop\/davanu-kupons\/","title":{"rendered":"D\u0101vanu kupons"},"content":{"rendered":"<p>* D\u0101vanu kupons tiks nos\u016bt\u012bts uz e-pasta adresi, kas nor\u0101d\u012bta sada\u013c\u0101 &#8220;Sa\u0146\u0113m\u0113ja inform\u0101cija&#8221;.<br \/>\nJa nepiecie\u0161ams, sada\u013c\u0101 &#8220;J\u016bsu inform\u0101cija&#8221; varat ievad\u012bt savus datus vai personas\/uz\u0146\u0113muma, kas veic d\u0101vin\u0101jumu, datus.<br \/>\nSada\u013c\u0101 &#8220;Zi\u0146a&#8221; varat noform\u0113t tekstu, ko v\u0113laties, lai persona\/uz\u0146\u0113mums, kas sa\u0146em d\u0101vanu kuponu, redz\u0113tu.<\/p>\n","protected":false},"excerpt":{"rendered":"<p>* D\u0101vanu kupons tiks nos\u016bt\u012bts uz e-pasta adresi, kas nor\u0101d\u012bta sada\u013c\u0101 &#8220;Sa\u0146\u0113m\u0113ja inform\u0101cija&#8221;. Ja nepiecie\u0161ams, sada\u013c\u0101 &#8220;J\u016bsu inform\u0101cija&#8221; varat ievad\u012bt savus datus vai personas\/uz\u0146\u0113muma, kas veic d\u0101vin\u0101jumu, datus. Sada\u013c\u0101 &#8220;Zi\u0146a&#8221; varat noform\u0113t tekstu, ko v\u0113laties, lai persona\/uz\u0146\u0113mums, kas sa\u0146em d\u0101vanu kuponu, redz\u0113tu.<\/p>\n","protected":false},"featured_media":1547,"template":"","meta":{"inline_featured_image":false},"product_cat":[],"product_tag":[],"giftcard-category":[],"class_list":{"0":"post-2418","1":"product","2":"type-product","3":"status-publish","4":"has-post-thumbnail","7":"first","8":"instock","9":"virtual","10":"purchasable","11":"product-type-gift-card"},"yoast_head":"<!-- This site is optimized with the Yoast SEO plugin v24.0 - https:\/\/yoast.com\/wordpress\/plugins\/seo\/ -->\n<title>D\u0101vanu kupons - Katanami.com<\/title>\n<meta name=\"robots\" content=\"index, follow, max-snippet:-1, max-image-preview:large, max-video-preview:-1\" \/>\n<link rel=\"canonical\" href=\"https:\/\/katanaimi.com\/lv\/shop\/davanu-kupons\/\" \/>\n<meta property=\"og:locale\" content=\"lv_LV\" \/>\n<meta property=\"og:type\" content=\"article\" \/>\n<meta property=\"og:title\" content=\"D\u0101vanu kupons - Katanami.com\" \/>\n<meta property=\"og:description\" content=\"* D\u0101vanu kupons tiks nos\u016bt\u012bts uz e-pasta adresi, kas nor\u0101d\u012bta sada\u013c\u0101 &#8220;Sa\u0146\u0113m\u0113ja inform\u0101cija&#8221;. Ja nepiecie\u0161ams, sada\u013c\u0101 &#8220;J\u016bsu inform\u0101cija&#8221; varat ievad\u012bt savus datus vai personas\/uz\u0146\u0113muma, kas veic d\u0101vin\u0101jumu, datus. Sada\u013c\u0101 &#8220;Zi\u0146a&#8221; varat noform\u0113t tekstu, ko v\u0113laties, lai persona\/uz\u0146\u0113mums, kas sa\u0146em d\u0101vanu kuponu, redz\u0113tu.\" \/>\n<meta property=\"og:url\" content=\"https:\/\/katanaimi.com\/lv\/shop\/davanu-kupons\/\" \/>\n<meta property=\"og:site_name\" content=\"Katanami.com\" \/>\n<meta property=\"article:modified_time\" content=\"2022-12-13T09:18:39+00:00\" \/>\n<meta property=\"og:image\" content=\"https:\/\/katanaimi.com\/wp-content\/uploads\/2021\/09\/bg3-scaled.jpg\" \/>\n\t<meta property=\"og:image:width\" content=\"2560\" \/>\n\t<meta property=\"og:image:height\" content=\"1707\" \/>\n\t<meta property=\"og:image:type\" content=\"image\/jpeg\" \/>\n<meta name=\"twitter:card\" content=\"summary_large_image\" \/>\n<script type=\"application\/ld+json\" class=\"yoast-schema-graph\">{\"@context\":\"https:\/\/schema.org\",\"@graph\":[{\"@type\":\"WebPage\",\"@id\":\"https:\/\/katanaimi.com\/lv\/shop\/davanu-kupons\/\",\"url\":\"https:\/\/katanaimi.com\/lv\/shop\/davanu-kupons\/\",\"name\":\"D\u0101vanu kupons - Katanami.com\",\"isPartOf\":{\"@id\":\"https:\/\/katanaimi.com\/#website\"},\"primaryImageOfPage\":{\"@id\":\"https:\/\/katanaimi.com\/lv\/shop\/davanu-kupons\/#primaryimage\"},\"image\":{\"@id\":\"https:\/\/katanaimi.com\/lv\/shop\/davanu-kupons\/#primaryimage\"},\"thumbnailUrl\":\"https:\/\/katanaimi.com\/wp-content\/uploads\/2021\/09\/bg3-scaled.jpg\",\"datePublished\":\"2022-12-13T08:26:36+00:00\",\"dateModified\":\"2022-12-13T09:18:39+00:00\",\"breadcrumb\":{\"@id\":\"https:\/\/katanaimi.com\/lv\/shop\/davanu-kupons\/#breadcrumb\"},\"inLanguage\":\"lv-LV\",\"potentialAction\":[{\"@type\":\"ReadAction\",\"target\":[\"https:\/\/katanaimi.com\/lv\/shop\/davanu-kupons\/\"]}]},{\"@type\":\"ImageObject\",\"inLanguage\":\"lv-LV\",\"@id\":\"https:\/\/katanaimi.com\/lv\/shop\/davanu-kupons\/#primaryimage\",\"url\":\"https:\/\/katanaimi.com\/wp-content\/uploads\/2021\/09\/bg3-scaled.jpg\",\"contentUrl\":\"https:\/\/katanaimi.com\/wp-content\/uploads\/2021\/09\/bg3-scaled.jpg\",\"width\":2560,\"height\":1707},{\"@type\":\"BreadcrumbList\",\"@id\":\"https:\/\/katanaimi.com\/lv\/shop\/davanu-kupons\/#breadcrumb\",\"itemListElement\":[{\"@type\":\"ListItem\",\"position\":1,\"name\":\"Home\",\"item\":\"https:\/\/katanaimi.com\/lv\/\"},{\"@type\":\"ListItem\",\"position\":2,\"name\":\"Veikals\",\"item\":\"https:\/\/katanaimi.com\/lv\/veikals\/\"},{\"@type\":\"ListItem\",\"position\":3,\"name\":\"D\u0101vanu kupons\"}]},{\"@type\":\"WebSite\",\"@id\":\"https:\/\/katanaimi.com\/#website\",\"url\":\"https:\/\/katanaimi.com\/\",\"name\":\"Katanami.com\",\"description\":\"Katanaimi: created out of a passion for the art of knife-making and a love of cooking.\",\"publisher\":{\"@id\":\"https:\/\/katanaimi.com\/#organization\"},\"potentialAction\":[{\"@type\":\"SearchAction\",\"target\":{\"@type\":\"EntryPoint\",\"urlTemplate\":\"https:\/\/katanaimi.com\/?s={search_term_string}\"},\"query-input\":{\"@type\":\"PropertyValueSpecification\",\"valueRequired\":true,\"valueName\":\"search_term_string\"}}],\"inLanguage\":\"lv-LV\"},{\"@type\":\"Organization\",\"@id\":\"https:\/\/katanaimi.com\/#organization\",\"name\":\"Katanami.com\",\"url\":\"https:\/\/katanaimi.com\/\",\"logo\":{\"@type\":\"ImageObject\",\"inLanguage\":\"lv-LV\",\"@id\":\"https:\/\/katanaimi.com\/#\/schema\/logo\/image\/\",\"url\":\"https:\/\/katanaimi.com\/wp-content\/uploads\/2021\/09\/logo-w.png\",\"contentUrl\":\"https:\/\/katanaimi.com\/wp-content\/uploads\/2021\/09\/logo-w.png\",\"width\":253,\"height\":108,\"caption\":\"Katanami.com\"},\"image\":{\"@id\":\"https:\/\/katanaimi.com\/#\/schema\/logo\/image\/\"}}]}<\/script>\n<!-- \/ Yoast SEO plugin. -->","yoast_head_json":{"title":"D\u0101vanu kupons - Katanami.com","robots":{"index":"index","follow":"follow","max-snippet":"max-snippet:-1","max-image-preview":"max-image-preview:large","max-video-preview":"max-video-preview:-1"},"canonical":"https:\/\/katanaimi.com\/lv\/shop\/davanu-kupons\/","og_locale":"lv_LV","og_type":"article","og_title":"D\u0101vanu kupons - Katanami.com","og_description":"* D\u0101vanu kupons tiks nos\u016bt\u012bts uz e-pasta adresi, kas nor\u0101d\u012bta sada\u013c\u0101 &#8220;Sa\u0146\u0113m\u0113ja inform\u0101cija&#8221;. Ja nepiecie\u0161ams, sada\u013c\u0101 &#8220;J\u016bsu inform\u0101cija&#8221; varat ievad\u012bt savus datus vai personas\/uz\u0146\u0113muma, kas veic d\u0101vin\u0101jumu, datus. Sada\u013c\u0101 &#8220;Zi\u0146a&#8221; varat noform\u0113t tekstu, ko v\u0113laties, lai persona\/uz\u0146\u0113mums, kas sa\u0146em d\u0101vanu kuponu, redz\u0113tu.","og_url":"https:\/\/katanaimi.com\/lv\/shop\/davanu-kupons\/","og_site_name":"Katanami.com","article_modified_time":"2022-12-13T09:18:39+00:00","og_image":[{"width":2560,"height":1707,"url":"https:\/\/katanaimi.com\/wp-content\/uploads\/2021\/09\/bg3-scaled.jpg","type":"image\/jpeg"}],"twitter_card":"summary_large_image","schema":{"@context":"https:\/\/schema.org","@graph":[{"@type":"WebPage","@id":"https:\/\/katanaimi.com\/lv\/shop\/davanu-kupons\/","url":"https:\/\/katanaimi.com\/lv\/shop\/davanu-kupons\/","name":"D\u0101vanu kupons - Katanami.com","isPartOf":{"@id":"https:\/\/katanaimi.com\/#website"},"primaryImageOfPage":{"@id":"https:\/\/katanaimi.com\/lv\/shop\/davanu-kupons\/#primaryimage"},"image":{"@id":"https:\/\/katanaimi.com\/lv\/shop\/davanu-kupons\/#primaryimage"},"thumbnailUrl":"https:\/\/katanaimi.com\/wp-content\/uploads\/2021\/09\/bg3-scaled.jpg","datePublished":"2022-12-13T08:26:36+00:00","dateModified":"2022-12-13T09:18:39+00:00","breadcrumb":{"@id":"https:\/\/katanaimi.com\/lv\/shop\/davanu-kupons\/#breadcrumb"},"inLanguage":"lv-LV","potentialAction":[{"@type":"ReadAction","target":["https:\/\/katanaimi.com\/lv\/shop\/davanu-kupons\/"]}]},{"@type":"ImageObject","inLanguage":"lv-LV","@id":"https:\/\/katanaimi.com\/lv\/shop\/davanu-kupons\/#primaryimage","url":"https:\/\/katanaimi.com\/wp-content\/uploads\/2021\/09\/bg3-scaled.jpg","contentUrl":"https:\/\/katanaimi.com\/wp-content\/uploads\/2021\/09\/bg3-scaled.jpg","width":2560,"height":1707},{"@type":"BreadcrumbList","@id":"https:\/\/katanaimi.com\/lv\/shop\/davanu-kupons\/#breadcrumb","itemListElement":[{"@type":"ListItem","position":1,"name":"Home","item":"https:\/\/katanaimi.com\/lv\/"},{"@type":"ListItem","position":2,"name":"Veikals","item":"https:\/\/katanaimi.com\/lv\/veikals\/"},{"@type":"ListItem","position":3,"name":"D\u0101vanu kupons"}]},{"@type":"WebSite","@id":"https:\/\/katanaimi.com\/#website","url":"https:\/\/katanaimi.com\/","name":"Katanami.com","description":"Katanaimi: created out of a passion for the art of knife-making and a love of cooking.","publisher":{"@id":"https:\/\/katanaimi.com\/#organization"},"potentialAction":[{"@type":"SearchAction","target":{"@type":"EntryPoint","urlTemplate":"https:\/\/katanaimi.com\/?s={search_term_string}"},"query-input":{"@type":"PropertyValueSpecification","valueRequired":true,"valueName":"search_term_string"}}],"inLanguage":"lv-LV"},{"@type":"Organization","@id":"https:\/\/katanaimi.com\/#organization","name":"Katanami.com","url":"https:\/\/katanaimi.com\/","logo":{"@type":"ImageObject","inLanguage":"lv-LV","@id":"https:\/\/katanaimi.com\/#\/schema\/logo\/image\/","url":"https:\/\/katanaimi.com\/wp-content\/uploads\/2021\/09\/logo-w.png","contentUrl":"https:\/\/katanaimi.com\/wp-content\/uploads\/2021\/09\/logo-w.png","width":253,"height":108,"caption":"Katanami.com"},"image":{"@id":"https:\/\/katanaimi.com\/#\/schema\/logo\/image\/"}}]}},"_links":{"self":[{"href":"https:\/\/katanaimi.com\/lv\/wp-json\/wp\/v2\/product\/2418","targetHints":{"allow":["GET"]}}],"collection":[{"href":"https:\/\/katanaimi.com\/lv\/wp-json\/wp\/v2\/product"}],"about":[{"href":"https:\/\/katanaimi.com\/lv\/wp-json\/wp\/v2\/types\/product"}],"wp:featuredmedia":[{"embeddable":true,"href":"https:\/\/katanaimi.com\/lv\/wp-json\/wp\/v2\/media\/1547"}],"wp:attachment":[{"href":"https:\/\/katanaimi.com\/lv\/wp-json\/wp\/v2\/media?parent=2418"}],"wp:term":[{"taxonomy":"product_cat","embeddable":true,"href":"https:\/\/katanaimi.com\/lv\/wp-json\/wp\/v2\/product_cat?post=2418"},{"taxonomy":"product_tag","embeddable":true,"href":"https:\/\/katanaimi.com\/lv\/wp-json\/wp\/v2\/product_tag?post=2418"},{"taxonomy":"giftcard-category","embeddable":true,"href":"https:\/\/katanaimi.com\/lv\/wp-json\/wp\/v2\/giftcard-category?post=2418"}],"curies":[{"name":"wp","href":"https:\/\/api.w.org\/{rel}","templated":true}]}}