{"id":3552,"date":"2024-01-31T04:39:26","date_gmt":"2024-01-31T06:39:26","guid":{"rendered":"https:\/\/katanaimi.com\/?post_type=product&#038;p=3552"},"modified":"2025-01-20T12:44:20","modified_gmt":"2025-01-20T14:44:20","slug":"custom-ranku-darbo-damasko-plieno-asmenu-virtuves-peiliu-rinkinys","status":"publish","type":"product","link":"https:\/\/katanaimi.com\/ru\/shop\/custom-ranku-darbo-damasko-plieno-asmenu-virtuves-peiliu-rinkinys\/","title":{"rendered":"CUSTOM rank\u0173 darbo Damasko plieno a\u0161men\u0173 virtuv\u0117s peili\u0173 rinkinys"},"content":{"rendered":"<h3>CUSTOM rank\u0173 darbo Damasko plieno KATANAIMI a\u0161men\u0173 virtuv\u0117s peili\u0173 rinkinys 5vnt. + Odinis d\u0117klas<\/h3>\n<p>Tai gra\u017eiai pagamintas Damasko plieno virtuv\u0117s peili\u0173 rinkinys su medine rankena.<\/p>\n<p><em><span style=\"color: #333300;\"><strong>\u0160ie peiliai yra 100% rank\u0173 darbo peilis. Pagaminti Pakistane.<\/strong><\/span><\/em><\/p>\n<p>Virtuvini\u0173 peili\u0173 komplekto a\u0161menys yra rankomis kalto plieno a\u0161menys, kuri\u0173 plieno kokyb\u0117 yra nuo <strong>1095 iki 15N20<\/strong>, turintis daug anglies plieno, turintis <strong>356 sluoksnius<\/strong> ir termi\u0161kai apdorotas <strong>58-60 HRC<\/strong>.<\/p>\n<p>Kiekvienas peilis turi vien\u0105 geriausi\u0173 a\u0161men\u0173 rinkoje, tod\u0117l nepraleiskite progos!<\/p>\n<p>\u0160\u012f peili\u0173 rinkin\u012f turi tur\u0117ti kiekvienas vir\u0117jas ar maisto gaminimo entuziastas. Galite atlikti beveik bet koki\u0105 u\u017eduot\u012f, kai tik \u0161irdis geid\u017eia.<\/p>\n<pre id=\"tw-target-text\" class=\"tw-data-text tw-text-large tw-ta\" dir=\"ltr\" data-placeholder=\"\u041f\u0435\u0440\u0435\u0432\u043e\u0434\" data-ved=\"2ahUKEwjfv4HUgoeEAxXDRfEDHRv3C_YQ3ewLegQIDRAU\"><span class=\"Y2IQFc\" lang=\"lt\">Specifikacijos:\r\n1| Pirmasis peilis:22cm.\r\n2| Antrasis peilis: 25cm.\r\n3| Tre\u010diasis peilis: 28cm.\r\n4| Ketvirtasis peilis: 30cm.\r\n5| Penktasis peilis: 33cm.\r\nDamasko dizainas: Twist Pattern\r\nA\u0161men\u0173 storis: 3 mm\r\nA\u0161men\u0173 med\u017eiaga: Damasko plienas<\/span><\/pre>\n<p><img fetchpriority=\"high\" decoding=\"async\" class=\"alignnone wp-image-3581\" src=\"https:\/\/katanaimi.com\/wp-content\/uploads\/2024\/01\/IMG_3353.jpg\" alt=\"\" width=\"597\" height=\"796\" \/><\/p>\n<p><span style=\"text-decoration: underline; color: #800000;\"><strong>DAMASKO PEILIO PRIE\u017dI\u016aRA: <\/strong><\/span><br \/>\nDamasko plienas, kaip ir 1095 auk\u0161tos anglies plieno peiliai skiriasi nuo kai kuri\u0173 kit\u0173 \u012fprast\u0173 plien\u0173.<br \/>\nD\u0117l didelio anglies kiekio jie gali sur\u016bdyti, (<strong>jei n\u0117ra tinkamai pri\u017ei\u016brimi<\/strong>). Jei atsitiktinai pasteb\u0117jote r\u016bdis, jas pa\u0161alinkite naudodami <span style=\"text-decoration: underline;\">WD40<\/span>. Niekada ilgai nelaikykite peilio odiniame d\u0117kle. Oda gali sugerti vanden\u012f, d\u0117l kurio peilis sur\u016bdys. Prie\u0161 laikydami peil\u012f visada nuvalykite j\u012f po naudojimo ir patepkite aliejumi arba va\u0161ku (vir\u0117jo peiliui naudokite kokos\u0173 aliej\u0173).<\/p>\n<p>&nbsp;<\/p>\n<p><span style=\"color: #333333;\"><strong>Nepavyksta i\u0161rinkti dovanos mylimam \u017emogui?<\/strong><\/span><br \/>\n<strong><span style=\"color: #333333;\">Abejoji, kad ne\u012ftiksi?<\/span><\/strong><br \/>\n<span style=\"color: #ff0000;\"><strong>TURIME SPRENDIM\u0104 ! -&gt; <span style=\"font-size: 20px;\"><em><span style=\"color: #339966;\"><a style=\"color: #339966;\" href=\"https:\/\/katanaimi.com\/lv\/shop\/davanu-kupons\/\">Dova<\/a><\/span><\/em><\/span><\/strong><\/span><a style=\"color: #ff0000;\" href=\"https:\/\/katanaimi.com\/lv\/shop\/davanu-kupons\/\"><span style=\"font-size: 20px;\"><em><strong><span style=\"color: #339966;\">n\u0173 kuponas<\/span> <\/strong><\/em><\/span>!<\/a><\/p>\n<p>&nbsp;<\/p>\n<p>&nbsp;<\/p>\n","protected":false},"excerpt":{"rendered":"<p><em><span style=\"color: #333300;\"><strong>\u0160ie peiliai yra 100% rank\u0173 darbo peilis. Pagaminti Pakistane.<\/strong><\/span><\/em><\/p>\n","protected":false},"featured_media":3588,"template":"","meta":{"inline_featured_image":false},"product_cat":[548,549],"product_tag":[],"giftcard-category":[],"class_list":{"0":"post-3552","1":"product","2":"type-product","3":"status-publish","4":"has-post-thumbnail","6":"product_cat-548","7":"product_cat------barbarian","9":"first","10":"instock","11":"sale","12":"purchasable","13":"product-type-simple"},"yoast_head":"<!-- This site is optimized with the Yoast SEO plugin v24.0 - https:\/\/yoast.com\/wordpress\/plugins\/seo\/ -->\n<title>CUSTOM rank\u0173 darbo Damasko plieno a\u0161men\u0173 virtuv\u0117s peili\u0173 rinkinys - Katanami.com<\/title>\n<meta name=\"robots\" content=\"index, follow, max-snippet:-1, max-image-preview:large, max-video-preview:-1\" \/>\n<link rel=\"canonical\" href=\"https:\/\/katanaimi.com\/ru\/shop\/custom-ranku-darbo-damasko-plieno-asmenu-virtuves-peiliu-rinkinys\/\" \/>\n<meta property=\"og:locale\" content=\"ru_RU\" \/>\n<meta property=\"og:type\" content=\"article\" \/>\n<meta property=\"og:title\" content=\"CUSTOM rank\u0173 darbo Damasko plieno a\u0161men\u0173 virtuv\u0117s peili\u0173 rinkinys - Katanami.com\" \/>\n<meta property=\"og:description\" content=\"\u0160ie peiliai yra 100% rank\u0173 darbo peilis. Pagaminti Pakistane.\" \/>\n<meta property=\"og:url\" content=\"https:\/\/katanaimi.com\/ru\/shop\/custom-ranku-darbo-damasko-plieno-asmenu-virtuves-peiliu-rinkinys\/\" \/>\n<meta property=\"og:site_name\" content=\"Katanami.com\" \/>\n<meta property=\"article:modified_time\" content=\"2025-01-20T14:44:20+00:00\" \/>\n<meta property=\"og:image\" content=\"https:\/\/katanaimi.com\/wp-content\/uploads\/2024\/01\/IMG_3358-scaled.jpg\" \/>\n\t<meta property=\"og:image:width\" content=\"2560\" \/>\n\t<meta property=\"og:image:height\" content=\"2560\" \/>\n\t<meta property=\"og:image:type\" content=\"image\/jpeg\" \/>\n<meta name=\"twitter:card\" content=\"summary_large_image\" \/>\n<meta name=\"twitter:label1\" content=\"\u041f\u0440\u0438\u043c\u0435\u0440\u043d\u043e\u0435 \u0432\u0440\u0435\u043c\u044f \u0434\u043b\u044f \u0447\u0442\u0435\u043d\u0438\u044f\" \/>\n\t<meta name=\"twitter:data1\" content=\"1 \u043c\u0438\u043d\u0443\u0442\u0430\" \/>\n<script type=\"application\/ld+json\" class=\"yoast-schema-graph\">{\"@context\":\"https:\/\/schema.org\",\"@graph\":[{\"@type\":\"WebPage\",\"@id\":\"https:\/\/katanaimi.com\/ru\/shop\/custom-ranku-darbo-damasko-plieno-asmenu-virtuves-peiliu-rinkinys\/\",\"url\":\"https:\/\/katanaimi.com\/ru\/shop\/custom-ranku-darbo-damasko-plieno-asmenu-virtuves-peiliu-rinkinys\/\",\"name\":\"CUSTOM rank\u0173 darbo Damasko plieno a\u0161men\u0173 virtuv\u0117s peili\u0173 rinkinys - Katanami.com\",\"isPartOf\":{\"@id\":\"https:\/\/katanaimi.com\/#website\"},\"primaryImageOfPage\":{\"@id\":\"https:\/\/katanaimi.com\/ru\/shop\/custom-ranku-darbo-damasko-plieno-asmenu-virtuves-peiliu-rinkinys\/#primaryimage\"},\"image\":{\"@id\":\"https:\/\/katanaimi.com\/ru\/shop\/custom-ranku-darbo-damasko-plieno-asmenu-virtuves-peiliu-rinkinys\/#primaryimage\"},\"thumbnailUrl\":\"https:\/\/katanaimi.com\/wp-content\/uploads\/2024\/01\/IMG_3358-scaled.jpg\",\"datePublished\":\"2024-01-31T06:39:26+00:00\",\"dateModified\":\"2025-01-20T14:44:20+00:00\",\"breadcrumb\":{\"@id\":\"https:\/\/katanaimi.com\/ru\/shop\/custom-ranku-darbo-damasko-plieno-asmenu-virtuves-peiliu-rinkinys\/#breadcrumb\"},\"inLanguage\":\"ru-RU\",\"potentialAction\":[{\"@type\":\"ReadAction\",\"target\":[\"https:\/\/katanaimi.com\/ru\/shop\/custom-ranku-darbo-damasko-plieno-asmenu-virtuves-peiliu-rinkinys\/\"]}]},{\"@type\":\"ImageObject\",\"inLanguage\":\"ru-RU\",\"@id\":\"https:\/\/katanaimi.com\/ru\/shop\/custom-ranku-darbo-damasko-plieno-asmenu-virtuves-peiliu-rinkinys\/#primaryimage\",\"url\":\"https:\/\/katanaimi.com\/wp-content\/uploads\/2024\/01\/IMG_3358-scaled.jpg\",\"contentUrl\":\"https:\/\/katanaimi.com\/wp-content\/uploads\/2024\/01\/IMG_3358-scaled.jpg\",\"width\":2560,\"height\":2560},{\"@type\":\"BreadcrumbList\",\"@id\":\"https:\/\/katanaimi.com\/ru\/shop\/custom-ranku-darbo-damasko-plieno-asmenu-virtuves-peiliu-rinkinys\/#breadcrumb\",\"itemListElement\":[{\"@type\":\"ListItem\",\"position\":1,\"name\":\"Home\",\"item\":\"https:\/\/katanaimi.com\/lv\/\"},{\"@type\":\"ListItem\",\"position\":2,\"name\":\"\u041c\u0430\u0433\u0430\u0437\u0438\u043d\",\"item\":\"https:\/\/katanaimi.com\/ru\/%d0%bc%d0%b0%d0%b3%d0%b0%d0%b7%d0%b8%d0%bd\/\"},{\"@type\":\"ListItem\",\"position\":3,\"name\":\"CUSTOM rank\u0173 darbo Damasko plieno a\u0161men\u0173 virtuv\u0117s peili\u0173 rinkinys\"}]},{\"@type\":\"WebSite\",\"@id\":\"https:\/\/katanaimi.com\/#website\",\"url\":\"https:\/\/katanaimi.com\/\",\"name\":\"Katanami.com\",\"description\":\"Katanaimi: created out of a passion for the art of knife-making and a love of cooking.\",\"publisher\":{\"@id\":\"https:\/\/katanaimi.com\/#organization\"},\"potentialAction\":[{\"@type\":\"SearchAction\",\"target\":{\"@type\":\"EntryPoint\",\"urlTemplate\":\"https:\/\/katanaimi.com\/?s={search_term_string}\"},\"query-input\":{\"@type\":\"PropertyValueSpecification\",\"valueRequired\":true,\"valueName\":\"search_term_string\"}}],\"inLanguage\":\"ru-RU\"},{\"@type\":\"Organization\",\"@id\":\"https:\/\/katanaimi.com\/#organization\",\"name\":\"Katanami.com\",\"url\":\"https:\/\/katanaimi.com\/\",\"logo\":{\"@type\":\"ImageObject\",\"inLanguage\":\"ru-RU\",\"@id\":\"https:\/\/katanaimi.com\/#\/schema\/logo\/image\/\",\"url\":\"https:\/\/katanaimi.com\/wp-content\/uploads\/2021\/09\/logo-w.png\",\"contentUrl\":\"https:\/\/katanaimi.com\/wp-content\/uploads\/2021\/09\/logo-w.png\",\"width\":253,\"height\":108,\"caption\":\"Katanami.com\"},\"image\":{\"@id\":\"https:\/\/katanaimi.com\/#\/schema\/logo\/image\/\"}}]}<\/script>\n<!-- \/ Yoast SEO plugin. -->","yoast_head_json":{"title":"CUSTOM rank\u0173 darbo Damasko plieno a\u0161men\u0173 virtuv\u0117s peili\u0173 rinkinys - Katanami.com","robots":{"index":"index","follow":"follow","max-snippet":"max-snippet:-1","max-image-preview":"max-image-preview:large","max-video-preview":"max-video-preview:-1"},"canonical":"https:\/\/katanaimi.com\/ru\/shop\/custom-ranku-darbo-damasko-plieno-asmenu-virtuves-peiliu-rinkinys\/","og_locale":"ru_RU","og_type":"article","og_title":"CUSTOM rank\u0173 darbo Damasko plieno a\u0161men\u0173 virtuv\u0117s peili\u0173 rinkinys - Katanami.com","og_description":"\u0160ie peiliai yra 100% rank\u0173 darbo peilis. Pagaminti Pakistane.","og_url":"https:\/\/katanaimi.com\/ru\/shop\/custom-ranku-darbo-damasko-plieno-asmenu-virtuves-peiliu-rinkinys\/","og_site_name":"Katanami.com","article_modified_time":"2025-01-20T14:44:20+00:00","og_image":[{"width":2560,"height":2560,"url":"https:\/\/katanaimi.com\/wp-content\/uploads\/2024\/01\/IMG_3358-scaled.jpg","type":"image\/jpeg"}],"twitter_card":"summary_large_image","twitter_misc":{"\u041f\u0440\u0438\u043c\u0435\u0440\u043d\u043e\u0435 \u0432\u0440\u0435\u043c\u044f \u0434\u043b\u044f \u0447\u0442\u0435\u043d\u0438\u044f":"1 \u043c\u0438\u043d\u0443\u0442\u0430"},"schema":{"@context":"https:\/\/schema.org","@graph":[{"@type":"WebPage","@id":"https:\/\/katanaimi.com\/ru\/shop\/custom-ranku-darbo-damasko-plieno-asmenu-virtuves-peiliu-rinkinys\/","url":"https:\/\/katanaimi.com\/ru\/shop\/custom-ranku-darbo-damasko-plieno-asmenu-virtuves-peiliu-rinkinys\/","name":"CUSTOM rank\u0173 darbo Damasko plieno a\u0161men\u0173 virtuv\u0117s peili\u0173 rinkinys - Katanami.com","isPartOf":{"@id":"https:\/\/katanaimi.com\/#website"},"primaryImageOfPage":{"@id":"https:\/\/katanaimi.com\/ru\/shop\/custom-ranku-darbo-damasko-plieno-asmenu-virtuves-peiliu-rinkinys\/#primaryimage"},"image":{"@id":"https:\/\/katanaimi.com\/ru\/shop\/custom-ranku-darbo-damasko-plieno-asmenu-virtuves-peiliu-rinkinys\/#primaryimage"},"thumbnailUrl":"https:\/\/katanaimi.com\/wp-content\/uploads\/2024\/01\/IMG_3358-scaled.jpg","datePublished":"2024-01-31T06:39:26+00:00","dateModified":"2025-01-20T14:44:20+00:00","breadcrumb":{"@id":"https:\/\/katanaimi.com\/ru\/shop\/custom-ranku-darbo-damasko-plieno-asmenu-virtuves-peiliu-rinkinys\/#breadcrumb"},"inLanguage":"ru-RU","potentialAction":[{"@type":"ReadAction","target":["https:\/\/katanaimi.com\/ru\/shop\/custom-ranku-darbo-damasko-plieno-asmenu-virtuves-peiliu-rinkinys\/"]}]},{"@type":"ImageObject","inLanguage":"ru-RU","@id":"https:\/\/katanaimi.com\/ru\/shop\/custom-ranku-darbo-damasko-plieno-asmenu-virtuves-peiliu-rinkinys\/#primaryimage","url":"https:\/\/katanaimi.com\/wp-content\/uploads\/2024\/01\/IMG_3358-scaled.jpg","contentUrl":"https:\/\/katanaimi.com\/wp-content\/uploads\/2024\/01\/IMG_3358-scaled.jpg","width":2560,"height":2560},{"@type":"BreadcrumbList","@id":"https:\/\/katanaimi.com\/ru\/shop\/custom-ranku-darbo-damasko-plieno-asmenu-virtuves-peiliu-rinkinys\/#breadcrumb","itemListElement":[{"@type":"ListItem","position":1,"name":"Home","item":"https:\/\/katanaimi.com\/lv\/"},{"@type":"ListItem","position":2,"name":"\u041c\u0430\u0433\u0430\u0437\u0438\u043d","item":"https:\/\/katanaimi.com\/ru\/%d0%bc%d0%b0%d0%b3%d0%b0%d0%b7%d0%b8%d0%bd\/"},{"@type":"ListItem","position":3,"name":"CUSTOM rank\u0173 darbo Damasko plieno a\u0161men\u0173 virtuv\u0117s peili\u0173 rinkinys"}]},{"@type":"WebSite","@id":"https:\/\/katanaimi.com\/#website","url":"https:\/\/katanaimi.com\/","name":"Katanami.com","description":"Katanaimi: created out of a passion for the art of knife-making and a love of cooking.","publisher":{"@id":"https:\/\/katanaimi.com\/#organization"},"potentialAction":[{"@type":"SearchAction","target":{"@type":"EntryPoint","urlTemplate":"https:\/\/katanaimi.com\/?s={search_term_string}"},"query-input":{"@type":"PropertyValueSpecification","valueRequired":true,"valueName":"search_term_string"}}],"inLanguage":"ru-RU"},{"@type":"Organization","@id":"https:\/\/katanaimi.com\/#organization","name":"Katanami.com","url":"https:\/\/katanaimi.com\/","logo":{"@type":"ImageObject","inLanguage":"ru-RU","@id":"https:\/\/katanaimi.com\/#\/schema\/logo\/image\/","url":"https:\/\/katanaimi.com\/wp-content\/uploads\/2021\/09\/logo-w.png","contentUrl":"https:\/\/katanaimi.com\/wp-content\/uploads\/2021\/09\/logo-w.png","width":253,"height":108,"caption":"Katanami.com"},"image":{"@id":"https:\/\/katanaimi.com\/#\/schema\/logo\/image\/"}}]}},"_links":{"self":[{"href":"https:\/\/katanaimi.com\/ru\/wp-json\/wp\/v2\/product\/3552","targetHints":{"allow":["GET"]}}],"collection":[{"href":"https:\/\/katanaimi.com\/ru\/wp-json\/wp\/v2\/product"}],"about":[{"href":"https:\/\/katanaimi.com\/ru\/wp-json\/wp\/v2\/types\/product"}],"wp:featuredmedia":[{"embeddable":true,"href":"https:\/\/katanaimi.com\/ru\/wp-json\/wp\/v2\/media\/3588"}],"wp:attachment":[{"href":"https:\/\/katanaimi.com\/ru\/wp-json\/wp\/v2\/media?parent=3552"}],"wp:term":[{"taxonomy":"product_cat","embeddable":true,"href":"https:\/\/katanaimi.com\/ru\/wp-json\/wp\/v2\/product_cat?post=3552"},{"taxonomy":"product_tag","embeddable":true,"href":"https:\/\/katanaimi.com\/ru\/wp-json\/wp\/v2\/product_tag?post=3552"},{"taxonomy":"giftcard-category","embeddable":true,"href":"https:\/\/katanaimi.com\/ru\/wp-json\/wp\/v2\/giftcard-category?post=3552"}],"curies":[{"name":"wp","href":"https:\/\/api.w.org\/{rel}","templated":true}]}}